{"id":326,"date":"2021-11-26T18:46:58","date_gmt":"2021-11-26T18:46:58","guid":{"rendered":"https:\/\/locacaoferramentas.com.br\/?post_type=product&#038;p=326"},"modified":"2024-08-02T18:17:29","modified_gmt":"2024-08-02T18:17:29","slug":"betoneira-400l-motor-220v-monofasico-2cv-4p-csm","status":"publish","type":"product","link":"https:\/\/locacaoferramentas.com.br\/index.php\/product\/betoneira-400l-motor-220v-monofasico-2cv-4p-csm\/","title":{"rendered":"BETONEIRA 400L MOTOR 220V- MONOF\u00c1SICO 2CV 4P &#8211; CSM"},"content":{"rendered":"<h2>BETONEIRA 400L MOTOR 220V- MONOF\u00c1SICO 2CV CSM<\/h2>\n<p>A BETONEIRA PROFISSIONAL 400L CONTA COM CONE SUPERIOR DE 2,00 MM E CONE INFERIOR DE 2,65 MM, ENTREGANDO TAMB\u00c9M SIMPLES OPERA\u00c7\u00c3O E MANUTEN\u00c7\u00c3O. CONSTITU\u00cdDA COM PINH\u00c3O E CREMALHEIRA EM FERRO FUNDIDO NODULAR, SOLDA ROBOTIZADA PARA UNI\u00c3O DE PARTES DA BETONEIRA, UNI\u00c3O DO TAMBOR POR ENCRAVAMENTO, ACABAMENTO DE PINTURA ELETROST\u00c1TICA. COM 3 P\u00c1S E TAMBOR COM FUNDO PLAINADO (RETO) PARA EFICI\u00caNCIA NA HOMOGENEIZA\u00c7\u00c3O DA MISTURA. POSSUI MOTOR WEG E PAINEL COM REDU\u00c7\u00c3O DE TENS\u00c3O DE 24V NA CHAVE LIGA\/DESLIGA, 2 CORREIAS E POLIA DE ALUM\u00cdNIO.<\/p>\n<p>ESPECIFICA\u00c7\u00d5ES:<\/p>\n<p>Capacidade do tambor: 400 Litros<\/p>\n<p>Capacidade de mistura: 280 Litros<\/p>\n<p>No aproximado de ciclos\/hora: 12\/h<\/p>\n<p>Produ\u00e7\u00e3o hor\u00e1ria aproximada: 4.1 m3<\/p>\n<p>Rota\u00e7\u00e3o do tambor: 26 RPM<\/p>\n<p>Pot\u00eancia do motor: 2,0 CV (IV P\u00f3los)<\/p>\n<p>Tens\u00e3o monof\u00e1sica:\u00a0 220V<\/p>\n<p>Caixa do Motor: Pl\u00e1stico resistente<\/p>\n<p>Frequ\u00eancia: 60 Hz<\/p>\n<p>Transmiss\u00e3o por correia tipo \u201cV\u201d: A 44<\/p>\n<h4>V\u00eddeo explicativo<\/h4>\n<p>Confira no v\u00eddeo abaixo mais informa\u00e7\u00f5es sobre o equipamento:<\/p>\n<p><iframe loading=\"lazy\" title=\"A Melhor Betoneira do Brasil PROFISSIONAL 400 Litros | CSM\" width=\"1220\" height=\"686\" src=\"https:\/\/www.youtube.com\/embed\/9XdaGTNVqqc?feature=oembed\" frameborder=\"0\" allow=\"accelerometer; autoplay; clipboard-write; encrypted-media; gyroscope; picture-in-picture; web-share\" referrerpolicy=\"strict-origin-when-cross-origin\" allowfullscreen><\/iframe><\/p>\n<p>&nbsp;<\/p>\n<h4>Imagens adicionais<\/h4>\n<p><img loading=\"lazy\" decoding=\"async\" class=\"alignnone size-medium wp-image-327\" src=\"https:\/\/locacaoferramentas.com.br\/wp-content\/uploads\/2021\/11\/9bb2b5eb0619fafff83d7090b5c49d02-300x291.jpg\" alt=\"\" width=\"300\" height=\"291\" \/><img loading=\"lazy\" decoding=\"async\" class=\"alignnone size-medium wp-image-328\" src=\"https:\/\/locacaoferramentas.com.br\/wp-content\/uploads\/2021\/11\/1899c83c8501b5ab24973ce1cfb911ad-300x300.jpg\" alt=\"\" width=\"300\" height=\"300\" srcset=\"https:\/\/locacaoferramentas.com.br\/wp-content\/uploads\/2021\/11\/1899c83c8501b5ab24973ce1cfb911ad-300x300.jpg 300w, https:\/\/locacaoferramentas.com.br\/wp-content\/uploads\/2021\/11\/1899c83c8501b5ab24973ce1cfb911ad-150x150.jpg 150w, https:\/\/locacaoferramentas.com.br\/wp-content\/uploads\/2021\/11\/1899c83c8501b5ab24973ce1cfb911ad-146x146.jpg 146w, https:\/\/locacaoferramentas.com.br\/wp-content\/uploads\/2021\/11\/1899c83c8501b5ab24973ce1cfb911ad-50x50.jpg 50w, https:\/\/locacaoferramentas.com.br\/wp-content\/uploads\/2021\/11\/1899c83c8501b5ab24973ce1cfb911ad-75x75.jpg 75w, https:\/\/locacaoferramentas.com.br\/wp-content\/uploads\/2021\/11\/1899c83c8501b5ab24973ce1cfb911ad-85x85.jpg 85w, https:\/\/locacaoferramentas.com.br\/wp-content\/uploads\/2021\/11\/1899c83c8501b5ab24973ce1cfb911ad-80x80.jpg 80w, https:\/\/locacaoferramentas.com.br\/wp-content\/uploads\/2021\/11\/1899c83c8501b5ab24973ce1cfb911ad.jpg 463w\" sizes=\"auto, (max-width: 300px) 100vw, 300px\" \/> <img loading=\"lazy\" decoding=\"async\" class=\"alignnone size-medium wp-image-330\" src=\"https:\/\/locacaoferramentas.com.br\/wp-content\/uploads\/2021\/11\/c92445718ffa76de68ec28ba04a97735-1-300x300.jpg\" alt=\"\" width=\"300\" height=\"300\" srcset=\"https:\/\/locacaoferramentas.com.br\/wp-content\/uploads\/2021\/11\/c92445718ffa76de68ec28ba04a97735-1-300x300.jpg 300w, https:\/\/locacaoferramentas.com.br\/wp-content\/uploads\/2021\/11\/c92445718ffa76de68ec28ba04a97735-1-150x150.jpg 150w, https:\/\/locacaoferramentas.com.br\/wp-content\/uploads\/2021\/11\/c92445718ffa76de68ec28ba04a97735-1-146x146.jpg 146w, https:\/\/locacaoferramentas.com.br\/wp-content\/uploads\/2021\/11\/c92445718ffa76de68ec28ba04a97735-1-50x50.jpg 50w, https:\/\/locacaoferramentas.com.br\/wp-content\/uploads\/2021\/11\/c92445718ffa76de68ec28ba04a97735-1-75x75.jpg 75w, https:\/\/locacaoferramentas.com.br\/wp-content\/uploads\/2021\/11\/c92445718ffa76de68ec28ba04a97735-1-85x85.jpg 85w, https:\/\/locacaoferramentas.com.br\/wp-content\/uploads\/2021\/11\/c92445718ffa76de68ec28ba04a97735-1-80x80.jpg 80w, https:\/\/locacaoferramentas.com.br\/wp-content\/uploads\/2021\/11\/c92445718ffa76de68ec28ba04a97735-1.jpg 463w\" sizes=\"auto, (max-width: 300px) 100vw, 300px\" \/><\/p>\n","protected":false},"excerpt":{"rendered":"<p>A betoneira 1 Tra\u00e7o Profissional 400 Litros \u00e9 adequada para todos os tipos de obras. Betoneira de f\u00e1cil opera\u00e7\u00e3o e transporte, proporciona maior produtividade e oferece um excelente custo-benef\u00edcio.<\/p>\n<h4>Valores:<\/h4>\n<p><strong>Di\u00e1ria<\/strong>: R$ 80,00<br \/>\n<strong>7 dias<\/strong>: R$ 240,00<br \/>\n<strong>15 dias<\/strong>: R$ 400,00<br \/>\n<strong>30 dias<\/strong>: R$ 600,00<\/p>\n","protected":false},"featured_media":327,"template":"","meta":[],"product_cat":[20,18,17],"product_tag":[],"class_list":["post-326","product","type-product","status-publish","has-post-thumbnail","hentry","product_cat-alvenaria","product_cat-betoneiras","product_cat-equipamentos-eletricos"],"_links":{"self":[{"href":"https:\/\/locacaoferramentas.com.br\/index.php\/wp-json\/wp\/v2\/product\/326","targetHints":{"allow":["GET"]}}],"collection":[{"href":"https:\/\/locacaoferramentas.com.br\/index.php\/wp-json\/wp\/v2\/product"}],"about":[{"href":"https:\/\/locacaoferramentas.com.br\/index.php\/wp-json\/wp\/v2\/types\/product"}],"version-history":[{"count":4,"href":"https:\/\/locacaoferramentas.com.br\/index.php\/wp-json\/wp\/v2\/product\/326\/revisions"}],"predecessor-version":[{"id":907,"href":"https:\/\/locacaoferramentas.com.br\/index.php\/wp-json\/wp\/v2\/product\/326\/revisions\/907"}],"wp:featuredmedia":[{"embeddable":true,"href":"https:\/\/locacaoferramentas.com.br\/index.php\/wp-json\/wp\/v2\/media\/327"}],"wp:attachment":[{"href":"https:\/\/locacaoferramentas.com.br\/index.php\/wp-json\/wp\/v2\/media?parent=326"}],"wp:term":[{"taxonomy":"product_cat","embeddable":true,"href":"https:\/\/locacaoferramentas.com.br\/index.php\/wp-json\/wp\/v2\/product_cat?post=326"},{"taxonomy":"product_tag","embeddable":true,"href":"https:\/\/locacaoferramentas.com.br\/index.php\/wp-json\/wp\/v2\/product_tag?post=326"}],"curies":[{"name":"wp","href":"https:\/\/api.w.org\/{rel}","templated":true}]}}