{"id":335,"date":"2021-11-26T19:35:59","date_gmt":"2021-11-26T19:35:59","guid":{"rendered":"https:\/\/locacaoferramentas.com.br\/?post_type=product&#038;p=335"},"modified":"2024-08-02T18:03:49","modified_gmt":"2024-08-02T18:03:49","slug":"betoneira-250l-motor-220v-monofasico-1cv-menegotti","status":"publish","type":"product","link":"https:\/\/locacaoferramentas.com.br\/index.php\/product\/betoneira-250l-motor-220v-monofasico-1cv-menegotti\/","title":{"rendered":"BETONEIRA 250L MOTOR 220V- MONOF\u00c1SICO 1CV &#8211; MENEGOTTI"},"content":{"rendered":"<h2>BETONEIRA 250L MOTOR 220V- MONOF\u00c1SICO 1CV &#8211; MENEGOTTI<\/h2>\n<h4><\/h4>\n<p>ESPECIFICA\u00c7\u00d5ES:<\/p>\n<p>Capacidade do tambor: 250 Litros<\/p>\n<p>Capacidade de mistura: 175 Litros<\/p>\n<p>No aproximado de ciclos\/hora: 15\/h<\/p>\n<p>Produ\u00e7\u00e3o hor\u00e1ria aproximada: 3 m3<\/p>\n<p>Rota\u00e7\u00e3o do tambor: 30 RPM<\/p>\n<p>Pot\u00eancia do motor: 1,0 CV<\/p>\n<p>Tens\u00e3o monof\u00e1sica:\u00a0 220V<\/p>\n<p>Caixa do Motor: Pl\u00e1stico resistente<\/p>\n<p>Frequ\u00eancia: 60 Hz<\/p>\n<p>Transmiss\u00e3o por correia tipo \u201cV\u201d A-46<\/p>\n<h2><img loading=\"lazy\" decoding=\"async\" class=\"alignnone size-medium wp-image-339\" src=\"https:\/\/locacaoferramentas.com.br\/wp-content\/uploads\/2021\/11\/9a976f6d88d62aa395bd4c96d58c194c-2-300x255.jpg\" alt=\"\" width=\"300\" height=\"255\" srcset=\"https:\/\/locacaoferramentas.com.br\/wp-content\/uploads\/2021\/11\/9a976f6d88d62aa395bd4c96d58c194c-2-300x255.jpg 300w, https:\/\/locacaoferramentas.com.br\/wp-content\/uploads\/2021\/11\/9a976f6d88d62aa395bd4c96d58c194c-2-172x146.jpg 172w, https:\/\/locacaoferramentas.com.br\/wp-content\/uploads\/2021\/11\/9a976f6d88d62aa395bd4c96d58c194c-2-50x43.jpg 50w, https:\/\/locacaoferramentas.com.br\/wp-content\/uploads\/2021\/11\/9a976f6d88d62aa395bd4c96d58c194c-2-88x75.jpg 88w, https:\/\/locacaoferramentas.com.br\/wp-content\/uploads\/2021\/11\/9a976f6d88d62aa395bd4c96d58c194c-2.jpg 449w\" sizes=\"auto, (max-width: 300px) 100vw, 300px\" \/><\/h2>\n<h4>V\u00eddeo explicativo<\/h4>\n<p>Confira no v\u00eddeo abaixo mais informa\u00e7\u00f5es sobre o equipamento:<\/p>\n<p><iframe loading=\"lazy\" title=\"Pra quem entende de Obras, Betoneiras \u00e9 Menegotti\" width=\"1220\" height=\"686\" src=\"https:\/\/www.youtube.com\/embed\/s4HbRPvGYF8?feature=oembed\" frameborder=\"0\" allow=\"accelerometer; autoplay; clipboard-write; encrypted-media; gyroscope; picture-in-picture; web-share\" referrerpolicy=\"strict-origin-when-cross-origin\" allowfullscreen><\/iframe><\/p>\n<p>&nbsp;<\/p>\n<h4>Imagens adicionais<\/h4>\n<p>&nbsp;<\/p>\n","protected":false},"excerpt":{"rendered":"<h4><\/h4>\n<p>A Betoneira Monof\u00e1sica Menegotti Prime possui capacidade total de 250 litros! Ela garante um trabalho eficiente, capacidade de mistura de 200 litros e rendimento final mistura de 175 litros.<\/p>\n<h4>Valores:<\/h4>\n<p><strong>Di\u00e1ria<\/strong>: R$ 60,00<br \/>\n<strong>7 dias<\/strong>: R$ 180,00<br \/>\n<strong>15 dias<\/strong>: R$ 300,00<br \/>\n<strong>30 dias<\/strong>: R$ 450,00<\/p>\n","protected":false},"featured_media":486,"template":"","meta":[],"product_cat":[20,18,17],"product_tag":[],"class_list":["post-335","product","type-product","status-publish","has-post-thumbnail","hentry","product_cat-alvenaria","product_cat-betoneiras","product_cat-equipamentos-eletricos"],"_links":{"self":[{"href":"https:\/\/locacaoferramentas.com.br\/index.php\/wp-json\/wp\/v2\/product\/335","targetHints":{"allow":["GET"]}}],"collection":[{"href":"https:\/\/locacaoferramentas.com.br\/index.php\/wp-json\/wp\/v2\/product"}],"about":[{"href":"https:\/\/locacaoferramentas.com.br\/index.php\/wp-json\/wp\/v2\/types\/product"}],"version-history":[{"count":6,"href":"https:\/\/locacaoferramentas.com.br\/index.php\/wp-json\/wp\/v2\/product\/335\/revisions"}],"predecessor-version":[{"id":906,"href":"https:\/\/locacaoferramentas.com.br\/index.php\/wp-json\/wp\/v2\/product\/335\/revisions\/906"}],"wp:featuredmedia":[{"embeddable":true,"href":"https:\/\/locacaoferramentas.com.br\/index.php\/wp-json\/wp\/v2\/media\/486"}],"wp:attachment":[{"href":"https:\/\/locacaoferramentas.com.br\/index.php\/wp-json\/wp\/v2\/media?parent=335"}],"wp:term":[{"taxonomy":"product_cat","embeddable":true,"href":"https:\/\/locacaoferramentas.com.br\/index.php\/wp-json\/wp\/v2\/product_cat?post=335"},{"taxonomy":"product_tag","embeddable":true,"href":"https:\/\/locacaoferramentas.com.br\/index.php\/wp-json\/wp\/v2\/product_tag?post=335"}],"curies":[{"name":"wp","href":"https:\/\/api.w.org\/{rel}","templated":true}]}}