{"id":343,"date":"2021-11-27T12:24:51","date_gmt":"2021-11-27T12:24:51","guid":{"rendered":"https:\/\/locacaoferramentas.com.br\/?post_type=product&#038;p=343"},"modified":"2022-01-04T11:16:45","modified_gmt":"2022-01-04T11:16:45","slug":"compactador-percussao-a-gasolina-36-hp-4-tempos-vonder","status":"publish","type":"product","link":"https:\/\/locacaoferramentas.com.br\/index.php\/product\/compactador-percussao-a-gasolina-36-hp-4-tempos-vonder\/","title":{"rendered":"COMPACTADOR PERCUSS\u00c3O A GASOLINA- 3,6 HP, 4 TEMPOS &#8211; VONDER"},"content":{"rendered":"<h3>COMPACTADOR PERCUSS\u00c3O A GASOLINA- 3,6 HP, 4 TEMPOS &#8211; VONDER<\/h3>\n<h4><\/h4>\n<p>ESPECIFICA\u00c7\u00d5ES:<\/p>\n<p>Pot\u00eancia: 3,6 hp<\/p>\n<p>Tipo de motor a combust\u00e3o: 4 tempos &#8211; refrigerado a ar<\/p>\n<p>Sistema de partida: Manual retr\u00e1til<\/p>\n<p>Combust\u00edvel: Gasolina comum<\/p>\n<p>Capacidade do tanque de combust\u00edvel: 2,8 litros<\/p>\n<p>Capacidade de \u00f3leo no c\u00e1rter: 300 ml<\/p>\n<p>For\u00e7a de impacto: 13 kN<\/p>\n<p>Dimens\u00f5es da sapata: 330 mm x 285 mm;Dimens\u00f5es (C x L x A): 705 mm x 345 mm x 1055 mm<\/p>\n<p><a href=\"https:\/\/locacaoferramentas.com.br\/wp-content\/uploads\/2021\/11\/co2-1.webp\"><img loading=\"lazy\" decoding=\"async\" class=\"alignnone size-medium wp-image-347\" src=\"https:\/\/locacaoferramentas.com.br\/wp-content\/uploads\/2021\/11\/co2-1-172x300.webp\" alt=\"\" width=\"172\" height=\"300\" \/><\/a> <img loading=\"lazy\" decoding=\"async\" class=\"alignnone size-medium wp-image-348\" src=\"https:\/\/locacaoferramentas.com.br\/wp-content\/uploads\/2021\/11\/co3-1-273x300.webp\" alt=\"\" width=\"273\" height=\"300\" srcset=\"https:\/\/locacaoferramentas.com.br\/wp-content\/uploads\/2021\/11\/co3-1-273x300.webp 273w, https:\/\/locacaoferramentas.com.br\/wp-content\/uploads\/2021\/11\/co3-1-932x1024.webp 932w, https:\/\/locacaoferramentas.com.br\/wp-content\/uploads\/2021\/11\/co3-1-768x844.webp 768w, https:\/\/locacaoferramentas.com.br\/wp-content\/uploads\/2021\/11\/co3-1-133x146.webp 133w, https:\/\/locacaoferramentas.com.br\/wp-content\/uploads\/2021\/11\/co3-1-45x50.webp 45w, https:\/\/locacaoferramentas.com.br\/wp-content\/uploads\/2021\/11\/co3-1-68x75.webp 68w, https:\/\/locacaoferramentas.com.br\/wp-content\/uploads\/2021\/11\/co3-1-800x879.webp 800w, https:\/\/locacaoferramentas.com.br\/wp-content\/uploads\/2021\/11\/co3-1.webp 1000w\" sizes=\"auto, (max-width: 273px) 100vw, 273px\" \/> <img loading=\"lazy\" decoding=\"async\" class=\"alignnone size-medium wp-image-349\" src=\"https:\/\/locacaoferramentas.com.br\/wp-content\/uploads\/2021\/11\/co1-1-212x300.webp\" alt=\"\" width=\"212\" height=\"300\" srcset=\"https:\/\/locacaoferramentas.com.br\/wp-content\/uploads\/2021\/11\/co1-1-212x300.webp 212w, https:\/\/locacaoferramentas.com.br\/wp-content\/uploads\/2021\/11\/co1-1-103x146.webp 103w, https:\/\/locacaoferramentas.com.br\/wp-content\/uploads\/2021\/11\/co1-1-35x50.webp 35w, https:\/\/locacaoferramentas.com.br\/wp-content\/uploads\/2021\/11\/co1-1-53x75.webp 53w, https:\/\/locacaoferramentas.com.br\/wp-content\/uploads\/2021\/11\/co1-1.webp 708w\" sizes=\"auto, (max-width: 212px) 100vw, 212px\" \/><\/p>\n<h4>V\u00eddeo explicativo<\/h4>\n<p>Confira no v\u00eddeo abaixo mais informa\u00e7\u00f5es sobre o equipamento:<\/p>\n<p><iframe loading=\"lazy\" title=\"Como utilizar o Compactador de Percuss\u00e3o - Vertical Loca\u00e7\u00f5es\" width=\"1220\" height=\"686\" src=\"https:\/\/www.youtube.com\/embed\/IF_j96r2vcQ?feature=oembed\" frameborder=\"0\" allow=\"accelerometer; autoplay; clipboard-write; encrypted-media; gyroscope; picture-in-picture\" allowfullscreen><\/iframe><\/p>\n<p>&nbsp;<\/p>\n<h4>Imagens adicionais<\/h4>\n<p><a href=\"https:\/\/locacaoferramentas.com.br\/wp-content\/uploads\/2021\/11\/co2-2.webp\"><img loading=\"lazy\" decoding=\"async\" class=\"alignnone size-medium wp-image-350\" src=\"https:\/\/locacaoferramentas.com.br\/wp-content\/uploads\/2021\/11\/co2-2-172x300.webp\" alt=\"\" width=\"172\" height=\"300\" srcset=\"https:\/\/locacaoferramentas.com.br\/wp-content\/uploads\/2021\/11\/co2-2-172x300.webp 172w, https:\/\/locacaoferramentas.com.br\/wp-content\/uploads\/2021\/11\/co2-2-84x146.webp 84w, https:\/\/locacaoferramentas.com.br\/wp-content\/uploads\/2021\/11\/co2-2-29x50.webp 29w, https:\/\/locacaoferramentas.com.br\/wp-content\/uploads\/2021\/11\/co2-2-43x75.webp 43w, https:\/\/locacaoferramentas.com.br\/wp-content\/uploads\/2021\/11\/co2-2.webp 286w\" sizes=\"auto, (max-width: 172px) 100vw, 172px\" \/><\/a><\/p>\n","protected":false},"excerpt":{"rendered":"<h4><\/h4>\n<p>Utilizado na constru\u00e7\u00e3o civil para compacta\u00e7\u00e3o de terra, areia, brita, entre outros. Ideal para nivelar e aprofundar solos compactos e de cascalhos, evitando a sedimenta\u00e7\u00e3o e proporcionando uma base s\u00f3lida para a coloca\u00e7\u00e3o de alicerces, lajes de concreto, obras de tubula\u00e7\u00e3o de g\u00e1s, tubula\u00e7\u00e3o de \u00e1gua, funda\u00e7\u00f5es, meios fios de cal\u00e7adas, entre outros.<\/p>\n<h4>Valores:<\/h4>\n<p><strong>Di\u00e1ria<\/strong>: R$ 170,00<br \/>\n<strong>7 dias<\/strong>: R$ 500,00<br \/>\n<strong>15 dias<\/strong>: R$ 1.000,00<br \/>\n<strong>30 dias<\/strong>: R$ 1.700,00<\/p>\n","protected":false},"featured_media":347,"template":"","meta":[],"product_cat":[20,21,22],"product_tag":[],"class_list":["post-343","product","type-product","status-publish","has-post-thumbnail","hentry","product_cat-alvenaria","product_cat-compactadores","product_cat-equipamentos-a-combustao"],"_links":{"self":[{"href":"https:\/\/locacaoferramentas.com.br\/index.php\/wp-json\/wp\/v2\/product\/343","targetHints":{"allow":["GET"]}}],"collection":[{"href":"https:\/\/locacaoferramentas.com.br\/index.php\/wp-json\/wp\/v2\/product"}],"about":[{"href":"https:\/\/locacaoferramentas.com.br\/index.php\/wp-json\/wp\/v2\/types\/product"}],"version-history":[{"count":5,"href":"https:\/\/locacaoferramentas.com.br\/index.php\/wp-json\/wp\/v2\/product\/343\/revisions"}],"predecessor-version":[{"id":647,"href":"https:\/\/locacaoferramentas.com.br\/index.php\/wp-json\/wp\/v2\/product\/343\/revisions\/647"}],"wp:featuredmedia":[{"embeddable":true,"href":"https:\/\/locacaoferramentas.com.br\/index.php\/wp-json\/wp\/v2\/media\/347"}],"wp:attachment":[{"href":"https:\/\/locacaoferramentas.com.br\/index.php\/wp-json\/wp\/v2\/media?parent=343"}],"wp:term":[{"taxonomy":"product_cat","embeddable":true,"href":"https:\/\/locacaoferramentas.com.br\/index.php\/wp-json\/wp\/v2\/product_cat?post=343"},{"taxonomy":"product_tag","embeddable":true,"href":"https:\/\/locacaoferramentas.com.br\/index.php\/wp-json\/wp\/v2\/product_tag?post=343"}],"curies":[{"name":"wp","href":"https:\/\/api.w.org\/{rel}","templated":true}]}}