{"id":353,"date":"2021-11-27T12:30:14","date_gmt":"2021-11-27T12:30:14","guid":{"rendered":"https:\/\/locacaoferramentas.com.br\/?post_type=product&#038;p=353"},"modified":"2026-01-05T20:52:18","modified_gmt":"2026-01-05T20:52:18","slug":"compactador-vibratorio-a-gasolina-59-hp-4-tempos-vonder","status":"publish","type":"product","link":"https:\/\/locacaoferramentas.com.br\/index.php\/product\/compactador-vibratorio-a-gasolina-59-hp-4-tempos-vonder\/","title":{"rendered":"COMPACTADOR VIBRAT\u00d3RIO A GASOLINA &#8211; 5,9 HP -4 TEMPOS &#8211; VONDER"},"content":{"rendered":"<h2>Compactador Vibrat\u00f3rio A Gasolina &#8211; 5,9 Hp -4 Tempos -Vonder<\/h2>\n<h4><\/h4>\n<p>ESPECIFICA\u00c7\u00d5ES:<\/p>\n<p>Pot\u00eancia: 5,9 hp<\/p>\n<p>Tipo de motor a combust\u00e3o: 4 tempos &#8211; refrigerado a ar<\/p>\n<p>Sistema de partida: Manual retr\u00e1til<\/p>\n<p>Combust\u00edvel: Gasolina comum<\/p>\n<p>Capacidade do tanque de combust\u00edvel: 3,6 litros<\/p>\n<p>Capacidade de \u00f3leo no c\u00e1rter: 600 ml<\/p>\n<p>N\u00famero de vibra\u00e7\u00f5es por minuto (vpm): 5.500\/min<\/p>\n<p>For\u00e7a de impacto: 13 kN<\/p>\n<p>Profundidade de compacta\u00e7\u00e3o: 30 cm<\/p>\n<p>Velocidade de deslocamento: 24 m\/min<\/p>\n<p>Rendimento aproximado: 660 m\u00b2\/h<\/p>\n<p>Dimens\u00f5es da placa: 530 mm x 500 mm<\/p>\n<p><a href=\"https:\/\/locacaoferramentas.com.br\/wp-content\/uploads\/2021\/11\/D_NQ_NP_734054-MLB40098929756_122019-O.webp\"><img loading=\"lazy\" decoding=\"async\" class=\"alignnone size-medium wp-image-354\" src=\"https:\/\/locacaoferramentas.com.br\/wp-content\/uploads\/2021\/11\/D_NQ_NP_734054-MLB40098929756_122019-O-283x300.webp\" alt=\"\" width=\"283\" height=\"300\" srcset=\"https:\/\/locacaoferramentas.com.br\/wp-content\/uploads\/2021\/11\/D_NQ_NP_734054-MLB40098929756_122019-O-283x300.webp 283w, https:\/\/locacaoferramentas.com.br\/wp-content\/uploads\/2021\/11\/D_NQ_NP_734054-MLB40098929756_122019-O-138x146.webp 138w, https:\/\/locacaoferramentas.com.br\/wp-content\/uploads\/2021\/11\/D_NQ_NP_734054-MLB40098929756_122019-O-47x50.webp 47w, https:\/\/locacaoferramentas.com.br\/wp-content\/uploads\/2021\/11\/D_NQ_NP_734054-MLB40098929756_122019-O-71x75.webp 71w, https:\/\/locacaoferramentas.com.br\/wp-content\/uploads\/2021\/11\/D_NQ_NP_734054-MLB40098929756_122019-O.webp 471w\" sizes=\"auto, (max-width: 283px) 100vw, 283px\" \/><\/a> <img loading=\"lazy\" decoding=\"async\" class=\"alignnone size-medium wp-image-355\" src=\"https:\/\/locacaoferramentas.com.br\/wp-content\/uploads\/2021\/11\/D_NQ_NP_671851-MLB40098929755_122019-O-300x300.webp\" alt=\"\" width=\"300\" height=\"300\" srcset=\"https:\/\/locacaoferramentas.com.br\/wp-content\/uploads\/2021\/11\/D_NQ_NP_671851-MLB40098929755_122019-O-300x300.webp 300w, https:\/\/locacaoferramentas.com.br\/wp-content\/uploads\/2021\/11\/D_NQ_NP_671851-MLB40098929755_122019-O-150x150.webp 150w, https:\/\/locacaoferramentas.com.br\/wp-content\/uploads\/2021\/11\/D_NQ_NP_671851-MLB40098929755_122019-O-146x146.webp 146w, https:\/\/locacaoferramentas.com.br\/wp-content\/uploads\/2021\/11\/D_NQ_NP_671851-MLB40098929755_122019-O-50x50.webp 50w, https:\/\/locacaoferramentas.com.br\/wp-content\/uploads\/2021\/11\/D_NQ_NP_671851-MLB40098929755_122019-O-75x75.webp 75w, https:\/\/locacaoferramentas.com.br\/wp-content\/uploads\/2021\/11\/D_NQ_NP_671851-MLB40098929755_122019-O-85x85.webp 85w, https:\/\/locacaoferramentas.com.br\/wp-content\/uploads\/2021\/11\/D_NQ_NP_671851-MLB40098929755_122019-O-80x80.webp 80w, https:\/\/locacaoferramentas.com.br\/wp-content\/uploads\/2021\/11\/D_NQ_NP_671851-MLB40098929755_122019-O.webp 500w\" sizes=\"auto, (max-width: 300px) 100vw, 300px\" \/> <img loading=\"lazy\" decoding=\"async\" class=\"alignnone size-medium wp-image-356\" src=\"https:\/\/locacaoferramentas.com.br\/wp-content\/uploads\/2021\/11\/D_NQ_NP_702889-MLB40098929754_122019-O-242x300.webp\" alt=\"\" width=\"242\" height=\"300\" \/><\/p>\n<p>&nbsp;<\/p>\n<h4>V\u00eddeo explicativo<\/h4>\n<p>Confira no v\u00eddeo abaixo mais informa\u00e7\u00f5es sobre o equipamento:<\/p>\n<p>&nbsp;<\/p>\n<h4>Imagens adicionais<\/h4>\n<p>&nbsp;<\/p>\n","protected":false},"excerpt":{"rendered":"<h4><\/h4>\n<p>Indicado para compacta\u00e7\u00e3o de materiais betuminosos (asfalto) e granulares (brita, cascalho, pedra, entre outros). Utilizado na compacta\u00e7\u00e3o e manuten\u00e7\u00e3o de estradas, alinhamento de paver, terraplanagem, paisagismo, entre outros.<br \/>\nPossui alta efici\u00eancia, f\u00e1cil manuseio e velocidade vari\u00e1vel. Conta com reservat\u00f3rio de \u00e1gua.<\/p>\n<h4>Valores:<\/h4>\n<p><strong>Di\u00e1ria<\/strong>: R$ 120,00<br \/>\n<strong>7 dias<\/strong>: R$ 480,00<br \/>\n<strong>15 dias<\/strong>: R$ 840,00<br \/>\n<strong>30 dias<\/strong>: R$ 1200,00<\/p>\n","protected":false},"featured_media":356,"template":"","meta":[],"product_cat":[20,21,22],"product_tag":[],"class_list":["post-353","product","type-product","status-publish","has-post-thumbnail","hentry","product_cat-alvenaria","product_cat-compactadores","product_cat-equipamentos-a-combustao"],"_links":{"self":[{"href":"https:\/\/locacaoferramentas.com.br\/index.php\/wp-json\/wp\/v2\/product\/353","targetHints":{"allow":["GET"]}}],"collection":[{"href":"https:\/\/locacaoferramentas.com.br\/index.php\/wp-json\/wp\/v2\/product"}],"about":[{"href":"https:\/\/locacaoferramentas.com.br\/index.php\/wp-json\/wp\/v2\/types\/product"}],"version-history":[{"count":6,"href":"https:\/\/locacaoferramentas.com.br\/index.php\/wp-json\/wp\/v2\/product\/353\/revisions"}],"predecessor-version":[{"id":963,"href":"https:\/\/locacaoferramentas.com.br\/index.php\/wp-json\/wp\/v2\/product\/353\/revisions\/963"}],"wp:featuredmedia":[{"embeddable":true,"href":"https:\/\/locacaoferramentas.com.br\/index.php\/wp-json\/wp\/v2\/media\/356"}],"wp:attachment":[{"href":"https:\/\/locacaoferramentas.com.br\/index.php\/wp-json\/wp\/v2\/media?parent=353"}],"wp:term":[{"taxonomy":"product_cat","embeddable":true,"href":"https:\/\/locacaoferramentas.com.br\/index.php\/wp-json\/wp\/v2\/product_cat?post=353"},{"taxonomy":"product_tag","embeddable":true,"href":"https:\/\/locacaoferramentas.com.br\/index.php\/wp-json\/wp\/v2\/product_tag?post=353"}],"curies":[{"name":"wp","href":"https:\/\/api.w.org\/{rel}","templated":true}]}}