{"id":359,"date":"2021-11-27T13:13:15","date_gmt":"2021-11-27T13:13:15","guid":{"rendered":"https:\/\/locacaoferramentas.com.br\/?post_type=product&#038;p=359"},"modified":"2025-04-28T17:47:23","modified_gmt":"2025-04-28T17:47:23","slug":"martelo-demolidor-16kg-bosch","status":"publish","type":"product","link":"https:\/\/locacaoferramentas.com.br\/index.php\/product\/martelo-demolidor-16kg-bosch\/","title":{"rendered":"MARTELO DEMOLIDOR 16KG &#8211; BOSCH"},"content":{"rendered":"<h2>Martelo Demolidor 16kg &#8211; Bosch<\/h2>\n<h4><\/h4>\n<p>ESPECIFICA\u00c7\u00d5ES:<\/p>\n<p>Remove 1.700 kg\/h de concreto de dureza m\u00e9dia.<\/p>\n<p>Pot\u00eancia absorvida: 1.750 W<\/p>\n<p>Energia de impacto: 41 J<\/p>\n<p>N\u00famero m\u00e1x. de impactos: 1.300 i.p.m.<\/p>\n<p>Peso sem cabo: 17.9 kg<\/p>\n<p>Comprimento: 760 mm<\/p>\n<p>Largura: 255 mm<\/p>\n<p>Encaixe para acess\u00f3rio: 28 mm sextavado interior<\/p>\n<p>Cinzelamento<\/p>\n<p>Valor de emiss\u00e3o de vibra\u00e7\u00f5es ah: 13 m\/s\u00b2<\/p>\n<p>Incerteza K: 2 m\/s\u00b2<\/p>\n<p>&nbsp;<\/p>\n<p>&nbsp;<\/p>\n<h4>V\u00eddeo explicativo<\/h4>\n<p>Confira no v\u00eddeo abaixo mais informa\u00e7\u00f5es sobre o equipamento:<\/p>\n<p><iframe loading=\"lazy\" title=\"Martelo Demolidor GSH 16-28\" width=\"1220\" height=\"686\" src=\"https:\/\/www.youtube.com\/embed\/lsq3gB70qd4?feature=oembed&#038;enablejsapi=1&#038;origin=https:\/\/locacaoferramentas.com.br\" frameborder=\"0\" allow=\"accelerometer; autoplay; clipboard-write; encrypted-media; gyroscope; picture-in-picture; web-share\" referrerpolicy=\"strict-origin-when-cross-origin\" allowfullscreen><\/iframe><\/p>\n<h4>Imagens adicionais<\/h4>\n<p>&nbsp;<\/p>\n<p><a href=\"https:\/\/locacaoferramentas.com.br\/wp-content\/uploads\/2021\/11\/D_NQ_NP_945427-MLB42849685965_072020-O.webp\"><img loading=\"lazy\" decoding=\"async\" class=\"alignnone size-medium wp-image-376\" src=\"https:\/\/locacaoferramentas.com.br\/wp-content\/uploads\/2021\/11\/D_NQ_NP_945427-MLB42849685965_072020-O-300x182.webp\" alt=\"\" width=\"300\" height=\"182\" \/><\/a> <img loading=\"lazy\" decoding=\"async\" class=\"alignnone size-medium wp-image-377\" src=\"https:\/\/locacaoferramentas.com.br\/wp-content\/uploads\/2021\/11\/D_NQ_NP_854520-MLB42849685966_072020-O-144x300.webp\" alt=\"\" width=\"144\" height=\"300\" srcset=\"https:\/\/locacaoferramentas.com.br\/wp-content\/uploads\/2021\/11\/D_NQ_NP_854520-MLB42849685966_072020-O-144x300.webp 144w, https:\/\/locacaoferramentas.com.br\/wp-content\/uploads\/2021\/11\/D_NQ_NP_854520-MLB42849685966_072020-O-70x146.webp 70w, https:\/\/locacaoferramentas.com.br\/wp-content\/uploads\/2021\/11\/D_NQ_NP_854520-MLB42849685966_072020-O-24x50.webp 24w, https:\/\/locacaoferramentas.com.br\/wp-content\/uploads\/2021\/11\/D_NQ_NP_854520-MLB42849685966_072020-O-36x75.webp 36w, https:\/\/locacaoferramentas.com.br\/wp-content\/uploads\/2021\/11\/D_NQ_NP_854520-MLB42849685966_072020-O.webp 240w\" sizes=\"auto, (max-width: 144px) 100vw, 144px\" \/> <img loading=\"lazy\" decoding=\"async\" class=\"alignnone size-medium wp-image-378\" src=\"https:\/\/locacaoferramentas.com.br\/wp-content\/uploads\/2021\/11\/D_NQ_NP_854732-MLB41383503094_042020-O-300x246.webp\" alt=\"\" width=\"300\" height=\"246\" srcset=\"https:\/\/locacaoferramentas.com.br\/wp-content\/uploads\/2021\/11\/D_NQ_NP_854732-MLB41383503094_042020-O-300x246.webp 300w, https:\/\/locacaoferramentas.com.br\/wp-content\/uploads\/2021\/11\/D_NQ_NP_854732-MLB41383503094_042020-O-178x146.webp 178w, https:\/\/locacaoferramentas.com.br\/wp-content\/uploads\/2021\/11\/D_NQ_NP_854732-MLB41383503094_042020-O-50x41.webp 50w, https:\/\/locacaoferramentas.com.br\/wp-content\/uploads\/2021\/11\/D_NQ_NP_854732-MLB41383503094_042020-O-91x75.webp 91w, https:\/\/locacaoferramentas.com.br\/wp-content\/uploads\/2021\/11\/D_NQ_NP_854732-MLB41383503094_042020-O.webp 500w\" sizes=\"auto, (max-width: 300px) 100vw, 300px\" \/><\/p>\n","protected":false},"excerpt":{"rendered":"<p>Pot\u00eancia\u00a0 para uma demoli\u00e7\u00e3o de material de 13 toneladas por dia.<br \/>\nM\u00e1xima capacidade de demoli\u00e7\u00e3o gra\u00e7as a 41 Joules de for\u00e7a de impacto \u00fanico e \u00e0 pot\u00eancia do motor de 1750 W.<br \/>\nVida \u00fatil mais longa gra\u00e7as ao design robusto e aos materiais de alta qualidade.<br \/>\nVibration Control para at\u00e9 menos 60% de vibra\u00e7\u00e3o prejudicial e, consequentemente, mais tempo de opera\u00e7\u00e3o e maior facilidade de utiliza\u00e7\u00e3o<\/p>\n<h4>Valores:<\/h4>\n<p><strong>Di\u00e1ria<\/strong>: R$ 95,00<br \/>\n<strong>7 dias<\/strong>: R$ 380,00<br \/>\n<strong>15 dias<\/strong>: R$ 650,00<br \/>\n<strong>30 dias<\/strong>: R$\u00a0 900,00<\/p>\n","protected":false},"featured_media":376,"template":"","meta":[],"product_cat":[20,17,24],"product_tag":[],"class_list":["post-359","product","type-product","status-publish","has-post-thumbnail","hentry","product_cat-alvenaria","product_cat-equipamentos-eletricos","product_cat-rompedores"],"_links":{"self":[{"href":"https:\/\/locacaoferramentas.com.br\/index.php\/wp-json\/wp\/v2\/product\/359","targetHints":{"allow":["GET"]}}],"collection":[{"href":"https:\/\/locacaoferramentas.com.br\/index.php\/wp-json\/wp\/v2\/product"}],"about":[{"href":"https:\/\/locacaoferramentas.com.br\/index.php\/wp-json\/wp\/v2\/types\/product"}],"version-history":[{"count":9,"href":"https:\/\/locacaoferramentas.com.br\/index.php\/wp-json\/wp\/v2\/product\/359\/revisions"}],"predecessor-version":[{"id":946,"href":"https:\/\/locacaoferramentas.com.br\/index.php\/wp-json\/wp\/v2\/product\/359\/revisions\/946"}],"wp:featuredmedia":[{"embeddable":true,"href":"https:\/\/locacaoferramentas.com.br\/index.php\/wp-json\/wp\/v2\/media\/376"}],"wp:attachment":[{"href":"https:\/\/locacaoferramentas.com.br\/index.php\/wp-json\/wp\/v2\/media?parent=359"}],"wp:term":[{"taxonomy":"product_cat","embeddable":true,"href":"https:\/\/locacaoferramentas.com.br\/index.php\/wp-json\/wp\/v2\/product_cat?post=359"},{"taxonomy":"product_tag","embeddable":true,"href":"https:\/\/locacaoferramentas.com.br\/index.php\/wp-json\/wp\/v2\/product_tag?post=359"}],"curies":[{"name":"wp","href":"https:\/\/api.w.org\/{rel}","templated":true}]}}