{"id":380,"date":"2021-11-27T14:13:53","date_gmt":"2021-11-27T14:13:53","guid":{"rendered":"https:\/\/locacaoferramentas.com.br\/?post_type=product&#038;p=380"},"modified":"2025-04-28T17:52:16","modified_gmt":"2025-04-28T17:52:16","slug":"duplicated-martelo-demolidor-30kg-bosch","status":"publish","type":"product","link":"https:\/\/locacaoferramentas.com.br\/index.php\/product\/duplicated-martelo-demolidor-30kg-bosch\/","title":{"rendered":"MARTELO DEMOLIDOR 30KG &#8211; BOSCH"},"content":{"rendered":"<h2>Martelo Demolidor 30kg &#8211; Bosch<\/h2>\n<h4><\/h4>\n<p>ESPECIFICA\u00c7\u00d5ES:<\/p>\n<p>Pot\u00eancia absorvida: 2000 W<\/p>\n<p>Energia de Impacto: 62 J<\/p>\n<p>N\u00famero m\u00e1x. de impactos: 1.000 i.p.m.<\/p>\n<p>Peso sem cabo: 29.5 kg<\/p>\n<p>Encaixe para acess\u00f3rio: 28 mm sextavado interior<\/p>\n<p>Informa\u00e7\u00f5es sobre ru\u00eddos\/vibra\u00e7\u00f5es<\/p>\n<p>Valores de medi\u00e7\u00e3o determinados de acordo com a norma EN 60745.<\/p>\n<p>Valores totais de vibra\u00e7\u00e3o (soma dos vetores das tr\u00eas dire\u00e7\u00f5es)<\/p>\n<p>Valor de emiss\u00e3o de vibra\u00e7\u00f5es ah: 8.5 m\/s\u00b2<\/p>\n<p>Incerteza K: 1.5 m\/s\u00b2<\/p>\n<h4>V\u00eddeo explicativo<\/h4>\n<p>Confira no v\u00eddeo abaixo mais informa\u00e7\u00f5es sobre o equipamento:<\/p>\n<p><iframe loading=\"lazy\" title=\"Martelo Demolidor GSH 27 VC\" width=\"1220\" height=\"686\" src=\"https:\/\/www.youtube.com\/embed\/FeF4pcaCEY8?start=38&#038;feature=oembed&#038;enablejsapi=1&#038;origin=https:\/\/locacaoferramentas.com.br\" frameborder=\"0\" allow=\"accelerometer; autoplay; clipboard-write; encrypted-media; gyroscope; picture-in-picture; web-share\" referrerpolicy=\"strict-origin-when-cross-origin\" allowfullscreen><\/iframe><\/p>\n<h4>Imagens adicionais<\/h4>\n<p><img loading=\"lazy\" decoding=\"async\" class=\"alignnone size-medium wp-image-368\" src=\"https:\/\/locacaoferramentas.com.br\/wp-content\/uploads\/2021\/11\/D_NQ_NP_2X_952924-MLB46262642493_062021-F-300x292.webp\" alt=\"\" width=\"300\" height=\"292\" srcset=\"https:\/\/locacaoferramentas.com.br\/wp-content\/uploads\/2021\/11\/D_NQ_NP_2X_952924-MLB46262642493_062021-F-300x292.webp 300w, https:\/\/locacaoferramentas.com.br\/wp-content\/uploads\/2021\/11\/D_NQ_NP_2X_952924-MLB46262642493_062021-F-150x146.webp 150w, https:\/\/locacaoferramentas.com.br\/wp-content\/uploads\/2021\/11\/D_NQ_NP_2X_952924-MLB46262642493_062021-F-50x50.webp 50w, https:\/\/locacaoferramentas.com.br\/wp-content\/uploads\/2021\/11\/D_NQ_NP_2X_952924-MLB46262642493_062021-F-77x75.webp 77w, https:\/\/locacaoferramentas.com.br\/wp-content\/uploads\/2021\/11\/D_NQ_NP_2X_952924-MLB46262642493_062021-F.webp 579w\" sizes=\"auto, (max-width: 300px) 100vw, 300px\" \/> <img loading=\"lazy\" decoding=\"async\" class=\"alignnone size-medium wp-image-367\" src=\"https:\/\/locacaoferramentas.com.br\/wp-content\/uploads\/2021\/11\/D_NQ_NP_2X_889853-MLB46262642494_062021-F-184x300.webp\" alt=\"\" width=\"184\" height=\"300\" \/><\/p>\n<p>&nbsp;<\/p>\n","protected":false},"excerpt":{"rendered":"<p>Grande for\u00e7a de Impacto gra\u00e7as a 62 joules de energia de Impacto e 1.000 impactos por minuto.<br \/>\nN\u00edvel de vibra\u00e7\u00e3o muito reduzido (somente 8,5 m\/s\u00b2) gra\u00e7as a empunhadeiras desacopladas e ao mecanismo de percuss\u00e3o com vibra\u00e7\u00f5es reduzidas.<br \/>\nVida \u00fatil extremamente longa gra\u00e7as a componentes de alta qualidade feitos de alum\u00ednio e a\u00e7o.<br \/>\nManuseio otimizado: empunhadeiras ergon\u00f4micas com Softgrip e centro de gravidade baixo para um manuseio otimizado.<br \/>\nA superf\u00edcie antideslizante previne a queda da ferramenta.<\/p>\n<h4>Valores:<\/h4>\n<p><strong>Di\u00e1ria<\/strong>: R$ 110,00<br \/>\n<strong>7 dias<\/strong>: R$ 440,00<br \/>\n<strong>15 dias<\/strong>: R$ 660,00<br \/>\n<strong>30 dias<\/strong>: R$ 1500,00<\/p>\n","protected":false},"featured_media":367,"template":"","meta":[],"product_cat":[20,17,24],"product_tag":[],"class_list":["post-380","product","type-product","status-publish","has-post-thumbnail","hentry","product_cat-alvenaria","product_cat-equipamentos-eletricos","product_cat-rompedores"],"_links":{"self":[{"href":"https:\/\/locacaoferramentas.com.br\/index.php\/wp-json\/wp\/v2\/product\/380","targetHints":{"allow":["GET"]}}],"collection":[{"href":"https:\/\/locacaoferramentas.com.br\/index.php\/wp-json\/wp\/v2\/product"}],"about":[{"href":"https:\/\/locacaoferramentas.com.br\/index.php\/wp-json\/wp\/v2\/types\/product"}],"version-history":[{"count":6,"href":"https:\/\/locacaoferramentas.com.br\/index.php\/wp-json\/wp\/v2\/product\/380\/revisions"}],"predecessor-version":[{"id":948,"href":"https:\/\/locacaoferramentas.com.br\/index.php\/wp-json\/wp\/v2\/product\/380\/revisions\/948"}],"wp:featuredmedia":[{"embeddable":true,"href":"https:\/\/locacaoferramentas.com.br\/index.php\/wp-json\/wp\/v2\/media\/367"}],"wp:attachment":[{"href":"https:\/\/locacaoferramentas.com.br\/index.php\/wp-json\/wp\/v2\/media?parent=380"}],"wp:term":[{"taxonomy":"product_cat","embeddable":true,"href":"https:\/\/locacaoferramentas.com.br\/index.php\/wp-json\/wp\/v2\/product_cat?post=380"},{"taxonomy":"product_tag","embeddable":true,"href":"https:\/\/locacaoferramentas.com.br\/index.php\/wp-json\/wp\/v2\/product_tag?post=380"}],"curies":[{"name":"wp","href":"https:\/\/api.w.org\/{rel}","templated":true}]}}