{"id":386,"date":"2021-11-27T14:28:02","date_gmt":"2021-11-27T14:28:02","guid":{"rendered":"https:\/\/locacaoferramentas.com.br\/?post_type=product&#038;p=386"},"modified":"2025-04-28T17:49:52","modified_gmt":"2025-04-28T17:49:52","slug":"martelo-rompedor-10kg-bosch","status":"publish","type":"product","link":"https:\/\/locacaoferramentas.com.br\/index.php\/product\/martelo-rompedor-10kg-bosch\/","title":{"rendered":"MARTELO ROMPEDOR 10KG &#8211; BOSCH"},"content":{"rendered":"<h2>Martelo Rompedor 10kg &#8211; Bosch<\/h2>\n<h4><\/h4>\n<p>ESPECIFICA\u00c7\u00d5ES:<\/p>\n<p>Pot\u00eancia absorvida: 1500 W.<\/p>\n<p>Energia de impacto: 25 J.<\/p>\n<p>N\u00ba m\u00e1ximo de impactos: 900 &#8211; 1890 i.p.m.<\/p>\n<p>Peso sem cabo: 10,1 kg.<\/p>\n<p>Comprimento: 570 mm.<\/p>\n<p>Altura: 270 mm.<\/p>\n<p>Encaixe para acess\u00f3rio: SDS-max.<\/p>\n<p>Valor de emiss\u00e3o de vibra\u00e7\u00f5es ah: 18,5 m\/s\u00b2.<\/p>\n<p>Incerteza K: 2 m\/s\u00b2.<\/p>\n<h4>V\u00eddeo explicativo<\/h4>\n<p>Confira no v\u00eddeo abaixo mais informa\u00e7\u00f5es sobre o equipamento:<\/p>\n<p><iframe loading=\"lazy\" title=\"Martelo Demolidor GSH 11 E\" width=\"1220\" height=\"686\" src=\"https:\/\/www.youtube.com\/embed\/yVhFOUNjjOw?feature=oembed&#038;enablejsapi=1&#038;origin=https:\/\/locacaoferramentas.com.br\" frameborder=\"0\" allow=\"accelerometer; autoplay; clipboard-write; encrypted-media; gyroscope; picture-in-picture; web-share\" referrerpolicy=\"strict-origin-when-cross-origin\" allowfullscreen><\/iframe><\/p>\n<h4>Imagens adicionais<\/h4>\n<p><a href=\"https:\/\/locacaoferramentas.com.br\/wp-content\/uploads\/2021\/11\/D_NQ_NP_647302-MLB47872866762_102021-O.webp\"><img loading=\"lazy\" decoding=\"async\" class=\"alignnone size-medium wp-image-388\" src=\"https:\/\/locacaoferramentas.com.br\/wp-content\/uploads\/2021\/11\/D_NQ_NP_647302-MLB47872866762_102021-O-300x278.webp\" alt=\"\" width=\"300\" height=\"278\" srcset=\"https:\/\/locacaoferramentas.com.br\/wp-content\/uploads\/2021\/11\/D_NQ_NP_647302-MLB47872866762_102021-O-300x278.webp 300w, https:\/\/locacaoferramentas.com.br\/wp-content\/uploads\/2021\/11\/D_NQ_NP_647302-MLB47872866762_102021-O-157x146.webp 157w, https:\/\/locacaoferramentas.com.br\/wp-content\/uploads\/2021\/11\/D_NQ_NP_647302-MLB47872866762_102021-O-50x46.webp 50w, https:\/\/locacaoferramentas.com.br\/wp-content\/uploads\/2021\/11\/D_NQ_NP_647302-MLB47872866762_102021-O-81x75.webp 81w, https:\/\/locacaoferramentas.com.br\/wp-content\/uploads\/2021\/11\/D_NQ_NP_647302-MLB47872866762_102021-O.webp 500w\" sizes=\"auto, (max-width: 300px) 100vw, 300px\" \/><\/a> <img loading=\"lazy\" decoding=\"async\" class=\"alignnone size-medium wp-image-389\" src=\"https:\/\/locacaoferramentas.com.br\/wp-content\/uploads\/2021\/11\/D_NQ_NP_625535-MLB47872949155_102021-O-300x149.webp\" alt=\"\" width=\"300\" height=\"149\" srcset=\"https:\/\/locacaoferramentas.com.br\/wp-content\/uploads\/2021\/11\/D_NQ_NP_625535-MLB47872949155_102021-O-300x149.webp 300w, https:\/\/locacaoferramentas.com.br\/wp-content\/uploads\/2021\/11\/D_NQ_NP_625535-MLB47872949155_102021-O-260x129.webp 260w, https:\/\/locacaoferramentas.com.br\/wp-content\/uploads\/2021\/11\/D_NQ_NP_625535-MLB47872949155_102021-O-50x25.webp 50w, https:\/\/locacaoferramentas.com.br\/wp-content\/uploads\/2021\/11\/D_NQ_NP_625535-MLB47872949155_102021-O-150x75.webp 150w, https:\/\/locacaoferramentas.com.br\/wp-content\/uploads\/2021\/11\/D_NQ_NP_625535-MLB47872949155_102021-O.webp 500w\" sizes=\"auto, (max-width: 300px) 100vw, 300px\" \/> <img loading=\"lazy\" decoding=\"async\" class=\"alignnone size-medium wp-image-390\" src=\"https:\/\/locacaoferramentas.com.br\/wp-content\/uploads\/2021\/11\/D_NQ_NP_2X_843847-MLB47872910379_102021-F-300x231.webp\" alt=\"\" width=\"300\" height=\"231\" srcset=\"https:\/\/locacaoferramentas.com.br\/wp-content\/uploads\/2021\/11\/D_NQ_NP_2X_843847-MLB47872910379_102021-F-300x231.webp 300w, https:\/\/locacaoferramentas.com.br\/wp-content\/uploads\/2021\/11\/D_NQ_NP_2X_843847-MLB47872910379_102021-F-1024x787.webp 1024w, https:\/\/locacaoferramentas.com.br\/wp-content\/uploads\/2021\/11\/D_NQ_NP_2X_843847-MLB47872910379_102021-F-768x590.webp 768w, https:\/\/locacaoferramentas.com.br\/wp-content\/uploads\/2021\/11\/D_NQ_NP_2X_843847-MLB47872910379_102021-F-190x146.webp 190w, https:\/\/locacaoferramentas.com.br\/wp-content\/uploads\/2021\/11\/D_NQ_NP_2X_843847-MLB47872910379_102021-F-50x38.webp 50w, https:\/\/locacaoferramentas.com.br\/wp-content\/uploads\/2021\/11\/D_NQ_NP_2X_843847-MLB47872910379_102021-F-98x75.webp 98w, https:\/\/locacaoferramentas.com.br\/wp-content\/uploads\/2021\/11\/D_NQ_NP_2X_843847-MLB47872910379_102021-F-800x615.webp 800w, https:\/\/locacaoferramentas.com.br\/wp-content\/uploads\/2021\/11\/D_NQ_NP_2X_843847-MLB47872910379_102021-F.webp 1064w\" sizes=\"auto, (max-width: 300px) 100vw, 300px\" \/><\/p>\n<p>&nbsp;<\/p>\n","protected":false},"excerpt":{"rendered":"<p>Especialista em trabalhos de demoli\u00e7\u00e3o<br \/>\nO mais potente da categoria para demoli\u00e7\u00e3o: remo\u00e7\u00e3o de concreto de dureza m\u00e9dia de 490 kg por hora.<br \/>\nPraticamente sem vibra\u00e7\u00f5es durante o funcionamento.<br \/>\nVelocidade vari\u00e1vel (6 velocidades).<\/p>\n<h4>Valores:<\/h4>\n<p><strong>Di\u00e1ria<\/strong>: R$ 80,00<br \/>\n<strong>7 dias<\/strong>: R$ 320,00<br \/>\n<strong>15 dias<\/strong>: R$ 550,00<br \/>\n<strong>30 dias<\/strong>: R$ 800,00<\/p>\n","protected":false},"featured_media":387,"template":"","meta":[],"product_cat":[20,17,24],"product_tag":[],"class_list":["post-386","product","type-product","status-publish","has-post-thumbnail","hentry","product_cat-alvenaria","product_cat-equipamentos-eletricos","product_cat-rompedores"],"_links":{"self":[{"href":"https:\/\/locacaoferramentas.com.br\/index.php\/wp-json\/wp\/v2\/product\/386","targetHints":{"allow":["GET"]}}],"collection":[{"href":"https:\/\/locacaoferramentas.com.br\/index.php\/wp-json\/wp\/v2\/product"}],"about":[{"href":"https:\/\/locacaoferramentas.com.br\/index.php\/wp-json\/wp\/v2\/types\/product"}],"version-history":[{"count":3,"href":"https:\/\/locacaoferramentas.com.br\/index.php\/wp-json\/wp\/v2\/product\/386\/revisions"}],"predecessor-version":[{"id":947,"href":"https:\/\/locacaoferramentas.com.br\/index.php\/wp-json\/wp\/v2\/product\/386\/revisions\/947"}],"wp:featuredmedia":[{"embeddable":true,"href":"https:\/\/locacaoferramentas.com.br\/index.php\/wp-json\/wp\/v2\/media\/387"}],"wp:attachment":[{"href":"https:\/\/locacaoferramentas.com.br\/index.php\/wp-json\/wp\/v2\/media?parent=386"}],"wp:term":[{"taxonomy":"product_cat","embeddable":true,"href":"https:\/\/locacaoferramentas.com.br\/index.php\/wp-json\/wp\/v2\/product_cat?post=386"},{"taxonomy":"product_tag","embeddable":true,"href":"https:\/\/locacaoferramentas.com.br\/index.php\/wp-json\/wp\/v2\/product_tag?post=386"}],"curies":[{"name":"wp","href":"https:\/\/api.w.org\/{rel}","templated":true}]}}