{"id":393,"date":"2021-11-27T14:43:03","date_gmt":"2021-11-27T14:43:03","guid":{"rendered":"https:\/\/locacaoferramentas.com.br\/?post_type=product&#038;p=393"},"modified":"2025-04-28T17:45:28","modified_gmt":"2025-04-28T17:45:28","slug":"martelo-perfurador-rompedor-2-kg-bosch","status":"publish","type":"product","link":"https:\/\/locacaoferramentas.com.br\/index.php\/product\/martelo-perfurador-rompedor-2-kg-bosch\/","title":{"rendered":"MARTELO PERFURADOR ROMPEDOR 2 KG &#8211; BOSCH"},"content":{"rendered":"<h2 class=\"ui-pdp-title\">Martelo Perfurador Rompedor 2 kg -Bosch<\/h2>\n<h4><\/h4>\n<p>ESPECIFICA\u00c7\u00d5ES:<\/p>\n<p>Pot\u00eancia nominal absorvida: 820 W<\/p>\n<p>Energia de impacto: 2,7 J<\/p>\n<p>N\u00famero m\u00e1x. de impactos: 0 \u2013 5.100 i.p.m.<\/p>\n<p>N\u00ba de rota\u00e7\u00f5es nominais: 0 \u2013 1.300 r.p.m.<\/p>\n<p>Peso: 2,8 kg<\/p>\n<p>Suporte da ferramenta: SDS plus<\/p>\n<p>Faixa de perfura\u00e7\u00e3o<br \/>\n\u00d8 m\u00e1x. de perfura\u00e7\u00e3o alvenaria, brocas de coroa oca: 24 mm<br \/>\nDi\u00e2metro m\u00e1x. de perfura\u00e7\u00e3o em metal: 13 mm<br \/>\n\u00d8 m\u00e1x. de perfura\u00e7\u00e3o em madeira: 30 mm<\/p>\n<h4>V\u00eddeo explicativo<\/h4>\n<p>Confira no v\u00eddeo abaixo mais informa\u00e7\u00f5es sobre o equipamento:<\/p>\n<p><iframe loading=\"lazy\" title=\"Martelo Perfurador Rompedor GBH 2-24 D\" width=\"1220\" height=\"686\" src=\"https:\/\/www.youtube.com\/embed\/t7HnK6NVHp8?feature=oembed&#038;enablejsapi=1&#038;origin=https:\/\/locacaoferramentas.com.br\" frameborder=\"0\" allow=\"accelerometer; autoplay; clipboard-write; encrypted-media; gyroscope; picture-in-picture; web-share\" referrerpolicy=\"strict-origin-when-cross-origin\" allowfullscreen><\/iframe><\/p>\n<h4>Imagens adicionais<\/h4>\n<p><img loading=\"lazy\" decoding=\"async\" class=\"alignnone size-medium wp-image-396\" src=\"https:\/\/locacaoferramentas.com.br\/wp-content\/uploads\/2021\/11\/D_NQ_NP_2X_903431-MLB45168657805_032021-F-295x300.webp\" alt=\"\" width=\"295\" height=\"300\" srcset=\"https:\/\/locacaoferramentas.com.br\/wp-content\/uploads\/2021\/11\/D_NQ_NP_2X_903431-MLB45168657805_032021-F-295x300.webp 295w, https:\/\/locacaoferramentas.com.br\/wp-content\/uploads\/2021\/11\/D_NQ_NP_2X_903431-MLB45168657805_032021-F-1007x1024.webp 1007w, https:\/\/locacaoferramentas.com.br\/wp-content\/uploads\/2021\/11\/D_NQ_NP_2X_903431-MLB45168657805_032021-F-768x781.webp 768w, https:\/\/locacaoferramentas.com.br\/wp-content\/uploads\/2021\/11\/D_NQ_NP_2X_903431-MLB45168657805_032021-F-144x146.webp 144w, https:\/\/locacaoferramentas.com.br\/wp-content\/uploads\/2021\/11\/D_NQ_NP_2X_903431-MLB45168657805_032021-F-50x50.webp 50w, https:\/\/locacaoferramentas.com.br\/wp-content\/uploads\/2021\/11\/D_NQ_NP_2X_903431-MLB45168657805_032021-F-74x75.webp 74w, https:\/\/locacaoferramentas.com.br\/wp-content\/uploads\/2021\/11\/D_NQ_NP_2X_903431-MLB45168657805_032021-F-85x85.webp 85w, https:\/\/locacaoferramentas.com.br\/wp-content\/uploads\/2021\/11\/D_NQ_NP_2X_903431-MLB45168657805_032021-F-80x80.webp 80w, https:\/\/locacaoferramentas.com.br\/wp-content\/uploads\/2021\/11\/D_NQ_NP_2X_903431-MLB45168657805_032021-F-800x813.webp 800w, https:\/\/locacaoferramentas.com.br\/wp-content\/uploads\/2021\/11\/D_NQ_NP_2X_903431-MLB45168657805_032021-F.webp 1074w\" sizes=\"auto, (max-width: 295px) 100vw, 295px\" \/> <img loading=\"lazy\" decoding=\"async\" class=\"alignnone size-medium wp-image-395\" src=\"https:\/\/locacaoferramentas.com.br\/wp-content\/uploads\/2021\/11\/D_NQ_NP_2X_741901-MLB45168657803_032021-F-295x300.webp\" alt=\"\" width=\"295\" height=\"300\" srcset=\"https:\/\/locacaoferramentas.com.br\/wp-content\/uploads\/2021\/11\/D_NQ_NP_2X_741901-MLB45168657803_032021-F-295x300.webp 295w, https:\/\/locacaoferramentas.com.br\/wp-content\/uploads\/2021\/11\/D_NQ_NP_2X_741901-MLB45168657803_032021-F-1008x1024.webp 1008w, https:\/\/locacaoferramentas.com.br\/wp-content\/uploads\/2021\/11\/D_NQ_NP_2X_741901-MLB45168657803_032021-F-768x780.webp 768w, https:\/\/locacaoferramentas.com.br\/wp-content\/uploads\/2021\/11\/D_NQ_NP_2X_741901-MLB45168657803_032021-F-144x146.webp 144w, https:\/\/locacaoferramentas.com.br\/wp-content\/uploads\/2021\/11\/D_NQ_NP_2X_741901-MLB45168657803_032021-F-50x50.webp 50w, https:\/\/locacaoferramentas.com.br\/wp-content\/uploads\/2021\/11\/D_NQ_NP_2X_741901-MLB45168657803_032021-F-74x75.webp 74w, https:\/\/locacaoferramentas.com.br\/wp-content\/uploads\/2021\/11\/D_NQ_NP_2X_741901-MLB45168657803_032021-F-85x85.webp 85w, https:\/\/locacaoferramentas.com.br\/wp-content\/uploads\/2021\/11\/D_NQ_NP_2X_741901-MLB45168657803_032021-F-80x80.webp 80w, https:\/\/locacaoferramentas.com.br\/wp-content\/uploads\/2021\/11\/D_NQ_NP_2X_741901-MLB45168657803_032021-F-800x813.webp 800w, https:\/\/locacaoferramentas.com.br\/wp-content\/uploads\/2021\/11\/D_NQ_NP_2X_741901-MLB45168657803_032021-F.webp 1065w\" sizes=\"auto, (max-width: 295px) 100vw, 295px\" \/><\/p>\n<p>&nbsp;<\/p>\n","protected":false},"excerpt":{"rendered":"<p>O Martelete Perfurador Rompedor Bosch GBH 2-24 D oferece muita produtividade aos profissionais, em perfura\u00e7\u00f5es de concreto na constru\u00e7\u00e3o ou reformas em geral. Possui 820W e interruptor eletr\u00f4nico, indicado para instala\u00e7\u00f5es das mais variadas, sistema de encaixe SDS-plus para trocas r\u00e1pidas de acess\u00f3rios e embreagem de seguran\u00e7a, oferece prote\u00e7\u00e3o ao operador em caso de travamento do acess\u00f3rio.<br \/>\nLonga vida \u00fatil: componentes do motor de alta qualidade. Sistema de ajuste da posi\u00e7\u00e3o do cinzel e talhadeira. Embreagem de seguran\u00e7a para maior prote\u00e7\u00e3o do usu\u00e1rio. Cabo girat\u00f3rio de 4 metros, evitando rompimento prematuro. Punho emborrachado para melhor agarre e aplica\u00e7\u00e3o.<\/p>\n<h4>Valores:<\/h4>\n<p><strong>Di\u00e1ria<\/strong>: R$ 40,00<br \/>\n<strong>7 dias<\/strong>: R$ 160,00<br \/>\n<strong>15 dias<\/strong>: R$ 250,00<br \/>\n<strong>30 dias<\/strong>: R$ 400,00<\/p>\n","protected":false},"featured_media":394,"template":"","meta":[],"product_cat":[20,17,24],"product_tag":[],"class_list":["post-393","product","type-product","status-publish","has-post-thumbnail","hentry","product_cat-alvenaria","product_cat-equipamentos-eletricos","product_cat-rompedores"],"_links":{"self":[{"href":"https:\/\/locacaoferramentas.com.br\/index.php\/wp-json\/wp\/v2\/product\/393","targetHints":{"allow":["GET"]}}],"collection":[{"href":"https:\/\/locacaoferramentas.com.br\/index.php\/wp-json\/wp\/v2\/product"}],"about":[{"href":"https:\/\/locacaoferramentas.com.br\/index.php\/wp-json\/wp\/v2\/types\/product"}],"version-history":[{"count":3,"href":"https:\/\/locacaoferramentas.com.br\/index.php\/wp-json\/wp\/v2\/product\/393\/revisions"}],"predecessor-version":[{"id":945,"href":"https:\/\/locacaoferramentas.com.br\/index.php\/wp-json\/wp\/v2\/product\/393\/revisions\/945"}],"wp:featuredmedia":[{"embeddable":true,"href":"https:\/\/locacaoferramentas.com.br\/index.php\/wp-json\/wp\/v2\/media\/394"}],"wp:attachment":[{"href":"https:\/\/locacaoferramentas.com.br\/index.php\/wp-json\/wp\/v2\/media?parent=393"}],"wp:term":[{"taxonomy":"product_cat","embeddable":true,"href":"https:\/\/locacaoferramentas.com.br\/index.php\/wp-json\/wp\/v2\/product_cat?post=393"},{"taxonomy":"product_tag","embeddable":true,"href":"https:\/\/locacaoferramentas.com.br\/index.php\/wp-json\/wp\/v2\/product_tag?post=393"}],"curies":[{"name":"wp","href":"https:\/\/api.w.org\/{rel}","templated":true}]}}