{"id":412,"date":"2021-11-29T14:44:24","date_gmt":"2021-11-29T14:44:24","guid":{"rendered":"https:\/\/locacaoferramentas.com.br\/?post_type=product&#038;p=412"},"modified":"2025-04-28T17:43:56","modified_gmt":"2025-04-28T17:43:56","slug":"lavadora-alta-pressao-karcher-hd-585","status":"publish","type":"product","link":"https:\/\/locacaoferramentas.com.br\/index.php\/product\/lavadora-alta-pressao-karcher-hd-585\/","title":{"rendered":"LAVADORA ALTA PRESS\u00c3O K\u00c4RCHER  HD 585"},"content":{"rendered":"<h2 class=\"ui-pdp-title\">Lavadora de alta press\u00e3o K\u00e4rcher HD 585<\/h2>\n<h4><\/h4>\n<p>ESPECIFICA\u00c7\u00d5ES:<\/p>\n<p>Tens\u00e3o (Fase\/V\/Hz): 1 \/ 220 \/ 60<\/p>\n<p>Vaz\u00e3o de \u00c1gua (l\/h): 500<\/p>\n<p>Press\u00e3o (PSI\/bar): 1600 \/ 110<\/p>\n<p>Pot\u00eancia (kW): 2,2<\/p>\n<p>Peso (kg): 17<\/p>\n<p>Ref.: HD 585<\/p>\n<h4>V\u00eddeo explicativo<\/h4>\n<p>Confira no v\u00eddeo abaixo mais informa\u00e7\u00f5es sobre o equipamento:<\/p>\n<p><iframe loading=\"lazy\" title=\"Conhe\u00e7a a Lavadora de Alta Press\u00e3o HD585 - Pot\u00eancia e Efici\u00eancia para Limpeza Pesada\" width=\"1220\" height=\"686\" src=\"https:\/\/www.youtube.com\/embed\/ZfVUX-PYC3E?feature=oembed&#038;enablejsapi=1&#038;origin=https:\/\/locacaoferramentas.com.br\" frameborder=\"0\" allow=\"accelerometer; autoplay; clipboard-write; encrypted-media; gyroscope; picture-in-picture; web-share\" referrerpolicy=\"strict-origin-when-cross-origin\" allowfullscreen><\/iframe><\/p>\n<h4>Imagens adicionais<\/h4>\n<p>&nbsp;<\/p>\n<p>&nbsp;<\/p>\n","protected":false},"excerpt":{"rendered":"<p>Se pensarmos em lavadoras de alta press\u00e3o de alta qualidade e excel\u00eancia, a K\u00e4rcher \u00e9 a primeira coisa que vem \u00e0 mente. Esta marca alem\u00e3 est\u00e1 posicionada como refer\u00eancia mundial em produtos de limpeza. Seus produtos de alta press\u00e3o s\u00e3o a melhor escolha para uma limpeza completa, pois n\u00e3o deixam nenhum vest\u00edgio de sujeira. Suas superf\u00edcies ficar\u00e3o novas!<br \/>\nGra\u00e7as \u00e0 sua press\u00e3o m\u00e1xima de 1600 psi, esta lavadora de alta press\u00e3o permite que voc\u00ea lave de maneira f\u00e1cil, rapidamente e com o menor esfor\u00e7o poss\u00edvel.<br \/>\nEste dispositivo resiste at\u00e9 60 \u00b0C de temperatura no seu caudal de \u00e1gua. Agora voc\u00ea pode limpar superf\u00edcies dif\u00edceis com simplicidade e efici\u00eancia.Longa vida \u00fatil: componentes do motor de alta qualidade.<\/p>\n<h4>Valores:<\/h4>\n<p><strong>Di\u00e1ria<\/strong>: R$ 70,00<br \/>\n<strong>7 dias<\/strong>: R$ 210,00<br \/>\n<strong>15 dias<\/strong>: R$ 350,00<br \/>\n<strong>30 dias<\/strong>: R$ 600,00<\/p>\n","protected":false},"featured_media":410,"template":"","meta":[],"product_cat":[17,25],"product_tag":[],"class_list":["post-412","product","type-product","status-publish","has-post-thumbnail","hentry","product_cat-equipamentos-eletricos","product_cat-lava-jato"],"_links":{"self":[{"href":"https:\/\/locacaoferramentas.com.br\/index.php\/wp-json\/wp\/v2\/product\/412","targetHints":{"allow":["GET"]}}],"collection":[{"href":"https:\/\/locacaoferramentas.com.br\/index.php\/wp-json\/wp\/v2\/product"}],"about":[{"href":"https:\/\/locacaoferramentas.com.br\/index.php\/wp-json\/wp\/v2\/types\/product"}],"version-history":[{"count":3,"href":"https:\/\/locacaoferramentas.com.br\/index.php\/wp-json\/wp\/v2\/product\/412\/revisions"}],"predecessor-version":[{"id":944,"href":"https:\/\/locacaoferramentas.com.br\/index.php\/wp-json\/wp\/v2\/product\/412\/revisions\/944"}],"wp:featuredmedia":[{"embeddable":true,"href":"https:\/\/locacaoferramentas.com.br\/index.php\/wp-json\/wp\/v2\/media\/410"}],"wp:attachment":[{"href":"https:\/\/locacaoferramentas.com.br\/index.php\/wp-json\/wp\/v2\/media?parent=412"}],"wp:term":[{"taxonomy":"product_cat","embeddable":true,"href":"https:\/\/locacaoferramentas.com.br\/index.php\/wp-json\/wp\/v2\/product_cat?post=412"},{"taxonomy":"product_tag","embeddable":true,"href":"https:\/\/locacaoferramentas.com.br\/index.php\/wp-json\/wp\/v2\/product_tag?post=412"}],"curies":[{"name":"wp","href":"https:\/\/api.w.org\/{rel}","templated":true}]}}