{"id":414,"date":"2021-11-29T17:16:57","date_gmt":"2021-11-29T17:16:57","guid":{"rendered":"https:\/\/locacaoferramentas.com.br\/?post_type=product&#038;p=414"},"modified":"2022-05-24T13:31:58","modified_gmt":"2022-05-24T13:31:58","slug":"inversora-de-solda-130a-handyarc-esab","status":"publish","type":"product","link":"https:\/\/locacaoferramentas.com.br\/index.php\/product\/inversora-de-solda-130a-handyarc-esab\/","title":{"rendered":"INVERSORA DE SOLDA 130A HANDYARC &#8211; ESAB"},"content":{"rendered":"<h2 class=\"ui-pdp-title\">Inversora De Solda 130a Handyarc &#8211; Esab<\/h2>\n<h2 class=\"ui-pdp-bookmark ui-pdp-bookmark__link-bookmark\"><\/h2>\n<p>ESPECIFICA\u00c7\u00d5ES:<\/p>\n<p>Corrente M\u00e1xima: 90A (127V) e 130A (220V)<\/p>\n<p>Tens\u00e3o a Vazio: 75 V (127V) e 65 V (220V)<\/p>\n<p>Classe de prote\u00e7\u00e3o: IP21S<\/p>\n<p>Faixa de Corrente(A): 20-90 A (127V) e 20-130 A (220V)<\/p>\n<p>Cargas Autorizadas (MMA) 127V: 40 A\/21.6V @ 100%, 52 A\/22.1V @ 60% e 90 A\/23.6V @ 20%<\/p>\n<p>Cargas Autorizadas (MMA) 220V: 58 A\/22.3V @ 100%, 75 A\/23.0V @ 60% e 130 A\/25.2V @ 20%<\/p>\n<p>Tens\u00e3o: \u00b110% VAC<\/p>\n<p>Fases: 1<\/p>\n<p>Frequ\u00eancia: 50\/60 Hz<\/p>\n<p>Temperatura de funcionamento: -10 &#8211; +40 degC<\/p>\n<h4>V\u00eddeo explicativo<\/h4>\n<p>Confira no v\u00eddeo abaixo mais informa\u00e7\u00f5es sobre o equipamento:<\/p>\n<p><iframe loading=\"lazy\" title=\"Inversora de Solda ESAB Port\u00e1til - Linha HandyArc\" width=\"1220\" height=\"686\" src=\"https:\/\/www.youtube.com\/embed\/PeMDSEXuP7A?start=1&#038;feature=oembed\" frameborder=\"0\" allow=\"accelerometer; autoplay; clipboard-write; encrypted-media; gyroscope; picture-in-picture\" allowfullscreen><\/iframe><\/p>\n<h4>Imagens adicionais<\/h4>\n<p>&nbsp;<\/p>\n<p>&nbsp;<\/p>\n","protected":false},"excerpt":{"rendered":"<p>M\u00e1quina fabricada com comp\u00f3sitos antichamas de alta resist\u00eancia a impactos que garantem a maior vida \u00fatil do mercado.<br \/>\nAlta portabilidade &#8211; Com al\u00e7a refor\u00e7ada para transporte, o modelo \u00e9 compacto e cabe no seu arm\u00e1rio de ferramentas e no ba\u00fa da sua moto.<br \/>\nPainel simples e f\u00e1cil de usar &#8211; Ajuste dos par\u00e2metros de solda pela corrente ou de acordo com a espessura do eletrodo.\u00a0 Econ\u00f4mica como sempre &#8211; Excelente efici\u00eancia garantindo menor consumo de energia da categoria.<br \/>\nCom soldabilidade impec\u00e1vel e f\u00e1cil abertura de arco, os modelos 132i Dual Voltage e 142i soldam eletrodos de at\u00e9 2,5 mm<\/p>\n<h4>Valores:<\/h4>\n<p><strong>Di\u00e1ria<\/strong>: R$ 30,00<br \/>\n<strong>7 dias<\/strong>: R$ 100,00<br \/>\n<strong>15 dias<\/strong>: R$ 170,00<br \/>\n<strong>30 dias<\/strong>: R$ 250,00<\/p>\n","protected":false},"featured_media":416,"template":"","meta":[],"product_cat":[26,17],"product_tag":[],"class_list":["post-414","product","type-product","status-publish","has-post-thumbnail","hentry","product_cat-equipamentos-de-solda","product_cat-equipamentos-eletricos"],"_links":{"self":[{"href":"https:\/\/locacaoferramentas.com.br\/index.php\/wp-json\/wp\/v2\/product\/414","targetHints":{"allow":["GET"]}}],"collection":[{"href":"https:\/\/locacaoferramentas.com.br\/index.php\/wp-json\/wp\/v2\/product"}],"about":[{"href":"https:\/\/locacaoferramentas.com.br\/index.php\/wp-json\/wp\/v2\/types\/product"}],"version-history":[{"count":3,"href":"https:\/\/locacaoferramentas.com.br\/index.php\/wp-json\/wp\/v2\/product\/414\/revisions"}],"predecessor-version":[{"id":782,"href":"https:\/\/locacaoferramentas.com.br\/index.php\/wp-json\/wp\/v2\/product\/414\/revisions\/782"}],"wp:featuredmedia":[{"embeddable":true,"href":"https:\/\/locacaoferramentas.com.br\/index.php\/wp-json\/wp\/v2\/media\/416"}],"wp:attachment":[{"href":"https:\/\/locacaoferramentas.com.br\/index.php\/wp-json\/wp\/v2\/media?parent=414"}],"wp:term":[{"taxonomy":"product_cat","embeddable":true,"href":"https:\/\/locacaoferramentas.com.br\/index.php\/wp-json\/wp\/v2\/product_cat?post=414"},{"taxonomy":"product_tag","embeddable":true,"href":"https:\/\/locacaoferramentas.com.br\/index.php\/wp-json\/wp\/v2\/product_tag?post=414"}],"curies":[{"name":"wp","href":"https:\/\/api.w.org\/{rel}","templated":true}]}}