{"id":421,"date":"2021-11-29T20:02:57","date_gmt":"2021-11-29T20:02:57","guid":{"rendered":"https:\/\/locacaoferramentas.com.br\/?post_type=product&#038;p=421"},"modified":"2021-11-29T20:02:57","modified_gmt":"2021-11-29T20:02:57","slug":"inversora-de-solda-200a-balmer","status":"publish","type":"product","link":"https:\/\/locacaoferramentas.com.br\/index.php\/product\/inversora-de-solda-200a-balmer\/","title":{"rendered":"INVERSORA  DE SOLDA 200A &#8211; BALMER"},"content":{"rendered":"<h2>Inversora de Solda\u00a0 200a &#8211; Balmer<\/h2>\n<h2 class=\"ui-pdp-bookmark ui-pdp-bookmark__link-bookmark\"><\/h2>\n<p>ESPECIFICA\u00c7\u00d5ES:<\/p>\n<p>Processo de Solda: Eletrodo Revestido | TIG (DC)<\/p>\n<p>Prim\u00e1rio:<br \/>\nTens\u00e3o (V): 1 x 127 &#8211; 10 por cento | 1 x 220 -10 por cento<br \/>\nFrequ\u00eancia (Hz): 50\/60<br \/>\nPot\u00eancia M\u00e1xima (kVA): 6,4 | 10 a 145<br \/>\nCorrente M\u00e1xima | Corrente Nominal (A): 50 \/ 100 | 46<br \/>\nFator de Pot\u00eancia (cos f): 0,75<\/p>\n<p>Secund\u00e1rio:<br \/>\nTens\u00e3o a Vazio | Tens\u00e3o de Trabalho (V): 66\u00a0 \u00a0 \u00a0 \u00a0 \u00a0 \u00a0 \u00a0 \u00a0 \u00a0 \u00a0 \u00a0 \u00a0 \u00a0 \u00a0 \u00a0 \u00a0 \u00a0 \u00a0 \u00a0 \u00a0 \u00a0 \u00a0 \u00a0 \u00a0 \u00a0 \u00a0 \u00a0 \u00a0 \u00a0 \u00a0 \u00a0 \u00a0 \u00a0 \u00a0 \u00a0 \u00a0 \u00a0 \u00a0 \u00a0 \u00a0 \u00a0 \u00a0 \u00a0 \u00a0 \u00a0 \u00a0 \u00a0 \u00a0 \u00a0 \u00a0 \u00a0 \u00a0 \u00a0 \u00a0 \u00a0 \u00a0 \u00a0 \u00a0 \u00a0 \u00a0 \u00a0 \u00a0 \u00a0 \u00a0 \u00a0 \u00a0 \u00a0 Faixa de Corrente (A): 10 a 130 | 10 a 200<br \/>\nCiclo de trabalho: 130 \/ 15 | 200\/ 30<br \/>\nCiclo de trabalho : 50 \/100 | 110 \/100<br \/>\nGrau de Prote\u00e7\u00e3o (Classe): IP 23 S<br \/>\nClasse de Isola\u00e7\u00e3o T\u00e9rmica: H<br \/>\nTransformador de Pot\u00eancia: Inversor<br \/>\nVentila\u00e7\u00e3o (Tipo): For\u00e7ada<br \/>\nNorma: EN 60974-1<br \/>\nRecursos Especiais: Hot-Start, Arc-Force, Anti-Stick e Lift Arc.<br \/>\nDimens\u00f5es (mm) (C x L x A): 130 x 280 x 260<br \/>\nPeso (Kg): 5,0<\/p>\n<h4>V\u00eddeo explicativo<\/h4>\n<p>Confira no v\u00eddeo abaixo mais informa\u00e7\u00f5es sobre o equipamento:<\/p>\n<p><iframe loading=\"lazy\" title=\"Balmer Inversora - Joy 223 DV\" width=\"1220\" height=\"686\" src=\"https:\/\/www.youtube.com\/embed\/pfQfsLrO5YA?feature=oembed\" frameborder=\"0\" allow=\"accelerometer; autoplay; clipboard-write; encrypted-media; gyroscope; picture-in-picture\" allowfullscreen><\/iframe><\/p>\n<h4>Imagens adicionais<\/h4>\n<p>&nbsp;<\/p>\n<p>&nbsp;<\/p>\n","protected":false},"excerpt":{"rendered":"<p>Linha JOY Balmer: alto desempenho e performance<br \/>\nA inversora JOY 223 DV \u00e9 o equipamento que voc\u00ea precisa para realizar servi\u00e7os em qualquer lugar.<br \/>\nRealiza soldas com eletrodos revestidos com os recursos de Arc-Force, Hot-Start e Anti-Stick.<br \/>\nRealiza solda TIG (DC), para ligas met\u00e1licas de a\u00e7o carbono e a\u00e7o inoxid\u00e1vel, com maior facilidade para abertura do arco e sem contaminar a pe\u00e7a a ser soldada.<br \/>\nExtremamente Leve e Confi\u00e1vel, de acordo com as mais rigorosas normas t\u00e9cnicas e seguran\u00e7a!<br \/>\nInversora para soldagem Eletrodo Revestido e TIG DC.<br \/>\nCorrente de soldagem de 10 a 200A.<br \/>\nExtremamente Leve: pesa somente 5 kg.e TIG DC.<\/p>\n<h4>Valores:<\/h4>\n<p><strong>Di\u00e1ria<\/strong>: R$ 50,00<br \/>\n<strong>7 dias<\/strong>: R$ 200,00<br \/>\n<strong>15 dias<\/strong>: R$ 350,00<br \/>\n<strong>30 dias<\/strong>: R$ 500,00<\/p>\n","protected":false},"featured_media":426,"template":"","meta":[],"product_cat":[26,17],"product_tag":[],"class_list":["post-421","product","type-product","status-publish","has-post-thumbnail","hentry","product_cat-equipamentos-de-solda","product_cat-equipamentos-eletricos"],"_links":{"self":[{"href":"https:\/\/locacaoferramentas.com.br\/index.php\/wp-json\/wp\/v2\/product\/421","targetHints":{"allow":["GET"]}}],"collection":[{"href":"https:\/\/locacaoferramentas.com.br\/index.php\/wp-json\/wp\/v2\/product"}],"about":[{"href":"https:\/\/locacaoferramentas.com.br\/index.php\/wp-json\/wp\/v2\/types\/product"}],"version-history":[{"count":2,"href":"https:\/\/locacaoferramentas.com.br\/index.php\/wp-json\/wp\/v2\/product\/421\/revisions"}],"predecessor-version":[{"id":429,"href":"https:\/\/locacaoferramentas.com.br\/index.php\/wp-json\/wp\/v2\/product\/421\/revisions\/429"}],"wp:featuredmedia":[{"embeddable":true,"href":"https:\/\/locacaoferramentas.com.br\/index.php\/wp-json\/wp\/v2\/media\/426"}],"wp:attachment":[{"href":"https:\/\/locacaoferramentas.com.br\/index.php\/wp-json\/wp\/v2\/media?parent=421"}],"wp:term":[{"taxonomy":"product_cat","embeddable":true,"href":"https:\/\/locacaoferramentas.com.br\/index.php\/wp-json\/wp\/v2\/product_cat?post=421"},{"taxonomy":"product_tag","embeddable":true,"href":"https:\/\/locacaoferramentas.com.br\/index.php\/wp-json\/wp\/v2\/product_tag?post=421"}],"curies":[{"name":"wp","href":"https:\/\/api.w.org\/{rel}","templated":true}]}}