{"id":430,"date":"2021-11-29T20:28:05","date_gmt":"2021-11-29T20:28:05","guid":{"rendered":"https:\/\/locacaoferramentas.com.br\/?post_type=product&#038;p=430"},"modified":"2026-01-05T20:55:38","modified_gmt":"2026-01-05T20:55:38","slug":"rocadeira-husqvarna-143r-ii","status":"publish","type":"product","link":"https:\/\/locacaoferramentas.com.br\/index.php\/product\/rocadeira-husqvarna-143r-ii\/","title":{"rendered":"RO\u00c7ADEIRA HUSQVARNA 143R-II"},"content":{"rendered":"<h2>Ro\u00e7adeira Husqvarna 143R-II<\/h2>\n<h2 class=\"ui-pdp-bookmark ui-pdp-bookmark__link-bookmark\"><\/h2>\n<p>ESPECIFICA\u00c7\u00d5ES:<\/p>\n<p>Pot\u00eancia :1.5 kW<br \/>\nTorque, max. at rpm : 5500 rpm<br \/>\nTorque, max. : 2.3 Nm<br \/>\nVelocidade m\u00e1xima de pot\u00eancia : 7500 rpm<br \/>\nVelocidade de marcha lenta : 2500 rpm<br \/>\nVolume do tanque de combust\u00edvel : 0.95 l<br \/>\nRela\u00e7\u00e3o de transmiss\u00e3o :1.4<br \/>\nVela de igni\u00e7\u00e3o : NGK BPMR7A<\/p>\n<h4>V\u00eddeo explicativo<\/h4>\n<p>Confira no v\u00eddeo abaixo mais informa\u00e7\u00f5es sobre o equipamento:<\/p>\n<p><iframe loading=\"lazy\" title=\"Entrega t\u00e9cnica de Ro\u00e7adeira Husqvarna\" width=\"1220\" height=\"686\" src=\"https:\/\/www.youtube.com\/embed\/tPcK8BPzAqk?feature=oembed&#038;enablejsapi=1&#038;origin=https:\/\/locacaoferramentas.com.br\" frameborder=\"0\" allow=\"accelerometer; autoplay; clipboard-write; encrypted-media; gyroscope; picture-in-picture; web-share\" referrerpolicy=\"strict-origin-when-cross-origin\" allowfullscreen><\/iframe><\/p>\n<h4>Imagens adicionais<\/h4>\n<p>&nbsp;<\/p>\n<p>&nbsp;<\/p>\n","protected":false},"excerpt":{"rendered":"<p>A ro\u00e7adeira 143R-II \u00e9 sin\u00f4nimo de robustez, versatilidade e pot\u00eancia suportando longas jornadas de trabalho e condi\u00e7\u00f5es de aplica\u00e7\u00e3o severas. Ideal para conserva\u00e7\u00e3o e manuten\u00e7\u00e3o de rodovias, abertura de aceiros e ro\u00e7adas em fazendas com pastagens de grandes extens\u00f5es e entre culturas.<\/p>\n<h4>Valores:<\/h4>\n<p><strong>Di\u00e1ria<\/strong>: R$ 95,00<br \/>\n<strong>7 dias<\/strong>: R$ 380,00<br \/>\n<strong>15 dias<\/strong>: R$ 665,00<br \/>\n<strong>30 dias<\/strong>: R$ 950,00<\/p>\n","protected":false},"featured_media":432,"template":"","meta":[],"product_cat":[22,27],"product_tag":[],"class_list":["post-430","product","type-product","status-publish","has-post-thumbnail","hentry","product_cat-equipamentos-a-combustao","product_cat-jardinagem"],"_links":{"self":[{"href":"https:\/\/locacaoferramentas.com.br\/index.php\/wp-json\/wp\/v2\/product\/430","targetHints":{"allow":["GET"]}}],"collection":[{"href":"https:\/\/locacaoferramentas.com.br\/index.php\/wp-json\/wp\/v2\/product"}],"about":[{"href":"https:\/\/locacaoferramentas.com.br\/index.php\/wp-json\/wp\/v2\/types\/product"}],"version-history":[{"count":4,"href":"https:\/\/locacaoferramentas.com.br\/index.php\/wp-json\/wp\/v2\/product\/430\/revisions"}],"predecessor-version":[{"id":965,"href":"https:\/\/locacaoferramentas.com.br\/index.php\/wp-json\/wp\/v2\/product\/430\/revisions\/965"}],"wp:featuredmedia":[{"embeddable":true,"href":"https:\/\/locacaoferramentas.com.br\/index.php\/wp-json\/wp\/v2\/media\/432"}],"wp:attachment":[{"href":"https:\/\/locacaoferramentas.com.br\/index.php\/wp-json\/wp\/v2\/media?parent=430"}],"wp:term":[{"taxonomy":"product_cat","embeddable":true,"href":"https:\/\/locacaoferramentas.com.br\/index.php\/wp-json\/wp\/v2\/product_cat?post=430"},{"taxonomy":"product_tag","embeddable":true,"href":"https:\/\/locacaoferramentas.com.br\/index.php\/wp-json\/wp\/v2\/product_tag?post=430"}],"curies":[{"name":"wp","href":"https:\/\/api.w.org\/{rel}","templated":true}]}}