{"id":443,"date":"2021-11-30T12:13:29","date_gmt":"2021-11-30T12:13:29","guid":{"rendered":"https:\/\/locacaoferramentas.com.br\/?post_type=product&#038;p=443"},"modified":"2025-02-10T18:50:43","modified_gmt":"2025-02-10T18:50:43","slug":"painel-andaime-tubular-1500mm","status":"publish","type":"product","link":"https:\/\/locacaoferramentas.com.br\/index.php\/product\/painel-andaime-tubular-1500mm\/","title":{"rendered":"PAINEL ANDAIME TUBULAR 1500MM"},"content":{"rendered":"<h2 class=\"ui-pdp-title\">Painel Andaime Tubular 1500 Mm<\/h2>\n<h2 class=\"ui-pdp-bookmark ui-pdp-bookmark__link-bookmark\"><\/h2>\n<p>ESPECIFICA\u00c7\u00d5ES:<\/p>\n<p>Possui documenta\u00e7\u00e3o exigida pela NR 18, tais como ART<\/p>\n<p>Memorial de C\u00e1lculo, Manual de Montagem e Memorial Descritivo<\/p>\n<p>Fabricado em a\u00e7o SAE 1010 com di\u00e2metro de 42,40mm e parede com espessura de 2,65mm, conforme orienta a norma ABNT NBR 6494<\/p>\n<p>Eletrosoldado por processos MIG, o que proporciona menos distor\u00e7\u00e3o nas pe\u00e7as e mais velocidade durante a soldagem<\/p>\n<p>Acabamento superior e de alt\u00edssima resist\u00eancia, possibilitando maior vida \u00fatil para o equipamento<\/p>\n<p>Pintura eletrost\u00e1tica<\/p>\n<h4>V\u00eddeo explicativo<\/h4>\n<p>Confira no v\u00eddeo abaixo mais informa\u00e7\u00f5es sobre o equipamento:<\/p>\n<p><iframe loading=\"lazy\" title=\"Andaime torre LBN - Etapas da montagem\" width=\"1220\" height=\"686\" src=\"https:\/\/www.youtube.com\/embed\/io2vtPZi_io?feature=oembed\" frameborder=\"0\" allow=\"accelerometer; autoplay; clipboard-write; encrypted-media; gyroscope; picture-in-picture; web-share\" referrerpolicy=\"strict-origin-when-cross-origin\" allowfullscreen><\/iframe><\/p>\n<h4>Imagens adicionais<\/h4>\n<p>&nbsp;<\/p>\n<p>&nbsp;<\/p>\n","protected":false},"excerpt":{"rendered":"<p>Pr\u00e1tico, de f\u00e1cil montagem e manuseio, o Andaime Torre LBN \u00e9 econ\u00f4mico, pois n\u00e3o requer gastos com madeira, pregos e m\u00e3o de obra especializada, podendo ser utilizado em v\u00e1rias obras. Por estar em conformidade com a Nr18, oferece mais seguran\u00e7a e conforto para quem trabalha, contribuindo para um maior rendimento na execu\u00e7\u00e3o das tarefas.<\/p>\n<h4>Valores:<\/h4>\n<p><strong>Di\u00e1ria<\/strong>: R$ 5,00<br \/>\n<strong>7 dias<\/strong>: R$ 11,00<br \/>\n<strong>15 dias<\/strong>: R$ 15,00<br \/>\n<strong>30 dias<\/strong>: R$ 20,00<\/p>\n","protected":false},"featured_media":445,"template":"","meta":[],"product_cat":[20,28],"product_tag":[],"class_list":["post-443","product","type-product","status-publish","has-post-thumbnail","hentry","product_cat-alvenaria","product_cat-andaimes"],"_links":{"self":[{"href":"https:\/\/locacaoferramentas.com.br\/index.php\/wp-json\/wp\/v2\/product\/443","targetHints":{"allow":["GET"]}}],"collection":[{"href":"https:\/\/locacaoferramentas.com.br\/index.php\/wp-json\/wp\/v2\/product"}],"about":[{"href":"https:\/\/locacaoferramentas.com.br\/index.php\/wp-json\/wp\/v2\/types\/product"}],"version-history":[{"count":2,"href":"https:\/\/locacaoferramentas.com.br\/index.php\/wp-json\/wp\/v2\/product\/443\/revisions"}],"predecessor-version":[{"id":917,"href":"https:\/\/locacaoferramentas.com.br\/index.php\/wp-json\/wp\/v2\/product\/443\/revisions\/917"}],"wp:featuredmedia":[{"embeddable":true,"href":"https:\/\/locacaoferramentas.com.br\/index.php\/wp-json\/wp\/v2\/media\/445"}],"wp:attachment":[{"href":"https:\/\/locacaoferramentas.com.br\/index.php\/wp-json\/wp\/v2\/media?parent=443"}],"wp:term":[{"taxonomy":"product_cat","embeddable":true,"href":"https:\/\/locacaoferramentas.com.br\/index.php\/wp-json\/wp\/v2\/product_cat?post=443"},{"taxonomy":"product_tag","embeddable":true,"href":"https:\/\/locacaoferramentas.com.br\/index.php\/wp-json\/wp\/v2\/product_tag?post=443"}],"curies":[{"name":"wp","href":"https:\/\/api.w.org\/{rel}","templated":true}]}}