{"id":447,"date":"2021-11-30T13:06:39","date_gmt":"2021-11-30T13:06:39","guid":{"rendered":"https:\/\/locacaoferramentas.com.br\/?post_type=product&#038;p=447"},"modified":"2026-01-05T20:46:57","modified_gmt":"2026-01-05T20:46:57","slug":"escada-extensivel-8-metros","status":"publish","type":"product","link":"https:\/\/locacaoferramentas.com.br\/index.php\/product\/escada-extensivel-8-metros\/","title":{"rendered":"ESCADA EXTENS\u00cdVEL 8 METROS"},"content":{"rendered":"<h2 class=\"ui-pdp-title\">Escada Extens\u00edvel 8 Metros<\/h2>\n<h2 class=\"ui-pdp-bookmark ui-pdp-bookmark__link-bookmark\"><\/h2>\n<p>ESPECIFICA\u00c7\u00d5ES:<\/p>\n<p>Liga de alum\u00ednio Estrutural.<\/p>\n<p>Base larga com 910mm.<\/p>\n<p>Degraus planos e estriados.<\/p>\n<p>Fixa\u00e7\u00e3o r\u00edgida dos degraus.<\/p>\n<p>8,08 m Estendida.<\/p>\n<p>4,40 m Aberta (Pintor).<\/p>\n<p>4,75 m Separada.<\/p>\n<p>Carga m\u00e1xima 120 kg.<\/p>\n<h4>V\u00eddeo explicativo<\/h4>\n<p>Confira no v\u00eddeo abaixo mais informa\u00e7\u00f5es sobre o equipamento:<\/p>\n<h4>Imagens adicionais<\/h4>\n<p>&nbsp;<\/p>\n<p>&nbsp;<\/p>\n","protected":false},"excerpt":{"rendered":"<p>Escada comercial Super 15 da Alulev, pode ser utilizada de 3 maneiras diferentes: Estendida, aberta (pintor) e m\u00f3dulos separados.<\/p>\n<p>8,08 m Estendida.<\/p>\n<p>4,40 m Aberta (Pintor).<\/p>\n<p>4,75 m Separada.<\/p>\n<p>Carga m\u00e1xima 120 kg.<\/p>\n<h4>Valores:<\/h4>\n<p><strong>Di\u00e1ria<\/strong>: R$ 50,00<br \/>\n<strong>7 dias<\/strong>: R$ 200,00<br \/>\n<strong>15 dias<\/strong>: R$ 350,00<br \/>\n<strong>30 dias<\/strong>: R$ 500,00<\/p>\n","protected":false},"featured_media":547,"template":"","meta":[],"product_cat":[20,29,27],"product_tag":[],"class_list":["post-447","product","type-product","status-publish","has-post-thumbnail","hentry","product_cat-alvenaria","product_cat-escadas","product_cat-jardinagem"],"_links":{"self":[{"href":"https:\/\/locacaoferramentas.com.br\/index.php\/wp-json\/wp\/v2\/product\/447","targetHints":{"allow":["GET"]}}],"collection":[{"href":"https:\/\/locacaoferramentas.com.br\/index.php\/wp-json\/wp\/v2\/product"}],"about":[{"href":"https:\/\/locacaoferramentas.com.br\/index.php\/wp-json\/wp\/v2\/types\/product"}],"version-history":[{"count":4,"href":"https:\/\/locacaoferramentas.com.br\/index.php\/wp-json\/wp\/v2\/product\/447\/revisions"}],"predecessor-version":[{"id":961,"href":"https:\/\/locacaoferramentas.com.br\/index.php\/wp-json\/wp\/v2\/product\/447\/revisions\/961"}],"wp:featuredmedia":[{"embeddable":true,"href":"https:\/\/locacaoferramentas.com.br\/index.php\/wp-json\/wp\/v2\/media\/547"}],"wp:attachment":[{"href":"https:\/\/locacaoferramentas.com.br\/index.php\/wp-json\/wp\/v2\/media?parent=447"}],"wp:term":[{"taxonomy":"product_cat","embeddable":true,"href":"https:\/\/locacaoferramentas.com.br\/index.php\/wp-json\/wp\/v2\/product_cat?post=447"},{"taxonomy":"product_tag","embeddable":true,"href":"https:\/\/locacaoferramentas.com.br\/index.php\/wp-json\/wp\/v2\/product_tag?post=447"}],"curies":[{"name":"wp","href":"https:\/\/api.w.org\/{rel}","templated":true}]}}