{"id":452,"date":"2021-11-30T14:19:04","date_gmt":"2021-11-30T14:19:04","guid":{"rendered":"https:\/\/locacaoferramentas.com.br\/?post_type=product&#038;p=452"},"modified":"2026-01-05T20:44:59","modified_gmt":"2026-01-05T20:44:59","slug":"vibrador-de-concreto-bosch-mangote-35m","status":"publish","type":"product","link":"https:\/\/locacaoferramentas.com.br\/index.php\/product\/vibrador-de-concreto-bosch-mangote-35m\/","title":{"rendered":"VIBRADOR DE CONCRETO &#8211; BOSCH + MANGOTE 1,5M OU 3,5M"},"content":{"rendered":"<h2>Vibrador De Concreto &#8211; Bosch + Mangote 1,5m ou 3,5m<\/h2>\n<h2 class=\"ui-pdp-bookmark ui-pdp-bookmark__link-bookmark\"><\/h2>\n<p>ESPECIFICA\u00c7\u00d5ES:<\/p>\n<p>Pot\u00eancia nominal absorvida: 2,200 W<\/p>\n<p>Frequ\u00eancia el\u00e9trica: 50 , 60 Hz<\/p>\n<p>Vibra\u00e7\u00f5es de frequ\u00eancia nominal: 15,000 v.p.m.<\/p>\n<p>Amplitude: 4.3 mm<\/p>\n<p>Peso 5.5 kg<\/p>\n<p>Sistema de fixa\u00e7\u00e3o da mangueira: Exc\u00eantrico<\/p>\n<p>Interruptor de seguran\u00e7a PRCD<\/p>\n<p>Fus\u00edvel de seguran\u00e7a<\/p>\n<p>Variantes de mangueira: 3,5 m com 35 mm de di\u00e2metro<\/p>\n<p>Dimens\u00f5es da ferramenta (largura): 122.5 mm<\/p>\n<p>Dimens\u00f5es da ferramenta (comprimento): 328 mm<\/p>\n<p>Mangote para Vibrador de Imers\u00e3o 3,5 M F000600390 Bosch<\/p>\n<p>Garrafa Vibratoria: 35 mm<\/p>\n<p>Comprimento: 3,5 metros ou 1,5 metros<\/p>\n<h4>V\u00eddeo explicativo<\/h4>\n<p>Confira no v\u00eddeo abaixo mais informa\u00e7\u00f5es sobre o equipamento:<\/p>\n<p><iframe loading=\"lazy\" title=\"Vibrador de Concreto GVC 22 EX\" width=\"1220\" height=\"686\" src=\"https:\/\/www.youtube.com\/embed\/oTvJBGQ1IgM?feature=oembed&#038;enablejsapi=1&#038;origin=https:\/\/locacaoferramentas.com.br\" frameborder=\"0\" allow=\"accelerometer; autoplay; clipboard-write; encrypted-media; gyroscope; picture-in-picture; web-share\" referrerpolicy=\"strict-origin-when-cross-origin\" allowfullscreen><\/iframe><\/p>\n<h4>Imagens adicionais<\/h4>\n<p>&nbsp;<\/p>\n<p>&nbsp;<\/p>\n","protected":false},"excerpt":{"rendered":"<p>Pot\u00eancia elevada e taxa de peso.<br \/>\nFun\u00e7\u00f5es de seguran\u00e7a (disponibilizadas apenas pela Bosch): interruptor PRCD e fus\u00edvel de seguran\u00e7a.<br \/>\nF\u00e1cil de usar: f\u00e1cil sistema de clique para a mudan\u00e7a da carca\u00e7a e design port\u00e1til.<br \/>\nSistema de troca r\u00e1pida dos mangotes.<\/p>\n<h4>Valores:<\/h4>\n<p><strong>Di\u00e1ria<\/strong>: R$ 80,00<br \/>\n<strong>7 dias<\/strong>: R$ 320,00<br \/>\n<strong>15 dias<\/strong>: R$ 560,00<br \/>\n<strong>30 dias<\/strong>: R$ 800,00<\/p>\n","protected":false},"featured_media":454,"template":"","meta":[],"product_cat":[20,30,17],"product_tag":[],"class_list":["post-452","product","type-product","status-publish","has-post-thumbnail","hentry","product_cat-alvenaria","product_cat-concreto","product_cat-equipamentos-eletricos"],"_links":{"self":[{"href":"https:\/\/locacaoferramentas.com.br\/index.php\/wp-json\/wp\/v2\/product\/452","targetHints":{"allow":["GET"]}}],"collection":[{"href":"https:\/\/locacaoferramentas.com.br\/index.php\/wp-json\/wp\/v2\/product"}],"about":[{"href":"https:\/\/locacaoferramentas.com.br\/index.php\/wp-json\/wp\/v2\/types\/product"}],"version-history":[{"count":5,"href":"https:\/\/locacaoferramentas.com.br\/index.php\/wp-json\/wp\/v2\/product\/452\/revisions"}],"predecessor-version":[{"id":959,"href":"https:\/\/locacaoferramentas.com.br\/index.php\/wp-json\/wp\/v2\/product\/452\/revisions\/959"}],"wp:featuredmedia":[{"embeddable":true,"href":"https:\/\/locacaoferramentas.com.br\/index.php\/wp-json\/wp\/v2\/media\/454"}],"wp:attachment":[{"href":"https:\/\/locacaoferramentas.com.br\/index.php\/wp-json\/wp\/v2\/media?parent=452"}],"wp:term":[{"taxonomy":"product_cat","embeddable":true,"href":"https:\/\/locacaoferramentas.com.br\/index.php\/wp-json\/wp\/v2\/product_cat?post=452"},{"taxonomy":"product_tag","embeddable":true,"href":"https:\/\/locacaoferramentas.com.br\/index.php\/wp-json\/wp\/v2\/product_tag?post=452"}],"curies":[{"name":"wp","href":"https:\/\/api.w.org\/{rel}","templated":true}]}}