{"id":474,"date":"2021-11-30T18:26:43","date_gmt":"2021-11-30T18:26:43","guid":{"rendered":"https:\/\/locacaoferramentas.com.br\/?post_type=product&#038;p=474"},"modified":"2025-04-28T17:41:23","modified_gmt":"2025-04-28T17:41:23","slug":"parafusadeira-chave-impacto-1-4-20v-dewalt","status":"publish","type":"product","link":"https:\/\/locacaoferramentas.com.br\/index.php\/product\/parafusadeira-chave-impacto-1-4-20v-dewalt\/","title":{"rendered":"PARAFUSADEIRA CHAVE IMPACTO 1\/4 20V &#8211; DEWALT"},"content":{"rendered":"<h2 class=\"ui-pdp-title\">Parafusadeira Chave Impacto 1\/4 20v &#8211; Dewalt<\/h2>\n<p>&nbsp;<\/p>\n<p>ESPECIFICA\u00c7\u00d5ES:<\/p>\n<p>Fixa\u00e7\u00f5es cont\u00ednuas de Parafusos e Porcas Impactos\/Min: 3200 IPM<\/p>\n<p>Torque m\u00e1ximo: 360 Nm<\/p>\n<p>Comprimento da ferramenta: 129 mm<\/p>\n<p>Velocidade m\u00e1xima: 2800 RPM<\/p>\n<p>Sistema: 20V MAX*<\/p>\n<p>Peso da ferramenta: 0,95 kg<\/p>\n<h4>V\u00eddeo explicativo<\/h4>\n<p>Confira no v\u00eddeo abaixo mais informa\u00e7\u00f5es sobre o equipamento:<\/p>\n<p><iframe loading=\"lazy\" title=\"DEWALT - PARAFUSADEIRA DE IMPACTO 1\/4&quot; (6,35mm)  20V MAX* XR ATOMIC LI-ION, 192Nm - DCF809D2\" width=\"1220\" height=\"686\" src=\"https:\/\/www.youtube.com\/embed\/PyamY_X2Uho?feature=oembed&#038;enablejsapi=1&#038;origin=https:\/\/locacaoferramentas.com.br\" frameborder=\"0\" allow=\"accelerometer; autoplay; clipboard-write; encrypted-media; gyroscope; picture-in-picture; web-share\" referrerpolicy=\"strict-origin-when-cross-origin\" allowfullscreen><\/iframe><\/p>\n<h4>Imagens adicionais<\/h4>\n<p>&nbsp;<\/p>\n<p>&nbsp;<\/p>\n","protected":false},"excerpt":{"rendered":"<p>Compacta com apenas 130 mm de comprimento para operar em espa\u00e7os reduzidos 360 Nm de torque entregando a pot\u00eancia que voc\u00ea precisa para quase todo tipo de aplica\u00e7\u00e3o de aperto.<br \/>\nGatilho de velocidade vari\u00e1vel permite maior controle e precis\u00e3o.<br \/>\nMotor Brushles (sem escova de carv\u00e3o) para maior desempenho e autonomia<br \/>\n3 LEDs brilhantes para espa\u00e7os mal iluminados<\/p>\n<h4 style=\"text-align: left;\">Valores:<\/h4>\n<p><strong>Di\u00e1ria<\/strong>: R$ 40,00<br \/>\n<strong>7 dias<\/strong>: R$ 160,00<br \/>\n<strong>15 dias<\/strong>: R$ 250,00<br \/>\n<strong>30 dias<\/strong>: R$ 400,00<\/p>\n","protected":false},"featured_media":478,"template":"","meta":[],"product_cat":[20,33,34],"product_tag":[],"class_list":["post-474","product","type-product","status-publish","has-post-thumbnail","hentry","product_cat-alvenaria","product_cat-equipamentos-a-bateria","product_cat-parafusadeira"],"_links":{"self":[{"href":"https:\/\/locacaoferramentas.com.br\/index.php\/wp-json\/wp\/v2\/product\/474","targetHints":{"allow":["GET"]}}],"collection":[{"href":"https:\/\/locacaoferramentas.com.br\/index.php\/wp-json\/wp\/v2\/product"}],"about":[{"href":"https:\/\/locacaoferramentas.com.br\/index.php\/wp-json\/wp\/v2\/types\/product"}],"version-history":[{"count":3,"href":"https:\/\/locacaoferramentas.com.br\/index.php\/wp-json\/wp\/v2\/product\/474\/revisions"}],"predecessor-version":[{"id":943,"href":"https:\/\/locacaoferramentas.com.br\/index.php\/wp-json\/wp\/v2\/product\/474\/revisions\/943"}],"wp:featuredmedia":[{"embeddable":true,"href":"https:\/\/locacaoferramentas.com.br\/index.php\/wp-json\/wp\/v2\/media\/478"}],"wp:attachment":[{"href":"https:\/\/locacaoferramentas.com.br\/index.php\/wp-json\/wp\/v2\/media?parent=474"}],"wp:term":[{"taxonomy":"product_cat","embeddable":true,"href":"https:\/\/locacaoferramentas.com.br\/index.php\/wp-json\/wp\/v2\/product_cat?post=474"},{"taxonomy":"product_tag","embeddable":true,"href":"https:\/\/locacaoferramentas.com.br\/index.php\/wp-json\/wp\/v2\/product_tag?post=474"}],"curies":[{"name":"wp","href":"https:\/\/api.w.org\/{rel}","templated":true}]}}