{"id":509,"date":"2021-12-02T13:08:31","date_gmt":"2021-12-02T13:08:31","guid":{"rendered":"https:\/\/locacaoferramentas.com.br\/?post_type=product&#038;p=509"},"modified":"2025-04-28T17:32:05","modified_gmt":"2025-04-28T17:32:05","slug":"esmerilhadeira-angular-7-polegadas-bosch-2200w","status":"publish","type":"product","link":"https:\/\/locacaoferramentas.com.br\/index.php\/product\/esmerilhadeira-angular-7-polegadas-bosch-2200w\/","title":{"rendered":"ESMERILHADEIRA ANGULAR 7 POLEGADAS &#8211; BOSCH 2200W"},"content":{"rendered":"<h2 class=\"ui-pdp-title\">Esmerilhadeira Angular 7 Polegadas &#8211; Bosch 2200w<\/h2>\n<p>&nbsp;<\/p>\n<p>ESPECIFICA\u00c7\u00d5ES:<\/p>\n<p>Corte e desbaste em todo tipo de metal<\/p>\n<p>Especifica\u00e7\u00f5es T\u00e9cnica:<br \/>\n&#8211; Eixo: M14<br \/>\n&#8211; Pot\u00eancia: 2200W<br \/>\n&#8211; Oscila\u00e7\u00f5es por carga: 8500rpm<br \/>\n&#8211; Di\u00e2metro rebolo tipo copo: 7 Pol<br \/>\n&#8211; Di\u00e2metro escova de a\u00e7o: 180mm \/ 7 Pol<br \/>\n&#8211; Di\u00e2metro disco de lixa ou Dimens\u00e3o da Lixa: 180mm<\/p>\n<p>Dimens\u00f5es do Produto:<br \/>\n&#8211; Peso: 4,9kg<br \/>\n&#8211; Altura: 14cm<br \/>\n&#8211; Largura: 14cm<br \/>\n&#8211; Comprimento: 51,5cm<br \/>\n&#8211; Comprimento do Cabo: 2m<\/p>\n<h4><span style=\"font-size: 14px;\">Confira no v\u00eddeo abaixo mais informa\u00e7\u00f5es sobre o equipamento:<\/span><\/h4>\n<p><iframe loading=\"lazy\" title=\"Lixadeira Angular GWS 22 U\" width=\"1220\" height=\"686\" src=\"https:\/\/www.youtube.com\/embed\/mB1OTFhORRg?feature=oembed&#038;enablejsapi=1&#038;origin=https:\/\/locacaoferramentas.com.br\" frameborder=\"0\" allow=\"accelerometer; autoplay; clipboard-write; encrypted-media; gyroscope; picture-in-picture; web-share\" referrerpolicy=\"strict-origin-when-cross-origin\" allowfullscreen><\/iframe><\/p>\n<p>&nbsp;<\/p>\n<h4>Imagens adicionais<\/h4>\n<p>&nbsp;<\/p>\n<p>&nbsp;<\/p>\n","protected":false},"excerpt":{"rendered":"<p>A Esmerilhadeira Angular Bosch GWS 2200-180 2200W 7 Polegadas, possui 2200 Watts de pot\u00eancia sendo a solu\u00e7\u00e3o para realiza\u00e7\u00e3o de cortes e desbastes em materiais met\u00e1licos, como ferro e a\u00e7o. Pode ser utilizada para corte em alvenaria e concreto &#8211; note que para cada tipo de aplica\u00e7\u00e3o existe um acess\u00f3rio correto (discos abrasivos ou discos diamantados).<\/p>\n<h4 style=\"text-align: left;\">Valores:<\/h4>\n<p><strong>Di\u00e1ria<\/strong>: R$ 40,00<br \/>\n<strong>7 dias<\/strong>: R$ 120,00<br \/>\n<strong>15 dias<\/strong>: R$ 200,00<br \/>\n<strong>30 dias<\/strong>: R$ 300,00<\/p>\n","protected":false},"featured_media":510,"template":"","meta":[],"product_cat":[20,17,19],"product_tag":[],"class_list":["post-509","product","type-product","status-publish","has-post-thumbnail","hentry","product_cat-alvenaria","product_cat-equipamentos-eletricos","product_cat-marcenaria"],"_links":{"self":[{"href":"https:\/\/locacaoferramentas.com.br\/index.php\/wp-json\/wp\/v2\/product\/509","targetHints":{"allow":["GET"]}}],"collection":[{"href":"https:\/\/locacaoferramentas.com.br\/index.php\/wp-json\/wp\/v2\/product"}],"about":[{"href":"https:\/\/locacaoferramentas.com.br\/index.php\/wp-json\/wp\/v2\/types\/product"}],"version-history":[{"count":6,"href":"https:\/\/locacaoferramentas.com.br\/index.php\/wp-json\/wp\/v2\/product\/509\/revisions"}],"predecessor-version":[{"id":938,"href":"https:\/\/locacaoferramentas.com.br\/index.php\/wp-json\/wp\/v2\/product\/509\/revisions\/938"}],"wp:featuredmedia":[{"embeddable":true,"href":"https:\/\/locacaoferramentas.com.br\/index.php\/wp-json\/wp\/v2\/media\/510"}],"wp:attachment":[{"href":"https:\/\/locacaoferramentas.com.br\/index.php\/wp-json\/wp\/v2\/media?parent=509"}],"wp:term":[{"taxonomy":"product_cat","embeddable":true,"href":"https:\/\/locacaoferramentas.com.br\/index.php\/wp-json\/wp\/v2\/product_cat?post=509"},{"taxonomy":"product_tag","embeddable":true,"href":"https:\/\/locacaoferramentas.com.br\/index.php\/wp-json\/wp\/v2\/product_tag?post=509"}],"curies":[{"name":"wp","href":"https:\/\/api.w.org\/{rel}","templated":true}]}}