{"id":520,"date":"2021-12-02T13:31:00","date_gmt":"2021-12-02T13:31:00","guid":{"rendered":"https:\/\/locacaoferramentas.com.br\/?post_type=product&#038;p=520"},"modified":"2025-04-28T17:31:04","modified_gmt":"2025-04-28T17:31:04","slug":"esmerilhadeira-angular-4-polegadas-bosch-850w","status":"publish","type":"product","link":"https:\/\/locacaoferramentas.com.br\/index.php\/product\/esmerilhadeira-angular-4-polegadas-bosch-850w\/","title":{"rendered":"ESMERILHADEIRA ANGULAR  4 POLEGADAS &#8211; BOSCH 850W"},"content":{"rendered":"<h2 class=\"ui-pdp-title\">Esmerilhadeira Angular 4 Polegadas &#8211; Bosch 850w<\/h2>\n<p>&nbsp;<\/p>\n<p>ESPECIFICA\u00c7\u00d5ES:<\/p>\n<p>Corte e desbaste em todo tipo de metal<\/p>\n<p>Especifica\u00e7\u00f5es T\u00e9cnica:<\/p>\n<p>Voltagem: 220V<\/p>\n<p>Velocidade: 12000 rpm<\/p>\n<p>Pot\u00eancia: 850W<\/p>\n<p>Cabo: 02 metros<\/p>\n<p>Linha de giro: M14 5\/8<\/p>\n<p>Di\u00e2metro do disco: 115mm<\/p>\n<h4><span style=\"font-size: 14px;\">Confira no v\u00eddeo abaixo mais informa\u00e7\u00f5es sobre o equipamento:<\/span><\/h4>\n<p><iframe loading=\"lazy\" title=\"Esmerilhadeira Bosch GWS 850\" width=\"1220\" height=\"686\" src=\"https:\/\/www.youtube.com\/embed\/sGBueZbgEDs?feature=oembed&#038;enablejsapi=1&#038;origin=https:\/\/locacaoferramentas.com.br\" frameborder=\"0\" allow=\"accelerometer; autoplay; clipboard-write; encrypted-media; gyroscope; picture-in-picture; web-share\" referrerpolicy=\"strict-origin-when-cross-origin\" allowfullscreen><\/iframe><\/p>\n<p>&nbsp;<\/p>\n<h4>Imagens adicionais<\/h4>\n<p>&nbsp;<\/p>\n<p>&nbsp;<\/p>\n","protected":false},"excerpt":{"rendered":"<p>A Esmerilhadeira Profissional GWS 850 da Bosch facilita o trabalho at\u00e9 em lugares de dif\u00edcil acesso, por ser compacta, pequena e leve. \u00c9 ideal para o uso de serralheiros, funileiros, pedreiros, metal\u00fargicos e instaladores em geral. N\u00e3o \u00e9 indicada para uso industrial.<br \/>\nPossui capa de prote\u00e7\u00e3o com pontos fixos de ajuste: n\u00e3o se desloca em caso de quebra do disco. Al\u00e9m de um bot\u00e3o de acionamento selado contra p\u00f3 com maior comodidade.<\/p>\n<h4 style=\"text-align: left;\">Valores:<\/h4>\n<p><strong>Di\u00e1ria<\/strong>: R$ 30,00<br \/>\n<strong>7 dias<\/strong>: R$ 90,00<br \/>\n<strong>15 dias<\/strong>: R$ 120,00<br \/>\n<strong>30 dias<\/strong>: R$ 200,00<\/p>\n","protected":false},"featured_media":523,"template":"","meta":[],"product_cat":[20,17],"product_tag":[],"class_list":["post-520","product","type-product","status-publish","has-post-thumbnail","hentry","product_cat-alvenaria","product_cat-equipamentos-eletricos"],"_links":{"self":[{"href":"https:\/\/locacaoferramentas.com.br\/index.php\/wp-json\/wp\/v2\/product\/520","targetHints":{"allow":["GET"]}}],"collection":[{"href":"https:\/\/locacaoferramentas.com.br\/index.php\/wp-json\/wp\/v2\/product"}],"about":[{"href":"https:\/\/locacaoferramentas.com.br\/index.php\/wp-json\/wp\/v2\/types\/product"}],"version-history":[{"count":2,"href":"https:\/\/locacaoferramentas.com.br\/index.php\/wp-json\/wp\/v2\/product\/520\/revisions"}],"predecessor-version":[{"id":937,"href":"https:\/\/locacaoferramentas.com.br\/index.php\/wp-json\/wp\/v2\/product\/520\/revisions\/937"}],"wp:featuredmedia":[{"embeddable":true,"href":"https:\/\/locacaoferramentas.com.br\/index.php\/wp-json\/wp\/v2\/media\/523"}],"wp:attachment":[{"href":"https:\/\/locacaoferramentas.com.br\/index.php\/wp-json\/wp\/v2\/media?parent=520"}],"wp:term":[{"taxonomy":"product_cat","embeddable":true,"href":"https:\/\/locacaoferramentas.com.br\/index.php\/wp-json\/wp\/v2\/product_cat?post=520"},{"taxonomy":"product_tag","embeddable":true,"href":"https:\/\/locacaoferramentas.com.br\/index.php\/wp-json\/wp\/v2\/product_tag?post=520"}],"curies":[{"name":"wp","href":"https:\/\/api.w.org\/{rel}","templated":true}]}}