{"id":530,"date":"2021-12-04T14:14:14","date_gmt":"2021-12-04T14:14:14","guid":{"rendered":"https:\/\/locacaoferramentas.com.br\/?post_type=product&#038;p=530"},"modified":"2021-12-22T20:17:31","modified_gmt":"2021-12-22T20:17:31","slug":"bomba-submersivel-csm-bs-3-de-mangote-6-metros","status":"publish","type":"product","link":"https:\/\/locacaoferramentas.com.br\/index.php\/product\/bomba-submersivel-csm-bs-3-de-mangote-6-metros\/","title":{"rendered":"BOMBA SUBMERS\u00cdVEL CSM BS 3 DE MANGOTE 6 METROS"},"content":{"rendered":"<h2 class=\"ui-pdp-title\">Bomba Submers\u00edvel CSM BS 3 De Mangote 6 Metros<\/h2>\n<p>&nbsp;<\/p>\n<p>ESPECIFICA\u00c7\u00d5ES:<\/p>\n<p>Marca: CSM<\/p>\n<p>Modelo: BS3<\/p>\n<p>Comprimento: 6 metros<\/p>\n<p>Di\u00e2metro de Recalque: 76,2mm (3&#8243;)<\/p>\n<p>Altura M\u00e1xima: 18 m.c.a.<\/p>\n<p>Vaz\u00e3o M\u00e1xima: 70.000 L\/h ou 1.166 L\/min<\/p>\n<p>Peso: 28kg<\/p>\n<p>Dimens\u00f5es da Embalagem: 80cm x 80cm x 20cm<\/p>\n<h4><span style=\"font-size: 14px;\">Confira no v\u00eddeo abaixo mais informa\u00e7\u00f5es sobre o equipamento:<\/span><\/h4>\n<p>&nbsp;<\/p>\n<h4>Imagens adicionais<\/h4>\n<p>&nbsp;<\/p>\n<p>&nbsp;<\/p>\n","protected":false},"excerpt":{"rendered":"<p>Bomba Submers\u00edvel de Mangote 3 Pol. 6m CSM BS3<br \/>\nBombas cujo podem ser acopladas a um motor de acionamento el\u00e9trico ou \u00e0 combust\u00e3o.<br \/>\nAplica\u00e7\u00f5es:<br \/>\nSuc\u00e7\u00e3o de \u00e1gua em pequenos po\u00e7os ou valas<br \/>\nIndicados para uso com motores el\u00e9tricos trif\u00e1sico de 2,5 cv e motores a combust\u00e3o de 5,5 HP<\/p>\n<h4 style=\"text-align: left;\">Valores:<\/h4>\n<p><strong>Di\u00e1ria<\/strong>: R$ 50,00<br \/>\n<strong>7 dias<\/strong>: R$ 150,00<br \/>\n<strong>15 dias<\/strong>: R$ 250,00<br \/>\n<strong>30 dias<\/strong>: R$ 400,00<\/p>\n","protected":false},"featured_media":532,"template":"","meta":[],"product_cat":[36],"product_tag":[],"class_list":["post-530","product","type-product","status-publish","has-post-thumbnail","hentry","product_cat-motobomba"],"_links":{"self":[{"href":"https:\/\/locacaoferramentas.com.br\/index.php\/wp-json\/wp\/v2\/product\/530","targetHints":{"allow":["GET"]}}],"collection":[{"href":"https:\/\/locacaoferramentas.com.br\/index.php\/wp-json\/wp\/v2\/product"}],"about":[{"href":"https:\/\/locacaoferramentas.com.br\/index.php\/wp-json\/wp\/v2\/types\/product"}],"version-history":[{"count":3,"href":"https:\/\/locacaoferramentas.com.br\/index.php\/wp-json\/wp\/v2\/product\/530\/revisions"}],"predecessor-version":[{"id":638,"href":"https:\/\/locacaoferramentas.com.br\/index.php\/wp-json\/wp\/v2\/product\/530\/revisions\/638"}],"wp:featuredmedia":[{"embeddable":true,"href":"https:\/\/locacaoferramentas.com.br\/index.php\/wp-json\/wp\/v2\/media\/532"}],"wp:attachment":[{"href":"https:\/\/locacaoferramentas.com.br\/index.php\/wp-json\/wp\/v2\/media?parent=530"}],"wp:term":[{"taxonomy":"product_cat","embeddable":true,"href":"https:\/\/locacaoferramentas.com.br\/index.php\/wp-json\/wp\/v2\/product_cat?post=530"},{"taxonomy":"product_tag","embeddable":true,"href":"https:\/\/locacaoferramentas.com.br\/index.php\/wp-json\/wp\/v2\/product_tag?post=530"}],"curies":[{"name":"wp","href":"https:\/\/api.w.org\/{rel}","templated":true}]}}