{"id":542,"date":"2021-12-06T16:37:29","date_gmt":"2021-12-06T16:37:29","guid":{"rendered":"https:\/\/locacaoferramentas.com.br\/?post_type=product&#038;p=542"},"modified":"2026-01-05T20:40:20","modified_gmt":"2026-01-05T20:40:20","slug":"perfurador-de-solo-gasolina-com-broca-vonder","status":"publish","type":"product","link":"https:\/\/locacaoferramentas.com.br\/index.php\/product\/perfurador-de-solo-gasolina-com-broca-vonder\/","title":{"rendered":"PERFURADOR DE SOLO GASOLINA COM BROCA- VONDER"},"content":{"rendered":"<h2 class=\"ui-pdp-title\">Perfurador De Solo Gasolina com Broca &#8211; Vonder<\/h2>\n<h4><\/h4>\n<p>ESPECIFICA\u00c7\u00d5ES:<\/p>\n<p>Tipo de motor a combust\u00e3o: Monocil\u00edndrico &#8211; 2 tempos, refrigerado a ar<\/p>\n<p>Pot\u00eancia do motor a gasolina:2,0 cv (1,4 kw) &#8211; 52 cm\u00b3 (cc)<\/p>\n<p>Torque do motor:2,1 N\u00b7m<\/p>\n<p>Rota\u00e7\u00e3o m\u00ednima do motor:3200 \/min<\/p>\n<p>Rota\u00e7\u00e3o m\u00e1xima do motor (rpm):7500 \/min<\/p>\n<p>Tipo \/ medida do encaixe da broca: Por pino &#8211; 20 mm<\/p>\n<p>Medida do pino trava da broca:8 mm x 45 mm<\/p>\n<p>Di\u00e2metro da broca do perfurador:60 mm a 300 mm<\/p>\n<p>Altura da broca:800 mm<\/p>\n<p>Dire\u00e7\u00e3o de rota\u00e7\u00e3o: Sentido hor\u00e1rio<\/p>\n<p>Capacidade do tanque de combust\u00edvel:1 L<\/p>\n<p>Sistema de partida do motor: Manual retr\u00e1til<\/p>\n<p>Combust\u00edvel: Gasolina comum com \u00f3leo 2 tempos<\/p>\n<p>Consumo aproximado do motor:1,2 litros\/hora<\/p>\n<h4><\/h4>\n<h4>Imagens adicionais<\/h4>\n<p>&nbsp;<\/p>\n<p>&nbsp;<\/p>\n","protected":false},"excerpt":{"rendered":"<p>Equipamento profissional indicado para \u00e1rea florestal e agropecu\u00e1ria. Ideal para perfura\u00e7\u00e3o de solo nos trabalhos de coloca\u00e7\u00e3o de cercas e estacas, para plantio de mudas de \u00e1rvores e na coleta de materiais para an\u00e1lise de solo. Indicado para solos isentos de pedras, ra\u00edzes, metais, entre outros.<br \/>\nPossui sistema de partida de f\u00e1cil acionamento (Easy-start), proporcionando maior suavidade no acionamento do retr\u00e1til ao dar a partida. Em opera\u00e7\u00e3o, oferece maior rendimento com o menor esfor\u00e7o do operador.<\/p>\n<h4>Valores:<\/h4>\n<p><strong>Di\u00e1ria<\/strong>: R$ 95,00<br \/>\n<strong>7 dias<\/strong>: R$ 380,00<br \/>\n<strong>15 dias<\/strong>: R$ 665,00<br \/>\n<strong>30 dias<\/strong>: R$ 950,00<\/p>\n","protected":false},"featured_media":543,"template":"","meta":[],"product_cat":[22,27,23],"product_tag":[],"class_list":["post-542","product","type-product","status-publish","has-post-thumbnail","hentry","product_cat-equipamentos-a-combustao","product_cat-jardinagem","product_cat-perfurador-solo"],"_links":{"self":[{"href":"https:\/\/locacaoferramentas.com.br\/index.php\/wp-json\/wp\/v2\/product\/542","targetHints":{"allow":["GET"]}}],"collection":[{"href":"https:\/\/locacaoferramentas.com.br\/index.php\/wp-json\/wp\/v2\/product"}],"about":[{"href":"https:\/\/locacaoferramentas.com.br\/index.php\/wp-json\/wp\/v2\/types\/product"}],"version-history":[{"count":4,"href":"https:\/\/locacaoferramentas.com.br\/index.php\/wp-json\/wp\/v2\/product\/542\/revisions"}],"predecessor-version":[{"id":956,"href":"https:\/\/locacaoferramentas.com.br\/index.php\/wp-json\/wp\/v2\/product\/542\/revisions\/956"}],"wp:featuredmedia":[{"embeddable":true,"href":"https:\/\/locacaoferramentas.com.br\/index.php\/wp-json\/wp\/v2\/media\/543"}],"wp:attachment":[{"href":"https:\/\/locacaoferramentas.com.br\/index.php\/wp-json\/wp\/v2\/media?parent=542"}],"wp:term":[{"taxonomy":"product_cat","embeddable":true,"href":"https:\/\/locacaoferramentas.com.br\/index.php\/wp-json\/wp\/v2\/product_cat?post=542"},{"taxonomy":"product_tag","embeddable":true,"href":"https:\/\/locacaoferramentas.com.br\/index.php\/wp-json\/wp\/v2\/product_tag?post=542"}],"curies":[{"name":"wp","href":"https:\/\/api.w.org\/{rel}","templated":true}]}}