{"id":549,"date":"2021-12-07T18:08:20","date_gmt":"2021-12-07T18:08:20","guid":{"rendered":"https:\/\/locacaoferramentas.com.br\/?post_type=product&#038;p=549"},"modified":"2025-04-28T17:27:24","modified_gmt":"2025-04-28T17:27:24","slug":"serra-circular","status":"publish","type":"product","link":"https:\/\/locacaoferramentas.com.br\/index.php\/product\/serra-circular\/","title":{"rendered":"SERRA M\u00c1RMORE 1400W 13.000 RPM &#8211; DEWALT"},"content":{"rendered":"<h2 class=\"ui-pdp-title\">Serra M\u00e1rmore 1400w 13.000 Rpm<\/h2>\n<h4><\/h4>\n<p>ESPECIFICA\u00c7\u00d5ES:<\/p>\n<p>C\u00f3digo: DW862WB2<\/p>\n<p>Pot\u00eancia: 1400W<\/p>\n<p>Tens\u00e3o: 220V<\/p>\n<p>Disco Diamantado di\u00e2metro 105 &#8211; 125 mm X 20 mm<\/p>\n<p>Capacidade M\u00e1x. Corte 90\u00b0 38 mm<\/p>\n<p>Velocidade sem Carga: 13.000 RPM<\/p>\n<p>Eixo di\u00e2metro 20 mm<\/p>\n<p>Capacidade M\u00e1x. Corte Bisel 45\u00b0<\/p>\n<h4>Imagens adicionais<\/h4>\n<p>&nbsp;<\/p>\n<p>&nbsp;<\/p>\n","protected":false},"excerpt":{"rendered":"<p>Serra M\u00e1rmore \u00e9 ideal para cortes em pisos, azulejos e paredes. Conta com interruptor de gatilho com trava de seguran\u00e7a contra acionamento acidental.<br \/>\n&#8211; Leve com desenho ergon\u00f4mico<br \/>\n&#8211; Pot\u00eancia com desempenho industrial para aplica\u00e7\u00f5es na constru\u00e7\u00e3o civil<br \/>\n&#8211; Ajuste r\u00e1pido de profundidade<br \/>\n&#8211; F\u00e1cil acesso para troca de escovas de carv\u00e3o<br \/>\n&#8211; Interruptor de gatilho com trava de seguran\u00e7a contra acionamento acidental<\/p>\n<h4>Valores:<\/h4>\n<p><strong>Di\u00e1ria<\/strong>: R$ 30,00<br \/>\n<strong>7 dias<\/strong>: R$ 90,00<br \/>\n<strong>15 dias<\/strong>: R$ 120,00<br \/>\n<strong>30 dias<\/strong>: R$ 180,00<\/p>\n","protected":false},"featured_media":550,"template":"","meta":[],"product_cat":[22,27,23],"product_tag":[],"class_list":["post-549","product","type-product","status-publish","has-post-thumbnail","hentry","product_cat-equipamentos-a-combustao","product_cat-jardinagem","product_cat-perfurador-solo"],"_links":{"self":[{"href":"https:\/\/locacaoferramentas.com.br\/index.php\/wp-json\/wp\/v2\/product\/549","targetHints":{"allow":["GET"]}}],"collection":[{"href":"https:\/\/locacaoferramentas.com.br\/index.php\/wp-json\/wp\/v2\/product"}],"about":[{"href":"https:\/\/locacaoferramentas.com.br\/index.php\/wp-json\/wp\/v2\/types\/product"}],"version-history":[{"count":2,"href":"https:\/\/locacaoferramentas.com.br\/index.php\/wp-json\/wp\/v2\/product\/549\/revisions"}],"predecessor-version":[{"id":934,"href":"https:\/\/locacaoferramentas.com.br\/index.php\/wp-json\/wp\/v2\/product\/549\/revisions\/934"}],"wp:featuredmedia":[{"embeddable":true,"href":"https:\/\/locacaoferramentas.com.br\/index.php\/wp-json\/wp\/v2\/media\/550"}],"wp:attachment":[{"href":"https:\/\/locacaoferramentas.com.br\/index.php\/wp-json\/wp\/v2\/media?parent=549"}],"wp:term":[{"taxonomy":"product_cat","embeddable":true,"href":"https:\/\/locacaoferramentas.com.br\/index.php\/wp-json\/wp\/v2\/product_cat?post=549"},{"taxonomy":"product_tag","embeddable":true,"href":"https:\/\/locacaoferramentas.com.br\/index.php\/wp-json\/wp\/v2\/product_tag?post=549"}],"curies":[{"name":"wp","href":"https:\/\/api.w.org\/{rel}","templated":true}]}}