{"id":580,"date":"2021-12-14T11:33:39","date_gmt":"2021-12-14T11:33:39","guid":{"rendered":"https:\/\/locacaoferramentas.com.br\/?post_type=product&#038;p=580"},"modified":"2025-04-28T17:54:08","modified_gmt":"2025-04-28T17:54:08","slug":"lixadeira-telescopica-parede-teto-girafa-600w-lpv600-vonder","status":"publish","type":"product","link":"https:\/\/locacaoferramentas.com.br\/index.php\/product\/lixadeira-telescopica-parede-teto-girafa-600w-lpv600-vonder\/","title":{"rendered":"LIXADEIRA TELESC\u00d3PICA PAREDE TETO GIRAFA 600W LPV600 &#8211; VONDER"},"content":{"rendered":"<h2 class=\"ui-pdp-title\">Lixadeira Telesc\u00f3pica Parede Teto Girafa 600w Lpv600 Vonder<\/h2>\n<p>&nbsp;<\/p>\n<p>ESPECIFICA\u00c7\u00d5ES:<\/p>\n<p>Pot\u00eancia (W): 600 W<\/p>\n<p>Rota\u00e7\u00e3o (rpm): 600 &#8211; 1500 rpm<\/p>\n<p>Di\u00e2metro indicado da lixa: 225 mm<\/p>\n<p>Di\u00e2metro e rosca do eixo: M6 (rosca f\u00eamea)<\/p>\n<p>Furo de entrada do cabo de extens\u00e3o:38 mm<\/p>\n<p>Comprimento da mangueira flex\u00edvel: 5,0 m<\/p>\n<p>Encaixes da mangueira flex\u00edvel:38 mm (lado lixadeira), 47 mm (lado aspirador) e adaptador para 40 mm<\/p>\n<p>Comprimento da lixadeira sem cabo de extens\u00e3o: 1,10 m<\/p>\n<p>Comprimento da lixadeira com cabo de extens\u00e3o: Ajust\u00e1vel de 1,41 m a 1,65m<\/p>\n<p>Di\u00e2metro externo da lixadeira: 250 mm<\/p>\n<p>Comprimento do cord\u00e3o el\u00e9trico: 4,00 m<\/p>\n<p>Peso aproximado:4,2 kg<\/p>\n<h4><span style=\"font-size: 14px;\">Confira no v\u00eddeo abaixo mais informa\u00e7\u00f5es sobre o equipamento:<\/span><\/h4>\n<p><iframe loading=\"lazy\" title=\"Lixadeira de Parede LPV 600 VONDER\" width=\"1220\" height=\"686\" src=\"https:\/\/www.youtube.com\/embed\/-avlhGDBCsc?start=5&#038;feature=oembed\" frameborder=\"0\" allow=\"accelerometer; autoplay; clipboard-write; encrypted-media; gyroscope; picture-in-picture\" allowfullscreen><\/iframe><\/p>\n<p>&nbsp;<\/p>\n<h4>Imagens adicionais<\/h4>\n<p>&nbsp;<\/p>\n<p>&nbsp;<\/p>\n","protected":false},"excerpt":{"rendered":"<p>Com esta lixadeira, voc\u00ea conseguir\u00e1 um trabalho de maior qualidade para seus clientes, pois ela permitir\u00e1 que voc\u00ea realize o lixamento de diferentes materiais com o melhor resultado. Consiga detalhes exclusivos!<br \/>\nPraticidade e versatilidade em uma \u00fanica ferramenta<br \/>\nA lixadeira Vonder LPV 600 \u00e9 um produto compacto e pr\u00e1tico, projetada para alcan\u00e7ar todos os espa\u00e7os das suas paredes.<\/p>\n<h4 style=\"text-align: left;\">Valores:<\/h4>\n<p><strong>Di\u00e1ria<\/strong>: R$ 50,00<br \/>\n<strong>7 dias<\/strong>: R$ 200,00<br \/>\n<strong>15 dias<\/strong>: R$ 300,00<br \/>\n<strong>30 dias<\/strong>: R$ 500,00<\/p>\n","protected":false},"featured_media":581,"template":"","meta":[],"product_cat":[20,30,17,41,32],"product_tag":[42],"class_list":["post-580","product","type-product","status-publish","has-post-thumbnail","hentry","product_cat-alvenaria","product_cat-concreto","product_cat-equipamentos-eletricos","product_cat-lixadeiras","product_cat-pintura","product_tag-lixacao"],"_links":{"self":[{"href":"https:\/\/locacaoferramentas.com.br\/index.php\/wp-json\/wp\/v2\/product\/580","targetHints":{"allow":["GET"]}}],"collection":[{"href":"https:\/\/locacaoferramentas.com.br\/index.php\/wp-json\/wp\/v2\/product"}],"about":[{"href":"https:\/\/locacaoferramentas.com.br\/index.php\/wp-json\/wp\/v2\/types\/product"}],"version-history":[{"count":2,"href":"https:\/\/locacaoferramentas.com.br\/index.php\/wp-json\/wp\/v2\/product\/580\/revisions"}],"predecessor-version":[{"id":949,"href":"https:\/\/locacaoferramentas.com.br\/index.php\/wp-json\/wp\/v2\/product\/580\/revisions\/949"}],"wp:featuredmedia":[{"embeddable":true,"href":"https:\/\/locacaoferramentas.com.br\/index.php\/wp-json\/wp\/v2\/media\/581"}],"wp:attachment":[{"href":"https:\/\/locacaoferramentas.com.br\/index.php\/wp-json\/wp\/v2\/media?parent=580"}],"wp:term":[{"taxonomy":"product_cat","embeddable":true,"href":"https:\/\/locacaoferramentas.com.br\/index.php\/wp-json\/wp\/v2\/product_cat?post=580"},{"taxonomy":"product_tag","embeddable":true,"href":"https:\/\/locacaoferramentas.com.br\/index.php\/wp-json\/wp\/v2\/product_tag?post=580"}],"curies":[{"name":"wp","href":"https:\/\/api.w.org\/{rel}","templated":true}]}}