{"id":585,"date":"2021-12-14T11:56:06","date_gmt":"2021-12-14T11:56:06","guid":{"rendered":"https:\/\/locacaoferramentas.com.br\/?post_type=product&#038;p=585"},"modified":"2025-04-28T17:29:49","modified_gmt":"2025-04-28T17:29:49","slug":"aspirador-po-e-agua-75l-2-motores-1200w-vonderplicated-aspirador-extrator-de-po-e-agua-50l-1400w-ep150-soteco-535","status":"publish","type":"product","link":"https:\/\/locacaoferramentas.com.br\/index.php\/product\/aspirador-po-e-agua-75l-2-motores-1200w-vonderplicated-aspirador-extrator-de-po-e-agua-50l-1400w-ep150-soteco-535\/","title":{"rendered":"ASPIRADOR P\u00d3 E \u00c1GUA  75L 2 MOTORES 1200W -VONDER"},"content":{"rendered":"<h2 class=\"ui-pdp-title\">Aspirador De P\u00f3 E \u00c1gua 2 Motores 1200w 75 Litros- Vonder<\/h2>\n<p>&nbsp;<\/p>\n<p>ESPECIFICA\u00c7\u00d5ES:<\/p>\n<p>Linha Profissional<\/p>\n<p>Pot\u00eancia: 2 Motores de 1200W Cada<\/p>\n<p>Voltagem: 220V<\/p>\n<p>Frequ\u00eancia: 60 Hz<\/p>\n<p>Capacidade do Reservat\u00f3rio: 75 Litros<\/p>\n<p>Aspira S\u00f3lidos e L\u00edquidos<\/p>\n<p>Possui Controle de Suc\u00e7\u00e3o de Ar<\/p>\n<p>Possui Filtro HEPA Que Libera Um Ar Mais Limpo<\/p>\n<p>Saco Recolhedor Lav\u00e1vel<\/p>\n<p>Possui Rodas e Al\u00e7as para Transporte<\/p>\n<p>Pot\u00eancia Sonora: 95dB (A)<\/p>\n<p>V\u00e1cuo Aproximado: 17,0 kPa &#8211; 170 mbar<\/p>\n<p>Comprimento Aproximado do Cabo de Energia: 5 Metros<\/p>\n<p>Dimens\u00f5es Aproximadas (CxLxA): 62&#215;54,5x84cm<\/p>\n<p><iframe loading=\"lazy\" title=\"Aspirador de P\u00f3 Vonder: Conhe\u00e7a a Linha de Aspiradores Profissionais e Dom\u00e9sticos \u2013 Connect Parts\" width=\"1220\" height=\"686\" src=\"https:\/\/www.youtube.com\/embed\/xnulApYNMXI?start=1&#038;feature=oembed&#038;enablejsapi=1&#038;origin=https:\/\/locacaoferramentas.com.br\" frameborder=\"0\" allow=\"accelerometer; autoplay; clipboard-write; encrypted-media; gyroscope; picture-in-picture; web-share\" referrerpolicy=\"strict-origin-when-cross-origin\" allowfullscreen><\/iframe><\/p>\n<h4>Imagens adicionais<\/h4>\n<p>&nbsp;<\/p>\n<p>&nbsp;<\/p>\n","protected":false},"excerpt":{"rendered":"<p>Aspira s\u00f3lidos e l\u00edquidos. Indicado para uso profissional: condom\u00ednios, escrit\u00f3rios, lava-car, entre outros.<br \/>\nAmplo reservat\u00f3rio cm encaixe f\u00e1cil, 2 motores com acionamento individual, controle de suc\u00e7\u00e3o de ar, suporte para armazenagem de acess\u00f3rios, rodas, al\u00e7a para transporte, filtro protetor do motor e filtro HEPA (filtro de sas\u00edda que libera um ar mais limpo), al\u00e9m de mangueira para dreno (remo\u00e7\u00e3o) do l\u00edquido aspirado.<\/p>\n<h4 style=\"text-align: left;\">Valores:<\/h4>\n<p><strong>Di\u00e1ria<\/strong>: R$ 60,00<br \/>\n<strong>7 dias<\/strong>: R$ 240,00<br \/>\n<strong>15 dias<\/strong>: R$ 420,00<br \/>\n<strong>30 dias<\/strong>: R$ 600,00<\/p>\n","protected":false},"featured_media":588,"template":"","meta":[],"product_cat":[43,17,44],"product_tag":[],"class_list":["post-585","product","type-product","status-publish","has-post-thumbnail","hentry","product_cat-aspirador","product_cat-equipamentos-eletricos","product_cat-limpeza"],"_links":{"self":[{"href":"https:\/\/locacaoferramentas.com.br\/index.php\/wp-json\/wp\/v2\/product\/585","targetHints":{"allow":["GET"]}}],"collection":[{"href":"https:\/\/locacaoferramentas.com.br\/index.php\/wp-json\/wp\/v2\/product"}],"about":[{"href":"https:\/\/locacaoferramentas.com.br\/index.php\/wp-json\/wp\/v2\/types\/product"}],"version-history":[{"count":3,"href":"https:\/\/locacaoferramentas.com.br\/index.php\/wp-json\/wp\/v2\/product\/585\/revisions"}],"predecessor-version":[{"id":936,"href":"https:\/\/locacaoferramentas.com.br\/index.php\/wp-json\/wp\/v2\/product\/585\/revisions\/936"}],"wp:featuredmedia":[{"embeddable":true,"href":"https:\/\/locacaoferramentas.com.br\/index.php\/wp-json\/wp\/v2\/media\/588"}],"wp:attachment":[{"href":"https:\/\/locacaoferramentas.com.br\/index.php\/wp-json\/wp\/v2\/media?parent=585"}],"wp:term":[{"taxonomy":"product_cat","embeddable":true,"href":"https:\/\/locacaoferramentas.com.br\/index.php\/wp-json\/wp\/v2\/product_cat?post=585"},{"taxonomy":"product_tag","embeddable":true,"href":"https:\/\/locacaoferramentas.com.br\/index.php\/wp-json\/wp\/v2\/product_tag?post=585"}],"curies":[{"name":"wp","href":"https:\/\/api.w.org\/{rel}","templated":true}]}}