{"id":591,"date":"2021-12-14T12:33:20","date_gmt":"2021-12-14T12:33:20","guid":{"rendered":"https:\/\/locacaoferramentas.com.br\/?post_type=product&#038;p=591"},"modified":"2025-04-28T17:28:54","modified_gmt":"2025-04-28T17:28:54","slug":"martelo-perfurador-rompedor-5-kg-bosch","status":"publish","type":"product","link":"https:\/\/locacaoferramentas.com.br\/index.php\/product\/martelo-perfurador-rompedor-5-kg-bosch\/","title":{"rendered":"MARTELO PERFURADOR ROMPEDOR 4 KG SDS PLUS- BOSCH"},"content":{"rendered":"<h2 class=\"ui-pdp-title\">Martelo Perfurador Rompedor 4 kg SDS Plus &#8211; Bosch<\/h2>\n<h4><\/h4>\n<p>ESPECIFICA\u00c7\u00d5ES:<\/p>\n<p>Pot\u00eancia 900 watts;<\/p>\n<p>Impactos por minuto: 0-3.600ipm;<\/p>\n<p>N\u00ba de rota\u00e7\u00f5es nominais: 0 \u00bf 800rpm;<\/p>\n<p>For\u00e7a de impacto: 5J (4,2 EPTA);<\/p>\n<p>Vibra\u00e7\u00e3o (perf.\/ cinz.): 12,0\/ 9,0m\/s\u00b2;<\/p>\n<p>Fun\u00e7\u00e3o perfura\u00e7\u00e3o: com e sem impacto;<\/p>\n<p>Di\u00e2metro m\u00e1ximo de perfura\u00e7\u00e3o Concreto: 32mm;<\/p>\n<p>Di\u00e2metro m\u00e1ximo de perfura\u00e7\u00e3o Metal: 13mm;<\/p>\n<p>Di\u00e2metro m\u00e1ximo de perfura\u00e7\u00e3o Madeira: 32mm;<\/p>\n<p>Peso: 4,7kg;<\/p>\n<p>Modelo: GBH 4-32 DFR;<\/p>\n<h4>V\u00eddeo explicativo<\/h4>\n<p>Confira no v\u00eddeo abaixo mais informa\u00e7\u00f5es sobre o equipamento:<\/p>\n<p><iframe loading=\"lazy\" title=\"GBH 4-32 Martelete Rompedor BOSCH\" width=\"1220\" height=\"686\" src=\"https:\/\/www.youtube.com\/embed\/El8AT6JvaP8?feature=oembed&#038;enablejsapi=1&#038;origin=https:\/\/locacaoferramentas.com.br\" frameborder=\"0\" allow=\"accelerometer; autoplay; clipboard-write; encrypted-media; gyroscope; picture-in-picture; web-share\" referrerpolicy=\"strict-origin-when-cross-origin\" allowfullscreen><\/iframe><\/p>\n<h4>Imagens adicionais<\/h4>\n<p>&nbsp;<\/p>\n<p>&nbsp;<\/p>\n","protected":false},"excerpt":{"rendered":"<p>O Martelete GBH432DFR da Bosch \u00e9 um equipamento multiuso, \u00f3timo nos rompimentos, perfura\u00e7\u00f5es e trabalhos com broca de coroa dentada;<br \/>\nA carca\u00e7a \u00e9 revestida com material isolante e resistente a golpes (DIN 57740 \/ VED 0740), proporcionando seguran\u00e7a no caso de contato acidental com condutor de eletricidade;<br \/>\nConsiderado um dos mais r\u00e1pidos modelos da classe, 30% superior aos concorrentes nas perfura\u00e7\u00f5es;<br \/>\nPerfeito para trabalhos pesados em Constru\u00e7\u00e3o Civil, Oficinas, Alvenarias, Ind\u00fastrias, entre outros;<\/p>\n<h4>Valores:<\/h4>\n<p><strong>Di\u00e1ria<\/strong>: R$ 70,00<br \/>\n<strong>7 dias<\/strong>: R$ 280,00<br \/>\n<strong>15 dias<\/strong>: R$ 450,00<br \/>\n<strong>30 dias<\/strong>: R$ 600,00<\/p>\n","protected":false},"featured_media":592,"template":"","meta":[],"product_cat":[20,30,17,19,24],"product_tag":[],"class_list":["post-591","product","type-product","status-publish","has-post-thumbnail","hentry","product_cat-alvenaria","product_cat-concreto","product_cat-equipamentos-eletricos","product_cat-marcenaria","product_cat-rompedores"],"_links":{"self":[{"href":"https:\/\/locacaoferramentas.com.br\/index.php\/wp-json\/wp\/v2\/product\/591","targetHints":{"allow":["GET"]}}],"collection":[{"href":"https:\/\/locacaoferramentas.com.br\/index.php\/wp-json\/wp\/v2\/product"}],"about":[{"href":"https:\/\/locacaoferramentas.com.br\/index.php\/wp-json\/wp\/v2\/types\/product"}],"version-history":[{"count":3,"href":"https:\/\/locacaoferramentas.com.br\/index.php\/wp-json\/wp\/v2\/product\/591\/revisions"}],"predecessor-version":[{"id":935,"href":"https:\/\/locacaoferramentas.com.br\/index.php\/wp-json\/wp\/v2\/product\/591\/revisions\/935"}],"wp:featuredmedia":[{"embeddable":true,"href":"https:\/\/locacaoferramentas.com.br\/index.php\/wp-json\/wp\/v2\/media\/592"}],"wp:attachment":[{"href":"https:\/\/locacaoferramentas.com.br\/index.php\/wp-json\/wp\/v2\/media?parent=591"}],"wp:term":[{"taxonomy":"product_cat","embeddable":true,"href":"https:\/\/locacaoferramentas.com.br\/index.php\/wp-json\/wp\/v2\/product_cat?post=591"},{"taxonomy":"product_tag","embeddable":true,"href":"https:\/\/locacaoferramentas.com.br\/index.php\/wp-json\/wp\/v2\/product_tag?post=591"}],"curies":[{"name":"wp","href":"https:\/\/api.w.org\/{rel}","templated":true}]}}