{"id":599,"date":"2021-12-14T13:36:45","date_gmt":"2021-12-14T13:36:45","guid":{"rendered":"https:\/\/locacaoferramentas.com.br\/?post_type=product&#038;p=599"},"modified":"2025-04-28T17:25:11","modified_gmt":"2025-04-28T17:25:11","slug":"serra-circular-1500w-7-1-4-gks-150-bosch","status":"publish","type":"product","link":"https:\/\/locacaoferramentas.com.br\/index.php\/product\/serra-circular-1500w-7-1-4-gks-150-bosch\/","title":{"rendered":"SERRA CIRCULAR 1500W  7 1\/4 GKS 150 &#8211; BOSCH"},"content":{"rendered":"<h2 class=\"ui-pdp-title\">Serra Circular 1500w Bosch 7 1\/4 Gks 150<\/h2>\n<h4><\/h4>\n<p>ESPECIFICA\u00c7\u00d5ES:<\/p>\n<p>Pot\u00eancia: 1.500W;<\/p>\n<p>Di\u00e2metro do Disco: 7.1\/4&#8243; (184mm);<\/p>\n<p>N\u00ba de rota\u00e7\u00f5es em vazio: 6.000rpm;<\/p>\n<p>Di\u00e2metro interior do furo do disco de serra: 15,9mm;<\/p>\n<p>Placa de guia: 290x150mm;<\/p>\n<p>Dimens\u00f5es (L x C x A): 232 x 347 x 257mm;<\/p>\n<p>Capacidade m\u00e1xima de corte em Madeira 90\u00ba: 64mm;<\/p>\n<p>Capacidade m\u00e1xima de corte em Madeira 45\u00ba: 45mm;<\/p>\n<p>Peso: 3,7Kg;<\/p>\n<p>Modelo: GKS 150;<\/p>\n<p>&nbsp;<\/p>\n<p><iframe loading=\"lazy\" title=\"Serra Circular GKS 150\" width=\"1220\" height=\"686\" src=\"https:\/\/www.youtube.com\/embed\/eqKTrfzixxI?feature=oembed&#038;enablejsapi=1&#038;origin=https:\/\/locacaoferramentas.com.br\" frameborder=\"0\" allow=\"accelerometer; autoplay; clipboard-write; encrypted-media; gyroscope; picture-in-picture; web-share\" referrerpolicy=\"strict-origin-when-cross-origin\" allowfullscreen><\/iframe><\/p>\n<h4>Imagens adicionais<\/h4>\n<p>&nbsp;<\/p>\n<p>&nbsp;<\/p>\n","protected":false},"excerpt":{"rendered":"<p>A nova Serra Circular GKS 150 tem um alto desempenho e resist\u00eancia para cortes brutos.<br \/>\nEla \u00e9 indicada para fazer cortes longitudinais e transversais em bases fixas com tra\u00e7ado de corte reto e em meia-esquadria em madeira.<br \/>\nCom as l\u00e2minas de serra adequadas tamb\u00e9m podem ser serrados metais n\u00e3o-ferrososfinos.<br \/>\nVelocidade de corte e f\u00e1cil manuseio.<br \/>\nEfici\u00eancia sa\u00edda de p\u00f3, capa de prote\u00e7\u00e3o garante que a sa\u00edda de serragem\/p\u00f3 seja feita para longe do usu\u00e1rio.<br \/>\nF\u00e1cil troca da escova de carv\u00e3o.<br \/>\nRecurso contra travamento, garante maior prote\u00e7\u00e3o ao usu\u00e1rio.<br \/>\nPunho auxiliar, robusto para maior estabilidade do corte.<\/p>\n<h4>Valores:<\/h4>\n<p><strong>Di\u00e1ria<\/strong>: R$ 30,00<br \/>\n<strong>7 dias<\/strong>: R$ 90,00<br \/>\n<strong>15 dias<\/strong>: R$ 120,00<br \/>\n<strong>30 dias<\/strong>: R$ 180,00<\/p>\n","protected":false},"featured_media":600,"template":"","meta":[],"product_cat":[17],"product_tag":[],"class_list":["post-599","product","type-product","status-publish","has-post-thumbnail","hentry","product_cat-equipamentos-eletricos"],"_links":{"self":[{"href":"https:\/\/locacaoferramentas.com.br\/index.php\/wp-json\/wp\/v2\/product\/599","targetHints":{"allow":["GET"]}}],"collection":[{"href":"https:\/\/locacaoferramentas.com.br\/index.php\/wp-json\/wp\/v2\/product"}],"about":[{"href":"https:\/\/locacaoferramentas.com.br\/index.php\/wp-json\/wp\/v2\/types\/product"}],"version-history":[{"count":4,"href":"https:\/\/locacaoferramentas.com.br\/index.php\/wp-json\/wp\/v2\/product\/599\/revisions"}],"predecessor-version":[{"id":932,"href":"https:\/\/locacaoferramentas.com.br\/index.php\/wp-json\/wp\/v2\/product\/599\/revisions\/932"}],"wp:featuredmedia":[{"embeddable":true,"href":"https:\/\/locacaoferramentas.com.br\/index.php\/wp-json\/wp\/v2\/media\/600"}],"wp:attachment":[{"href":"https:\/\/locacaoferramentas.com.br\/index.php\/wp-json\/wp\/v2\/media?parent=599"}],"wp:term":[{"taxonomy":"product_cat","embeddable":true,"href":"https:\/\/locacaoferramentas.com.br\/index.php\/wp-json\/wp\/v2\/product_cat?post=599"},{"taxonomy":"product_tag","embeddable":true,"href":"https:\/\/locacaoferramentas.com.br\/index.php\/wp-json\/wp\/v2\/product_tag?post=599"}],"curies":[{"name":"wp","href":"https:\/\/api.w.org\/{rel}","templated":true}]}}