{"id":605,"date":"2021-12-14T16:48:08","date_gmt":"2021-12-14T16:48:08","guid":{"rendered":"https:\/\/locacaoferramentas.com.br\/?post_type=product&#038;p=605"},"modified":"2025-04-28T17:23:54","modified_gmt":"2025-04-28T17:23:54","slug":"lixadeira-parede-teto-com-aspiracao-750w-vonder","status":"publish","type":"product","link":"https:\/\/locacaoferramentas.com.br\/index.php\/product\/lixadeira-parede-teto-com-aspiracao-750w-vonder\/","title":{"rendered":"LIXADEIRA DE PAREDE COM ASPIRA\u00c7\u00c3O 750W &#8211; VONDER"},"content":{"rendered":"<h2 class=\"ui-pdp-title\">Lixadeira Parede Teto Com Aspira\u00e7\u00e3o 750w- Vonder<\/h2>\n<p>&nbsp;<\/p>\n<p>ESPECIFICA\u00c7\u00d5ES:<\/p>\n<p>Pot\u00eancia (W):750 W<\/p>\n<p>Tipo de velocidade: Vari\u00e1vel<\/p>\n<p>Rota\u00e7\u00e3o (rpm):1.500\/min &#8211; 2.700\/min<\/p>\n<p>Di\u00e2metro indicado da lixa:180 mm<\/p>\n<p>Di\u00e2metro e rosca do eixo:M6 (rosca f\u00eamea)<\/p>\n<p>Furo de entrada do cabo de extens\u00e3o: N\u00e3o se aplica<\/p>\n<p>Comprimento da mangueira flex\u00edvel:2,0 m<\/p>\n<p>Encaixes da mangueira flex\u00edvel:38 mm (lado lixadeira), 47 mm (lado aspirador) e adaptador para 40 mm<\/p>\n<p>Comprimento da lixadeira sem cabo de extens\u00e3o: N\u00e3o se aplica<\/p>\n<p>Comprimento da lixadeira com cabo de extens\u00e3o :N\u00e3o se aplica<\/p>\n<p>Di\u00e2metro externo da lixadeira:210 mm<\/p>\n<p>Comprimento do cord\u00e3o el\u00e9trico:4,00 m<\/p>\n<p>\u00cdndice de prote\u00e7\u00e3o (IP):IP20<\/p>\n<p>Frequ\u00eancia:50 Hz\/60 Hz<\/p>\n<p>Massa aproximada:2,5 kg<\/p>\n<p>N\u00edvel de vibra\u00e7\u00e3o (m\/s\u00b2):4,19 m\/s\u00b2<\/p>\n<p>Incerteza k (m\/s\u00b2):1,5 m\/s\u00b2<\/p>\n<h4><span style=\"font-size: 14px;\">Confira no v\u00eddeo abaixo mais informa\u00e7\u00f5es sobre o equipamento:<\/span><\/h4>\n<p><iframe loading=\"lazy\" title=\"Lixadeira de Parede LPV 750 VONDER\" width=\"1220\" height=\"686\" src=\"https:\/\/www.youtube.com\/embed\/nwwsMDDKPGY?start=1&#038;feature=oembed\" frameborder=\"0\" allow=\"accelerometer; autoplay; clipboard-write; encrypted-media; gyroscope; picture-in-picture; web-share\" allowfullscreen><\/iframe><\/p>\n<p>&nbsp;<\/p>\n<h4>Imagens adicionais<\/h4>\n<p>&nbsp;<\/p>\n<p>&nbsp;<\/p>\n","protected":false},"excerpt":{"rendered":"<p>Indicada para lixamentos em paredes e tetos de alvenaria, gesso e massa corrida (n\u00e3o utilizar em paredes\/tetos de massa corrida acr\u00edlica). Utilizar apenas lixas com 8 furos que coincidam com a fura\u00e7\u00e3o da m\u00e1quina. Uso obrigat\u00f3rio da lixadeira de parede com saco de aspira\u00e7\u00e3o (acompanha), ou aspirador de p\u00f3 adequado para aspira\u00e7\u00e3o de part\u00edculas finas (n\u00e3o acompanha).<br \/>\nPossui motor com dupla isola\u00e7\u00e3o, velocidade vari\u00e1vel, aba da capa de prote\u00e7\u00e3o remov\u00edvel, facilitando o lixamento de cantos, e luz de LED para melhor ilumina\u00e7\u00e3o da \u00e1rea a ser trabalhada. Seu tamanho e peso reduzidos facilitam ainda mais o trabalho em locais com pouco espa\u00e7o. Principal diferencial deste produto \u00e9 de que j\u00e1 acompanha saco coletor para p\u00f3, proporcionando maior praticidade no uso e no transporte, al\u00e9m de diminuir o custo total, pois n\u00e3o \u00e9 necess\u00e1rio adquirir um aspirador de p\u00f3. O pr\u00f3prio motor da m\u00e1quina faz a suc\u00e7\u00e3o e empurra o p\u00f3 para o saco coletor.<\/p>\n<h4 style=\"text-align: left;\">Valores:<\/h4>\n<p><strong>Di\u00e1ria<\/strong>: R$ 50,00<br \/>\n<strong>7 dias<\/strong>: R$ 200,00<br \/>\n<strong>15 dias<\/strong>: R$ 300,00<br \/>\n<strong>30 dias<\/strong>: R$ 500,00<\/p>\n","protected":false},"featured_media":610,"template":"","meta":[],"product_cat":[20,30,17,41,32],"product_tag":[42],"class_list":["post-605","product","type-product","status-publish","has-post-thumbnail","hentry","product_cat-alvenaria","product_cat-concreto","product_cat-equipamentos-eletricos","product_cat-lixadeiras","product_cat-pintura","product_tag-lixacao"],"_links":{"self":[{"href":"https:\/\/locacaoferramentas.com.br\/index.php\/wp-json\/wp\/v2\/product\/605","targetHints":{"allow":["GET"]}}],"collection":[{"href":"https:\/\/locacaoferramentas.com.br\/index.php\/wp-json\/wp\/v2\/product"}],"about":[{"href":"https:\/\/locacaoferramentas.com.br\/index.php\/wp-json\/wp\/v2\/types\/product"}],"version-history":[{"count":5,"href":"https:\/\/locacaoferramentas.com.br\/index.php\/wp-json\/wp\/v2\/product\/605\/revisions"}],"predecessor-version":[{"id":931,"href":"https:\/\/locacaoferramentas.com.br\/index.php\/wp-json\/wp\/v2\/product\/605\/revisions\/931"}],"wp:featuredmedia":[{"embeddable":true,"href":"https:\/\/locacaoferramentas.com.br\/index.php\/wp-json\/wp\/v2\/media\/610"}],"wp:attachment":[{"href":"https:\/\/locacaoferramentas.com.br\/index.php\/wp-json\/wp\/v2\/media?parent=605"}],"wp:term":[{"taxonomy":"product_cat","embeddable":true,"href":"https:\/\/locacaoferramentas.com.br\/index.php\/wp-json\/wp\/v2\/product_cat?post=605"},{"taxonomy":"product_tag","embeddable":true,"href":"https:\/\/locacaoferramentas.com.br\/index.php\/wp-json\/wp\/v2\/product_tag?post=605"}],"curies":[{"name":"wp","href":"https:\/\/api.w.org\/{rel}","templated":true}]}}