{"id":639,"date":"2021-12-27T16:53:14","date_gmt":"2021-12-27T16:53:14","guid":{"rendered":"https:\/\/locacaoferramentas.com.br\/?post_type=product&#038;p=639"},"modified":"2022-01-06T19:25:29","modified_gmt":"2022-01-06T19:25:29","slug":"compactador-percussao-a-gasolina-4-0-hp-4-tempos-csm","status":"publish","type":"product","link":"https:\/\/locacaoferramentas.com.br\/index.php\/product\/compactador-percussao-a-gasolina-4-0-hp-4-tempos-csm\/","title":{"rendered":"COMPACTADOR PERCUSS\u00c3O A GASOLINA 4.0 HP,  4 TEMPOS &#8211; CSM"},"content":{"rendered":"<h3>COMPACTADOR PERCUSS\u00c3O A GASOLINA- 4,0 HP, 4 TEMPOS &#8211; CSM<\/h3>\n<h4><\/h4>\n<p>ESPECIFICA\u00c7\u00d5ES:<\/p>\n<p>For\u00e7a de impacto (kgf): 1600<\/p>\n<p>Impactos por minuto: 640-680<\/p>\n<p>Pot\u00eancia do motor m\u00e1xima: 4HP 4 tempos<\/p>\n<p>Profundidade de compacta\u00e7\u00e3o: at\u00e9 700mm<\/p>\n<p>Vibra\u00e7\u00e3o al\u00e7a padr\u00e3o: 6,0 m\/s\u00b2<\/p>\n<p>Tanque de combust\u00edvel (L): 2<\/p>\n<p>Medida da sapata (mm): 280 x 300<\/p>\n<p>Velocidade de deslocamento (m\/min): 15-18<\/p>\n<p>Amplitude de salto (mm): 50-75<\/p>\n<p>Peso (kg): 73<\/p>\n<p>Dimens\u00f5es (CxLxA) (mm): 720 x 412 x 1043<\/p>\n<p>&nbsp;<\/p>\n<h4>V\u00eddeo explicativo<\/h4>\n<p>Confira no v\u00eddeo abaixo mais informa\u00e7\u00f5es sobre o equipamento:<\/p>\n<p><iframe loading=\"lazy\" title=\"Como utilizar o Compactador de Percuss\u00e3o - Vertical Loca\u00e7\u00f5es\" width=\"1220\" height=\"686\" src=\"https:\/\/www.youtube.com\/embed\/IF_j96r2vcQ?feature=oembed\" frameborder=\"0\" allow=\"accelerometer; autoplay; clipboard-write; encrypted-media; gyroscope; picture-in-picture\" allowfullscreen><\/iframe><\/p>\n<p>&nbsp;<\/p>\n<h4>Imagens adicionais<\/h4>\n<p>&nbsp;<\/p>\n","protected":false},"excerpt":{"rendered":"<h4><\/h4>\n<p>Utilizado na constru\u00e7\u00e3o civil para compacta\u00e7\u00e3o de terra, areia, brita, entre outros. Ideal para nivelar e aprofundar solos compactos e de cascalhos, evitando a sedimenta\u00e7\u00e3o e proporcionando uma base s\u00f3lida para a coloca\u00e7\u00e3o de alicerces, lajes de concreto, obras de tubula\u00e7\u00e3o de g\u00e1s, tubula\u00e7\u00e3o de \u00e1gua, funda\u00e7\u00f5es, meios fios de cal\u00e7adas, entre outros.<\/p>\n<h4>Valores:<\/h4>\n<p><strong>Di\u00e1ria<\/strong>: R$ 170,00<br \/>\n<strong>7 dias<\/strong>: R$ 500,00<br \/>\n<strong>15 dias<\/strong>: R$ 1.000,00<br \/>\n<strong>30 dias<\/strong>: R$ 1.700,00<\/p>\n","protected":false},"featured_media":640,"template":"","meta":[],"product_cat":[20,21,22],"product_tag":[],"class_list":["post-639","product","type-product","status-publish","has-post-thumbnail","hentry","product_cat-alvenaria","product_cat-compactadores","product_cat-equipamentos-a-combustao"],"_links":{"self":[{"href":"https:\/\/locacaoferramentas.com.br\/index.php\/wp-json\/wp\/v2\/product\/639","targetHints":{"allow":["GET"]}}],"collection":[{"href":"https:\/\/locacaoferramentas.com.br\/index.php\/wp-json\/wp\/v2\/product"}],"about":[{"href":"https:\/\/locacaoferramentas.com.br\/index.php\/wp-json\/wp\/v2\/types\/product"}],"version-history":[{"count":4,"href":"https:\/\/locacaoferramentas.com.br\/index.php\/wp-json\/wp\/v2\/product\/639\/revisions"}],"predecessor-version":[{"id":648,"href":"https:\/\/locacaoferramentas.com.br\/index.php\/wp-json\/wp\/v2\/product\/639\/revisions\/648"}],"wp:featuredmedia":[{"embeddable":true,"href":"https:\/\/locacaoferramentas.com.br\/index.php\/wp-json\/wp\/v2\/media\/640"}],"wp:attachment":[{"href":"https:\/\/locacaoferramentas.com.br\/index.php\/wp-json\/wp\/v2\/media?parent=639"}],"wp:term":[{"taxonomy":"product_cat","embeddable":true,"href":"https:\/\/locacaoferramentas.com.br\/index.php\/wp-json\/wp\/v2\/product_cat?post=639"},{"taxonomy":"product_tag","embeddable":true,"href":"https:\/\/locacaoferramentas.com.br\/index.php\/wp-json\/wp\/v2\/product_tag?post=639"}],"curies":[{"name":"wp","href":"https:\/\/api.w.org\/{rel}","templated":true}]}}