{"id":653,"date":"2022-01-06T19:43:59","date_gmt":"2022-01-06T19:43:59","guid":{"rendered":"https:\/\/locacaoferramentas.com.br\/?post_type=product&#038;p=653"},"modified":"2026-01-05T20:41:39","modified_gmt":"2026-01-05T20:41:39","slug":"lixadeiraboschtremtreme","status":"publish","type":"product","link":"https:\/\/locacaoferramentas.com.br\/index.php\/product\/lixadeiraboschtremtreme\/","title":{"rendered":"LIXADEIRA PROFISSIONAL ORBITAL (TREME-TREME)- BOSCH"},"content":{"rendered":"<h2 class=\"ui-pdp-title\">Lixadeira Orbital Treme Treme De M\u00e3o Parede\/ Madeira\/ Bosch<\/h2>\n<p>&nbsp;<\/p>\n<p>ESPECIFICA\u00c7\u00d5ES:<\/p>\n<p>Pot\u00eancia &#8211; 220w<\/p>\n<p>RPM &#8211; 14000 rpm (a mais forte da categoria)<\/p>\n<p>Di\u00e2metro de Circulo &#8211; 1,5 mm<\/p>\n<p>Peso &#8211; 1,2 kg<\/p>\n<p>Grampo Folha &#8211; 114 x 140 mm<\/p>\n<p>Dimens\u00f5es &#8211; 210 x 115 x 140 mm<\/p>\n<h4><span style=\"font-size: 14px;\">Confira no v\u00eddeo abaixo mais informa\u00e7\u00f5es sobre o equipamento:<\/span><\/h4>\n<p><iframe loading=\"lazy\" title=\"Lixadeira de Palma GSS 140\" width=\"1220\" height=\"686\" src=\"https:\/\/www.youtube.com\/embed\/MH9Cx8Fh0qo?feature=oembed&#038;enablejsapi=1&#038;origin=https:\/\/locacaoferramentas.com.br\" frameborder=\"0\" allow=\"accelerometer; autoplay; clipboard-write; encrypted-media; gyroscope; picture-in-picture; web-share\" referrerpolicy=\"strict-origin-when-cross-origin\" allowfullscreen><\/iframe><\/p>\n<p>&nbsp;<\/p>\n<h4>Imagens adicionais<\/h4>\n<p>&nbsp;<\/p>\n<p>&nbsp;<\/p>\n","protected":false},"excerpt":{"rendered":"<p>A Lixadeira orbital GSS140 da Bosch \u00e9 perfeita para trabalhos de lixamento em madeira e paredes, possui pot\u00eancia de 220 watts e oscila\u00e7\u00e3o de 14.000 rpm.<br \/>\nConta com punho emborrachado, placa base de alum\u00ednio e borracha r\u00edgida, bot\u00e3o liga-desliga de f\u00e1cil acesso com revestimento de alta qualidade que garante total prote\u00e7\u00e3o contra o p\u00f3.<br \/>\nA GSS140 tem alto desempenho, controle perfeito e design ergon\u00f4mico.<br \/>\nIdeal para uso servi\u00e7os de pintura, trabalhos com drywall, manuten\u00e7\u00e3o, marcenaria, em geral entre outros.<\/p>\n<h4 style=\"text-align: left;\">Valores:<\/h4>\n<p><strong>Di\u00e1ria<\/strong>: R$ 40,00<br \/>\n<strong>7 dias<\/strong>: R$ 160,00<br \/>\n<strong>15 dias<\/strong>: R$ 240,00<br \/>\n<strong>30 dias<\/strong>: R$ 400,00<\/p>\n","protected":false},"featured_media":654,"template":"","meta":[],"product_cat":[20,30,17,41,32],"product_tag":[42],"class_list":["post-653","product","type-product","status-publish","has-post-thumbnail","hentry","product_cat-alvenaria","product_cat-concreto","product_cat-equipamentos-eletricos","product_cat-lixadeiras","product_cat-pintura","product_tag-lixacao"],"_links":{"self":[{"href":"https:\/\/locacaoferramentas.com.br\/index.php\/wp-json\/wp\/v2\/product\/653","targetHints":{"allow":["GET"]}}],"collection":[{"href":"https:\/\/locacaoferramentas.com.br\/index.php\/wp-json\/wp\/v2\/product"}],"about":[{"href":"https:\/\/locacaoferramentas.com.br\/index.php\/wp-json\/wp\/v2\/types\/product"}],"version-history":[{"count":3,"href":"https:\/\/locacaoferramentas.com.br\/index.php\/wp-json\/wp\/v2\/product\/653\/revisions"}],"predecessor-version":[{"id":957,"href":"https:\/\/locacaoferramentas.com.br\/index.php\/wp-json\/wp\/v2\/product\/653\/revisions\/957"}],"wp:featuredmedia":[{"embeddable":true,"href":"https:\/\/locacaoferramentas.com.br\/index.php\/wp-json\/wp\/v2\/media\/654"}],"wp:attachment":[{"href":"https:\/\/locacaoferramentas.com.br\/index.php\/wp-json\/wp\/v2\/media?parent=653"}],"wp:term":[{"taxonomy":"product_cat","embeddable":true,"href":"https:\/\/locacaoferramentas.com.br\/index.php\/wp-json\/wp\/v2\/product_cat?post=653"},{"taxonomy":"product_tag","embeddable":true,"href":"https:\/\/locacaoferramentas.com.br\/index.php\/wp-json\/wp\/v2\/product_tag?post=653"}],"curies":[{"name":"wp","href":"https:\/\/api.w.org\/{rel}","templated":true}]}}