{"id":666,"date":"2022-01-06T20:20:08","date_gmt":"2022-01-06T20:20:08","guid":{"rendered":"https:\/\/locacaoferramentas.com.br\/?post_type=product&#038;p=666"},"modified":"2022-01-10T16:23:45","modified_gmt":"2022-01-10T16:23:45","slug":"carrinho-mao-jerica-112lt-cadioli","status":"publish","type":"product","link":"https:\/\/locacaoferramentas.com.br\/index.php\/product\/carrinho-mao-jerica-112lt-cadioli\/","title":{"rendered":"CARRINHO M\u00c3O JERICA 112LT &#8211; CADIOLI"},"content":{"rendered":"<h2 class=\"ui-pdp-title\">Carrinho M\u00e3o Jerica 112lt &#8211; Cadioli<\/h2>\n<p>&nbsp;<\/p>\n<p>ESPECIFICA\u00c7\u00d5ES:<\/p>\n<p>Tamanho do pneu e c\u00e2mara de ar da jerica:<\/p>\n<p>3,25 x 8&#8243;<\/p>\n<p>Espessura da chapa da ca\u00e7amba da jerica:<\/p>\n<p>Chapa 20 (0,89 mm)<\/p>\n<p>Altura da jerica:<\/p>\n<p>620,0 mm<\/p>\n<p>Capacidade da ca\u00e7amba da jerica:<\/p>\n<p>112 litros<\/p>\n<h4><\/h4>\n<p>&nbsp;<\/p>\n<h4><\/h4>\n<p>&nbsp;<\/p>\n<p>&nbsp;<\/p>\n","protected":false},"excerpt":{"rendered":"<p>Maior praticidade e menos esfor\u00e7o!<br \/>\nCom o carrinho de m\u00e3o jerico voc\u00ea dispensa esfor\u00e7os desnecess\u00e1rios tornando o transporte de materiais muito mais f\u00e1cil, r\u00e1pido e eficaz.<br \/>\nEle conta com roda em ferro, capacidade de 112 litros de carga, ca\u00e7amba refor\u00e7ada, bra\u00e7os resistentes, excelente estabilidade e ainda \u00f3timo acabamento que garante maior durabilidade ao carrinho.<\/p>\n<h4 style=\"text-align: left;\">Valores:<\/h4>\n<p><strong>Di\u00e1ria<\/strong>: R$ 25,00<br \/>\n<strong>7 dias<\/strong>: R$ 100,00<br \/>\n<strong>15 dias<\/strong>: R$ 150,00<br \/>\n<strong>30 dias<\/strong>: R$ 200,00<\/p>\n","protected":false},"featured_media":668,"template":"","meta":[],"product_cat":[20,30,27,44],"product_tag":[],"class_list":["post-666","product","type-product","status-publish","has-post-thumbnail","hentry","product_cat-alvenaria","product_cat-concreto","product_cat-jardinagem","product_cat-limpeza"],"_links":{"self":[{"href":"https:\/\/locacaoferramentas.com.br\/index.php\/wp-json\/wp\/v2\/product\/666","targetHints":{"allow":["GET"]}}],"collection":[{"href":"https:\/\/locacaoferramentas.com.br\/index.php\/wp-json\/wp\/v2\/product"}],"about":[{"href":"https:\/\/locacaoferramentas.com.br\/index.php\/wp-json\/wp\/v2\/types\/product"}],"version-history":[{"count":2,"href":"https:\/\/locacaoferramentas.com.br\/index.php\/wp-json\/wp\/v2\/product\/666\/revisions"}],"predecessor-version":[{"id":681,"href":"https:\/\/locacaoferramentas.com.br\/index.php\/wp-json\/wp\/v2\/product\/666\/revisions\/681"}],"wp:featuredmedia":[{"embeddable":true,"href":"https:\/\/locacaoferramentas.com.br\/index.php\/wp-json\/wp\/v2\/media\/668"}],"wp:attachment":[{"href":"https:\/\/locacaoferramentas.com.br\/index.php\/wp-json\/wp\/v2\/media?parent=666"}],"wp:term":[{"taxonomy":"product_cat","embeddable":true,"href":"https:\/\/locacaoferramentas.com.br\/index.php\/wp-json\/wp\/v2\/product_cat?post=666"},{"taxonomy":"product_tag","embeddable":true,"href":"https:\/\/locacaoferramentas.com.br\/index.php\/wp-json\/wp\/v2\/product_tag?post=666"}],"curies":[{"name":"wp","href":"https:\/\/api.w.org\/{rel}","templated":true}]}}