{"id":678,"date":"2022-01-10T16:21:44","date_gmt":"2022-01-10T16:21:44","guid":{"rendered":"https:\/\/locacaoferramentas.com.br\/?post_type=product&#038;p=678"},"modified":"2022-01-10T16:21:45","modified_gmt":"2022-01-10T16:21:45","slug":"compressor-de-ar-50-litros-vonder","status":"publish","type":"product","link":"https:\/\/locacaoferramentas.com.br\/index.php\/product\/compressor-de-ar-50-litros-vonder\/","title":{"rendered":"COMPRESSOR DE AR 50 LITROS- VONDER"},"content":{"rendered":"<h2 class=\"ui-pdp-title\">Motocompressor Ar 50 Litros- Vonder<\/h2>\n<h2 class=\"ui-pdp-bookmark ui-pdp-bookmark__link-bookmark\"><\/h2>\n<p>ESPECIFICA\u00c7\u00d5ES:<\/p>\n<p>Compressor Profissional Leve<\/p>\n<p>Compacto e Port\u00e1til<\/p>\n<p>Possui Chave Liga\/Desliga<\/p>\n<p>Possui Dupla Prote\u00e7\u00e3o T\u00e9rmica<\/p>\n<p>Capacidade de Produ\u00e7\u00e3o: 7,3 Pcm<\/p>\n<p>Press\u00e3o M\u00e1xima (Psi): 120 Lbf\/Pol\u00b2<\/p>\n<p>Press\u00e3o M\u00e1xima de Trabalho (Psi): 80 Lbf\/Pol\u00b2<\/p>\n<p>Capacidade do Reservat\u00f3rio: 50 Litros<\/p>\n<p>Pot\u00eancia do Motor: 2,0 Cv (Hp)<\/p>\n<p>N\u00famero de Pist\u00f5es: 1 Pist\u00e3o<\/p>\n<p>N\u00famero de Est\u00e1gios: 1 Est\u00e1gio<\/p>\n<p>Rota\u00e7\u00e3o (RPM): 3.420\/Min<\/p>\n<p>Frequ\u00eancia: 60 Hz<\/p>\n<p>Tipo de Sa\u00edda: 2 Sa\u00eddas com Engate R\u00e1pido de 1\/4<\/p>\n<p>Material do Cabe\u00e7ote em Alum\u00ednio<\/p>\n<p>Carca\u00e7a em Pl\u00e1stico com Prote\u00e7\u00e3o Antichamas<\/p>\n<p>Dispositivo de Seguran\u00e7a que Desliga o Motor Quando h\u00e1 Sobrecarga ou Superaquecimento<\/p>\n<h4>V\u00eddeo explicativo<\/h4>\n<p>Confira no v\u00eddeo abaixo mais informa\u00e7\u00f5es sobre o equipamento:<\/p>\n<p><iframe loading=\"lazy\" title=\"Motocompressor de Ar MCV 25 VONDER\" width=\"1220\" height=\"686\" src=\"https:\/\/www.youtube.com\/embed\/KHYjVYX5z2s?feature=oembed\" frameborder=\"0\" allow=\"accelerometer; autoplay; clipboard-write; encrypted-media; gyroscope; picture-in-picture\" allowfullscreen><\/iframe><\/p>\n<h4>Imagens adicionais<\/h4>\n<p>&nbsp;<\/p>\n<p>&nbsp;<\/p>\n","protected":false},"excerpt":{"rendered":"<p>Motocompressor de Ar Vonder MCV25 127V Compacto Profissional 25 Litros para Pintar Pulverizar Inflar e Calibrar.\u00a0Ideal para Limpezas de Pe\u00e7as, Pequenas Pinturas, Pulveriza\u00e7\u00f5es, acionamento de Ferramentas Pneum\u00e1ticas e etc.\u00a0 Possui Rodas e Al\u00e7a que Facilitam o Manuseio e Transporte<\/p>\n<h4 style=\"text-align: left;\">Valores:<\/h4>\n<p><strong>Di\u00e1ria<\/strong>: R$ 60,00<br \/>\n<strong>7 dias<\/strong>: R$ 180,00<br \/>\n<strong>15 dias<\/strong>: R$ 300,00<br \/>\n<strong>30 dias<\/strong>: R$ 400,00<\/p>\n","protected":false},"featured_media":458,"template":"","meta":[],"product_cat":[31,17,32],"product_tag":[],"class_list":["post-678","product","type-product","status-publish","has-post-thumbnail","hentry","product_cat-compressores-de-ar","product_cat-equipamentos-eletricos","product_cat-pintura"],"_links":{"self":[{"href":"https:\/\/locacaoferramentas.com.br\/index.php\/wp-json\/wp\/v2\/product\/678","targetHints":{"allow":["GET"]}}],"collection":[{"href":"https:\/\/locacaoferramentas.com.br\/index.php\/wp-json\/wp\/v2\/product"}],"about":[{"href":"https:\/\/locacaoferramentas.com.br\/index.php\/wp-json\/wp\/v2\/types\/product"}],"version-history":[{"count":2,"href":"https:\/\/locacaoferramentas.com.br\/index.php\/wp-json\/wp\/v2\/product\/678\/revisions"}],"predecessor-version":[{"id":680,"href":"https:\/\/locacaoferramentas.com.br\/index.php\/wp-json\/wp\/v2\/product\/678\/revisions\/680"}],"wp:featuredmedia":[{"embeddable":true,"href":"https:\/\/locacaoferramentas.com.br\/index.php\/wp-json\/wp\/v2\/media\/458"}],"wp:attachment":[{"href":"https:\/\/locacaoferramentas.com.br\/index.php\/wp-json\/wp\/v2\/media?parent=678"}],"wp:term":[{"taxonomy":"product_cat","embeddable":true,"href":"https:\/\/locacaoferramentas.com.br\/index.php\/wp-json\/wp\/v2\/product_cat?post=678"},{"taxonomy":"product_tag","embeddable":true,"href":"https:\/\/locacaoferramentas.com.br\/index.php\/wp-json\/wp\/v2\/product_tag?post=678"}],"curies":[{"name":"wp","href":"https:\/\/api.w.org\/{rel}","templated":true}]}}