{"id":686,"date":"2022-01-17T18:40:26","date_gmt":"2022-01-17T18:40:26","guid":{"rendered":"https:\/\/locacaoferramentas.com.br\/?post_type=product&#038;p=686"},"modified":"2025-04-28T17:20:11","modified_gmt":"2025-04-28T17:20:11","slug":"misturador-argamassa-tintas-1600w-vonder","status":"publish","type":"product","link":"https:\/\/locacaoferramentas.com.br\/index.php\/product\/misturador-argamassa-tintas-1600w-vonder\/","title":{"rendered":"MISTURADOR ARGAMASSA\/TINTAS 1600W &#8211; VONDER"},"content":{"rendered":"<h2 class=\"ui-pdp-title\">Misturador de Argamassa &#8211; Vonder<\/h2>\n<h4><\/h4>\n<p>ESPECIFICA\u00c7\u00d5ES:<\/p>\n<p>Tens\u00e3o (V): 220 V<\/p>\n<p>Pot\u00eancia (W): 1.600W<\/p>\n<p>Rota\u00e7\u00e3o (rpm): 180\/min &#8211; 460\/min e 300\/min &#8211; 750\/min<\/p>\n<p>Volume m\u00e1ximo da mistura por opera\u00e7\u00e3o: 140 litros<\/p>\n<p>Comprimento total da p\u00e1 (p\u00e1 + extens\u00e3o): 590 mm<\/p>\n<p>Di\u00e2metro da p\u00e1: 160 mm<\/p>\n<p>Di\u00e2metro da haste da p\u00e1: 14 mm<\/p>\n<p>Rosca da p\u00e1: M14 x 2 mm<\/p>\n<p>Massa aproximada.: 4,8 kg<\/p>\n<p>N\u00edvel de vibra\u00e7\u00e3o (m\/s\u00b2): 4,24 m\/s\u00b2<\/p>\n<p>Incerteza k (m\/s\u00b2): 1,5 m\/s\u00b2<\/p>\n<h4><\/h4>\n<h4>Imagens adicionais<\/h4>\n<p>&nbsp;<\/p>\n<p>&nbsp;<\/p>\n","protected":false},"excerpt":{"rendered":"<p>Indicado para misturar argamassa, tinta, gesso, cola, entre outros<br \/>\nPossui dupla velocidade (acionamento mec\u00e2nico), regulador de velocidade eletr\u00f4nico e cabo com revestimento emborrachado que proporciona maior conforto ao operador.<\/p>\n<h4>Valores:<\/h4>\n<p><strong>Di\u00e1ria<\/strong>: R$ 40,00<br \/>\n<strong>7 dias<\/strong>: R$ 120,00<br \/>\n<strong>15 dias<\/strong>: R$ 200,00<br \/>\n<strong>30 dias<\/strong>: R$ 300,00<\/p>\n","protected":false},"featured_media":687,"template":"","meta":[],"product_cat":[20,30,17,32],"product_tag":[],"class_list":["post-686","product","type-product","status-publish","has-post-thumbnail","hentry","product_cat-alvenaria","product_cat-concreto","product_cat-equipamentos-eletricos","product_cat-pintura"],"_links":{"self":[{"href":"https:\/\/locacaoferramentas.com.br\/index.php\/wp-json\/wp\/v2\/product\/686","targetHints":{"allow":["GET"]}}],"collection":[{"href":"https:\/\/locacaoferramentas.com.br\/index.php\/wp-json\/wp\/v2\/product"}],"about":[{"href":"https:\/\/locacaoferramentas.com.br\/index.php\/wp-json\/wp\/v2\/types\/product"}],"version-history":[{"count":4,"href":"https:\/\/locacaoferramentas.com.br\/index.php\/wp-json\/wp\/v2\/product\/686\/revisions"}],"predecessor-version":[{"id":928,"href":"https:\/\/locacaoferramentas.com.br\/index.php\/wp-json\/wp\/v2\/product\/686\/revisions\/928"}],"wp:featuredmedia":[{"embeddable":true,"href":"https:\/\/locacaoferramentas.com.br\/index.php\/wp-json\/wp\/v2\/media\/687"}],"wp:attachment":[{"href":"https:\/\/locacaoferramentas.com.br\/index.php\/wp-json\/wp\/v2\/media?parent=686"}],"wp:term":[{"taxonomy":"product_cat","embeddable":true,"href":"https:\/\/locacaoferramentas.com.br\/index.php\/wp-json\/wp\/v2\/product_cat?post=686"},{"taxonomy":"product_tag","embeddable":true,"href":"https:\/\/locacaoferramentas.com.br\/index.php\/wp-json\/wp\/v2\/product_tag?post=686"}],"curies":[{"name":"wp","href":"https:\/\/api.w.org\/{rel}","templated":true}]}}