{"id":691,"date":"2022-01-24T20:08:45","date_gmt":"2022-01-24T20:08:45","guid":{"rendered":"https:\/\/locacaoferramentas.com.br\/?post_type=product&#038;p=691"},"modified":"2022-05-04T17:05:25","modified_gmt":"2022-05-04T17:05:25","slug":"guincho-coluna-350kg-c-cacamba-e-cabo-30-metros-csm","status":"publish","type":"product","link":"https:\/\/locacaoferramentas.com.br\/index.php\/product\/guincho-coluna-350kg-c-cacamba-e-cabo-30-metros-csm\/","title":{"rendered":"GUINCHO COLUNA 350KG C\/ CA\u00c7AMBA E CABO 30 METROS-CSM"},"content":{"rendered":"<h2 class=\"ui-pdp-title\">Guincho Coluna 350kg Monof\u00e1sico<\/h2>\n<p>&nbsp;<\/p>\n<p>ESPECIFICA\u00c7\u00d5ES:<\/p>\n<p>Capacidade: 350 Kg<\/p>\n<p>Altura De Eleva\u00e7\u00e3o: 30 M<\/p>\n<p>Velocidade De Eleva\u00e7\u00e3o: 12,5 M\/Min<\/p>\n<p>N\u00famero De Cabos De A\u00e7o: 2<\/p>\n<p>Di\u00e2metro Do Cabo De A\u00e7o: 5 Mm<\/p>\n<p>Comprimento Do Cabo Da Botoeira: 3 M<\/p>\n<p>Motor: Monof\u00e1sico<\/p>\n<p>Pot\u00eancia: 1,25 Cv<\/p>\n<h4><\/h4>\n<p><iframe loading=\"lazy\" title=\"Essa  ferramenta acaba com o Sofrimento do Ajudante\" width=\"1220\" height=\"686\" src=\"https:\/\/www.youtube.com\/embed\/ksVkfNPLhZg?start=407&#038;feature=oembed\" frameborder=\"0\" allow=\"accelerometer; autoplay; clipboard-write; encrypted-media; gyroscope; picture-in-picture\" allowfullscreen><\/iframe><\/p>\n<h4><\/h4>\n<p>&nbsp;<\/p>\n<p>&nbsp;<\/p>\n","protected":false},"excerpt":{"rendered":"<p>\u00danico modelo nacional que cumpre os requisitos exigidos pelas normas t\u00e9cnicas N.R18<br \/>\nFreio eletromagn\u00e9tico. Em caso de falta de energia para carga onde quer que esteja.<br \/>\nBotoeira blindada com tens\u00e3o de comando reduzida para 48 V .<br \/>\nFim-de-curso na posi\u00e7\u00e3o superior.<br \/>\nCabo de a\u00e7o galvanizado, n\u00e3o rotativo e com alma de fibra.<br \/>\nLubrifica\u00e7\u00e3o permanente, dispensando relubrifica\u00e7\u00f5es.<br \/>\nMotor redutor com carca\u00e7a em alum\u00ednio, prote\u00e7\u00e3o IP55.<br \/>\nRedutor de engrenagens helicoidais, em a\u00e7o SAE 4330 tratado termicamente.<br \/>\nComponentes de a\u00e7o com pintura anticorrosiva.<br \/>\nPainel de comando com contactores e transformador.<br \/>\nFixadores articulados que montam em v\u00e1rios tipos de coluna.<\/p>\n<p><strong>N\u00c3O ACOMPANHA POSTE<\/strong><\/p>\n<p>&nbsp;<\/p>\n<h4 style=\"text-align: left;\">Valores:<\/h4>\n<p><strong>Di\u00e1ria<\/strong>: R$ 55,00<br \/>\n<strong>7 dias<\/strong>: R$ 220,00<br \/>\n<strong>15 dias<\/strong>: R$ 400,00<br \/>\n<strong>30 dias<\/strong>: R$ 600,00<\/p>\n","protected":false},"featured_media":693,"template":"","meta":[],"product_cat":[20,28,30,17],"product_tag":[],"class_list":["post-691","product","type-product","status-publish","has-post-thumbnail","hentry","product_cat-alvenaria","product_cat-andaimes","product_cat-concreto","product_cat-equipamentos-eletricos"],"_links":{"self":[{"href":"https:\/\/locacaoferramentas.com.br\/index.php\/wp-json\/wp\/v2\/product\/691","targetHints":{"allow":["GET"]}}],"collection":[{"href":"https:\/\/locacaoferramentas.com.br\/index.php\/wp-json\/wp\/v2\/product"}],"about":[{"href":"https:\/\/locacaoferramentas.com.br\/index.php\/wp-json\/wp\/v2\/types\/product"}],"version-history":[{"count":2,"href":"https:\/\/locacaoferramentas.com.br\/index.php\/wp-json\/wp\/v2\/product\/691\/revisions"}],"predecessor-version":[{"id":695,"href":"https:\/\/locacaoferramentas.com.br\/index.php\/wp-json\/wp\/v2\/product\/691\/revisions\/695"}],"wp:featuredmedia":[{"embeddable":true,"href":"https:\/\/locacaoferramentas.com.br\/index.php\/wp-json\/wp\/v2\/media\/693"}],"wp:attachment":[{"href":"https:\/\/locacaoferramentas.com.br\/index.php\/wp-json\/wp\/v2\/media?parent=691"}],"wp:term":[{"taxonomy":"product_cat","embeddable":true,"href":"https:\/\/locacaoferramentas.com.br\/index.php\/wp-json\/wp\/v2\/product_cat?post=691"},{"taxonomy":"product_tag","embeddable":true,"href":"https:\/\/locacaoferramentas.com.br\/index.php\/wp-json\/wp\/v2\/product_tag?post=691"}],"curies":[{"name":"wp","href":"https:\/\/api.w.org\/{rel}","templated":true}]}}