{"id":708,"date":"2022-02-08T18:53:52","date_gmt":"2022-02-08T18:53:52","guid":{"rendered":"https:\/\/locacaoferramentas.com.br\/?post_type=product&#038;p=708"},"modified":"2025-04-28T17:15:56","modified_gmt":"2025-04-28T17:15:56","slug":"serra-esquadria-dws780-dewalt","status":"publish","type":"product","link":"https:\/\/locacaoferramentas.com.br\/index.php\/product\/serra-esquadria-dws780-dewalt\/","title":{"rendered":"SERRA MEIA ESQUADRIA 12 POL. BRA\u00c7O TELESC\u00d3PICO DWS780 &#8211; DEWALT"},"content":{"rendered":"<h2 class=\"ui-pdp-title\">Serra Meia Esquadria 12 Pol. Bra\u00e7o Telesc\u00f3pico Dws780 Dewalt<\/h2>\n<p>&nbsp;<\/p>\n<p>ESPECIFICA\u00c7\u00d5ES:<\/p>\n<p>Voltagem: 220V<\/p>\n<p>Pot\u00eancia: 1.675 Watts<\/p>\n<p>Rota\u00e7\u00e3o: 3.800 RPM<\/p>\n<p>\u00d8 do Eixo: 25 mm (1&#8243;)<\/p>\n<p>\u00d8 da Serra: 300 mm (12&#8243;)<\/p>\n<p>Bloqueio de \u00e2ngulo: Sim<\/p>\n<p>R\u00e9gua Ang A\u00e7o Inox:Sim<\/p>\n<p>Posi\u00e7\u00f5es Pr\u00e9 Fixada: 10<\/p>\n<p>Sistema de Led: Sim<\/p>\n<p>Peso : 24 Kg<\/p>\n<p><iframe loading=\"lazy\" title=\"Serra de esquadrias telesc\u00f3pica DWS780-B2 DeWalt\" width=\"1220\" height=\"686\" src=\"https:\/\/www.youtube.com\/embed\/ApawwKXrhH8?feature=oembed&#038;enablejsapi=1&#038;origin=https:\/\/locacaoferramentas.com.br\" frameborder=\"0\" allow=\"accelerometer; autoplay; clipboard-write; encrypted-media; gyroscope; picture-in-picture; web-share\" referrerpolicy=\"strict-origin-when-cross-origin\" allowfullscreen><\/iframe><\/p>\n<h4>Imagens adicionais<\/h4>\n<p>&nbsp;<\/p>\n<p>&nbsp;<\/p>\n","protected":false},"excerpt":{"rendered":"<p>Sistema de Luz de Funcionamento LED XPS Integrado: Permite o ajuste livre da linha de corte com indica\u00e7\u00e3o de precis\u00e3o e visibilidade;<br \/>\nModelo Inovador de Caixa de Engrenagem e Transmiss\u00e3o Acionada por Correia: Cumpre com a pot\u00eancia e capacidade de cortar materiais grandes;<br \/>\nBloqueio de Trilho Deslizante: Sustenta a posi\u00e7\u00e3o para maximizar o corte vertical;<br \/>\nEscala de Chanfro de Alta Visibilidade: Faz ajustes de \u00e2ngulos de chanfro precisos e f\u00e1ceis;<br \/>\nSistema de Coleta de P\u00f3 Altamente Eficiente: Captura mais de 75% do p\u00f3 gerado;<br \/>\nParadas de Chanfros Dur\u00e1veis: Realiza paradas positivas a 0, 22.5, 33.9, 45 e 49 em ambas as dire\u00e7\u00f5es para ajuste r\u00e1pido e preciso;<br \/>\nPlaca Base Mec\u00e2nica: Para precis\u00e3o e durabilidade<br \/>\nSistema de Coleta de P\u00f3 com bolsa de tecido e possibilidade de acopla aspirador de p\u00f3.<br \/>\nSistema de LED XPS: Cortes mais precisos, pois o LED deixa uma sombra sobre o local a ser cortado.<br \/>\nTrilho Deslizante com Bloqueio: Permite deixa o bra\u00e7o telesc\u00f3pio em qualquer posi\u00e7\u00e3o.<\/p>\n<h4>Valores:<\/h4>\n<p><strong>Di\u00e1ria<\/strong>: R$ 80,00<br \/>\n<strong>7 dias<\/strong>: R$ 320,00<br \/>\n<strong>15 dias<\/strong>: R$ 550,00<br \/>\n<strong>30 dias<\/strong>: R$ 800,00<\/p>\n","protected":false},"featured_media":709,"template":"","meta":[],"product_cat":[17],"product_tag":[],"class_list":["post-708","product","type-product","status-publish","has-post-thumbnail","hentry","product_cat-equipamentos-eletricos"],"_links":{"self":[{"href":"https:\/\/locacaoferramentas.com.br\/index.php\/wp-json\/wp\/v2\/product\/708","targetHints":{"allow":["GET"]}}],"collection":[{"href":"https:\/\/locacaoferramentas.com.br\/index.php\/wp-json\/wp\/v2\/product"}],"about":[{"href":"https:\/\/locacaoferramentas.com.br\/index.php\/wp-json\/wp\/v2\/types\/product"}],"version-history":[{"count":2,"href":"https:\/\/locacaoferramentas.com.br\/index.php\/wp-json\/wp\/v2\/product\/708\/revisions"}],"predecessor-version":[{"id":924,"href":"https:\/\/locacaoferramentas.com.br\/index.php\/wp-json\/wp\/v2\/product\/708\/revisions\/924"}],"wp:featuredmedia":[{"embeddable":true,"href":"https:\/\/locacaoferramentas.com.br\/index.php\/wp-json\/wp\/v2\/media\/709"}],"wp:attachment":[{"href":"https:\/\/locacaoferramentas.com.br\/index.php\/wp-json\/wp\/v2\/media?parent=708"}],"wp:term":[{"taxonomy":"product_cat","embeddable":true,"href":"https:\/\/locacaoferramentas.com.br\/index.php\/wp-json\/wp\/v2\/product_cat?post=708"},{"taxonomy":"product_tag","embeddable":true,"href":"https:\/\/locacaoferramentas.com.br\/index.php\/wp-json\/wp\/v2\/product_tag?post=708"}],"curies":[{"name":"wp","href":"https:\/\/api.w.org\/{rel}","templated":true}]}}