{"id":742,"date":"2022-03-22T20:10:32","date_gmt":"2022-03-22T20:10:32","guid":{"rendered":"https:\/\/locacaoferramentas.com.br\/?post_type=product&#038;p=742"},"modified":"2025-04-28T17:14:05","modified_gmt":"2025-04-28T17:14:05","slug":"martelo-demolidor-5-kg-sds-max-bosch","status":"publish","type":"product","link":"https:\/\/locacaoferramentas.com.br\/index.php\/product\/martelo-demolidor-5-kg-sds-max-bosch\/","title":{"rendered":"MARTELO DEMOLIDOR 5 KG SDS MAX &#8211; BOSCH"},"content":{"rendered":"<h2 class=\"ui-pdp-title\">Martelo Demolidor 5 kg SDS Max &#8211; Bosch<\/h2>\n<h4><\/h4>\n<p>ESPECIFICA\u00c7\u00d5ES:<\/p>\n<p>Tens\u00e3o: 220V<\/p>\n<p>Energia de Impacto: 7,5J<\/p>\n<p>Pot\u00eancia Nominal Absorvida: 1.100W<\/p>\n<p>Impactos Max.: 2.900 i.p.m.<\/p>\n<p>Suporte: SDS Max<\/p>\n<p>Vario Lock: Sim<\/p>\n<p>Lock-On: Sim<\/p>\n<p>Peso: 5,7Kg<\/p>\n<p>Dimens\u00f5es: LxAxC: 103 x 235 x 460mm<\/p>\n<h4>V\u00eddeo explicativo<\/h4>\n<p>Confira no v\u00eddeo abaixo mais informa\u00e7\u00f5es sobre o equipamento:<\/p>\n<p><iframe loading=\"lazy\" title=\"Maior durabilidade, mais compacto e ergon\u00f4mico - Martelo Demolidor GSH 500\" width=\"1220\" height=\"686\" src=\"https:\/\/www.youtube.com\/embed\/n5H0o-gwwTA?start=2&#038;feature=oembed&#038;enablejsapi=1&#038;origin=https:\/\/locacaoferramentas.com.br\" frameborder=\"0\" allow=\"accelerometer; autoplay; clipboard-write; encrypted-media; gyroscope; picture-in-picture; web-share\" referrerpolicy=\"strict-origin-when-cross-origin\" allowfullscreen><\/iframe><\/p>\n<h4>Imagens adicionais<\/h4>\n<p>&nbsp;<\/p>\n<p>&nbsp;<\/p>\n","protected":false},"excerpt":{"rendered":"<p>Mais Leve, Rapido e Confiavel Para Aplicacoes Horizontais.<br \/>\n1100 Watts de Potencia e 7,5J de Energia de Impacto.<br \/>\nSistema de Impacto Aprimorado para Melhor Performance da Ferramenta.<br \/>\nSistema de Troca Rapida de Acessorios SDS-Max.<br \/>\nSistema de Ajuste da Posicao de Cinzeis e Talhadeiras para Maior Conforto do Operador &#8211; Com 1 Mao.<br \/>\nAnel de Selagem de Graxa Para Evitar Vazamentos, Combinado com Tampa de Protecao Contra o Po Que Resultam em Uma Longa Vida Util.<br \/>\nUso Profissional<\/p>\n<h4>Valores:<\/h4>\n<p><strong>Di\u00e1ria<\/strong>: R$ 75,00<br \/>\n<strong>7 dias<\/strong>: R$ 300,00<br \/>\n<strong>15 dias<\/strong>: R$ 500,00<br \/>\n<strong>30 dias<\/strong>: R$ 750,00<\/p>\n","protected":false},"featured_media":820,"template":"","meta":[],"product_cat":[20,30,17,19,24],"product_tag":[],"class_list":["post-742","product","type-product","status-publish","has-post-thumbnail","hentry","product_cat-alvenaria","product_cat-concreto","product_cat-equipamentos-eletricos","product_cat-marcenaria","product_cat-rompedores"],"_links":{"self":[{"href":"https:\/\/locacaoferramentas.com.br\/index.php\/wp-json\/wp\/v2\/product\/742","targetHints":{"allow":["GET"]}}],"collection":[{"href":"https:\/\/locacaoferramentas.com.br\/index.php\/wp-json\/wp\/v2\/product"}],"about":[{"href":"https:\/\/locacaoferramentas.com.br\/index.php\/wp-json\/wp\/v2\/types\/product"}],"version-history":[{"count":3,"href":"https:\/\/locacaoferramentas.com.br\/index.php\/wp-json\/wp\/v2\/product\/742\/revisions"}],"predecessor-version":[{"id":923,"href":"https:\/\/locacaoferramentas.com.br\/index.php\/wp-json\/wp\/v2\/product\/742\/revisions\/923"}],"wp:featuredmedia":[{"embeddable":true,"href":"https:\/\/locacaoferramentas.com.br\/index.php\/wp-json\/wp\/v2\/media\/820"}],"wp:attachment":[{"href":"https:\/\/locacaoferramentas.com.br\/index.php\/wp-json\/wp\/v2\/media?parent=742"}],"wp:term":[{"taxonomy":"product_cat","embeddable":true,"href":"https:\/\/locacaoferramentas.com.br\/index.php\/wp-json\/wp\/v2\/product_cat?post=742"},{"taxonomy":"product_tag","embeddable":true,"href":"https:\/\/locacaoferramentas.com.br\/index.php\/wp-json\/wp\/v2\/product_tag?post=742"}],"curies":[{"name":"wp","href":"https:\/\/api.w.org\/{rel}","templated":true}]}}