{"id":761,"date":"2022-04-06T17:26:54","date_gmt":"2022-04-06T17:26:54","guid":{"rendered":"https:\/\/locacaoferramentas.com.br\/?post_type=product&#038;p=761"},"modified":"2022-08-18T16:52:31","modified_gmt":"2022-08-18T16:52:31","slug":"sopradorvonder","status":"publish","type":"product","link":"https:\/\/locacaoferramentas.com.br\/index.php\/product\/sopradorvonder\/","title":{"rendered":"SOPRADOR COSTAL GASOLINA 42,7CC PROFISSIONAL 1.7HP &#8211; VONDER"},"content":{"rendered":"<h2 class=\"ui-pdp-title\">Soprador Costal Gasolina 42,7cc Profissional 1.7hp &#8211; Vonder<\/h2>\n<p>ESPECIFICA\u00c7\u00d5ES:<\/p>\n<p>Pot\u00eancia: 1,7 hp<\/p>\n<p>Motor: 42,7 cm\u00b3 (cc)<\/p>\n<p>Tipo do motor do soprador: 2 tempos<\/p>\n<p>Sistema de partida: Manual retr\u00e1til<\/p>\n<p>Combust\u00edvel: Gasolina comum com \u00f3leo 2 tempos<\/p>\n<p>Capacidade do tanque do soprador: 1,0 litro<\/p>\n<p>Vaz\u00e3o de sa\u00edda do ar do soprador: 720 m\u00b3\/h<\/p>\n<p>Velocidade m\u00e1xima de sa\u00edda do ar: 260 km\/h<\/p>\n<p>Rota\u00e7\u00e3o m\u00e1xima (rpm): 7000 \/min<\/p>\n<p>Tipo de igni\u00e7\u00e3o: Eletr\u00f4nica<\/p>\n<p>Tipo de refrigera\u00e7\u00e3o: Ar<\/p>\n<p>N\u00edvel de ru\u00eddo (dB): 109<\/p>\n<p>Tipo do carburador: Diafragma<\/p>\n<p>Massa aproximada.: 8,5 kg<\/p>\n<p>&nbsp;<\/p>\n<h4>V\u00eddeo explicativo<\/h4>\n<p>Confira no v\u00eddeo abaixo mais informa\u00e7\u00f5es sobre o equipamento:<\/p>\n<h4>Imagens adicionais<\/h4>\n<p>&nbsp;<\/p>\n<p>&nbsp;<\/p>\n","protected":false},"excerpt":{"rendered":"<p>Soprador Vonder SCV247 &#8211; Indicado para a limpeza de folhas, grama cortada e res\u00edduos. Equipamento compacto, ergon\u00f4mico ajusta facilmente as costas e equipado com sistema Easy Start, que facilita o acionamento da partida manual retr\u00e1til. Possui peso aproximado de 8kg, se trata de um dos mais leves da categoria, facilitando o manuseio.<\/p>\n<h4>Valores:<\/h4>\n<p><strong>Di\u00e1ria<\/strong>: R$ 60,00<br \/>\n<strong>7 dias<\/strong>: R$ 150,00<br \/>\n<strong>15 dias<\/strong>: R$ 220,00<br \/>\n<strong>30 dias<\/strong>: R$ 330,00<\/p>\n","protected":false},"featured_media":824,"template":"","meta":[],"product_cat":[22,27,44],"product_tag":[51,52,53],"class_list":["post-761","product","type-product","status-publish","has-post-thumbnail","hentry","product_cat-equipamentos-a-combustao","product_cat-jardinagem","product_cat-limpeza","product_tag-jardinagem","product_tag-limpeza","product_tag-soprador"],"_links":{"self":[{"href":"https:\/\/locacaoferramentas.com.br\/index.php\/wp-json\/wp\/v2\/product\/761","targetHints":{"allow":["GET"]}}],"collection":[{"href":"https:\/\/locacaoferramentas.com.br\/index.php\/wp-json\/wp\/v2\/product"}],"about":[{"href":"https:\/\/locacaoferramentas.com.br\/index.php\/wp-json\/wp\/v2\/types\/product"}],"version-history":[{"count":1,"href":"https:\/\/locacaoferramentas.com.br\/index.php\/wp-json\/wp\/v2\/product\/761\/revisions"}],"predecessor-version":[{"id":767,"href":"https:\/\/locacaoferramentas.com.br\/index.php\/wp-json\/wp\/v2\/product\/761\/revisions\/767"}],"wp:featuredmedia":[{"embeddable":true,"href":"https:\/\/locacaoferramentas.com.br\/index.php\/wp-json\/wp\/v2\/media\/824"}],"wp:attachment":[{"href":"https:\/\/locacaoferramentas.com.br\/index.php\/wp-json\/wp\/v2\/media?parent=761"}],"wp:term":[{"taxonomy":"product_cat","embeddable":true,"href":"https:\/\/locacaoferramentas.com.br\/index.php\/wp-json\/wp\/v2\/product_cat?post=761"},{"taxonomy":"product_tag","embeddable":true,"href":"https:\/\/locacaoferramentas.com.br\/index.php\/wp-json\/wp\/v2\/product_tag?post=761"}],"curies":[{"name":"wp","href":"https:\/\/api.w.org\/{rel}","templated":true}]}}