{"id":800,"date":"2022-07-27T14:36:46","date_gmt":"2022-07-27T14:36:46","guid":{"rendered":"https:\/\/locacaoferramentas.com.br\/?post_type=product&#038;p=800"},"modified":"2025-04-28T17:10:24","modified_gmt":"2025-04-28T17:10:24","slug":"martelo-perfurador-rompedor-7kg-sds-max-dewalt","status":"publish","type":"product","link":"https:\/\/locacaoferramentas.com.br\/index.php\/product\/martelo-perfurador-rompedor-7kg-sds-max-dewalt\/","title":{"rendered":"MARTELO PERFURADOR\/ROMPEDOR 7KG  SDS MAX &#8211; DEWALT"},"content":{"rendered":"<h2 class=\"ui-pdp-title\">Martelo Perfurador\/Rompedor 7 kg SDS Max &#8211; Dewalt<\/h2>\n<h4><\/h4>\n<p>ESPECIFICA\u00c7\u00d5ES:<\/p>\n<p>Capacidade de Perfura\u00e7\u00e3o 45mm Max.<\/p>\n<p>Velocidade sem Carga 190 &#8211; 380 RPM.<\/p>\n<p>Impactos por minutos 1450 &#8211; 2900 IPM.<\/p>\n<p>Energia de Impacto 10.5 Joules<\/p>\n<p>Pot\u00eancia 1350W<\/p>\n<p>Vibra\u00e7\u00e3o 8.9 m\/s2<\/p>\n<p>Peso 7,8Kg<\/p>\n<h4>V\u00eddeo explicativo<\/h4>\n<p>Confira no v\u00eddeo abaixo mais informa\u00e7\u00f5es sobre o equipamento:<\/p>\n<p><iframe loading=\"lazy\" title=\"DEWALT \u2013 MARTELO PERFURADOR\/ROMPEDOR SDS Max 1-3\/4\u201d (45mm) 1350W \u2013 D25614K\" width=\"1220\" height=\"686\" src=\"https:\/\/www.youtube.com\/embed\/5GBEWCvuJsA?feature=oembed&#038;enablejsapi=1&#038;origin=https:\/\/locacaoferramentas.com.br\" frameborder=\"0\" allow=\"accelerometer; autoplay; clipboard-write; encrypted-media; gyroscope; picture-in-picture; web-share\" referrerpolicy=\"strict-origin-when-cross-origin\" allowfullscreen><\/iframe><\/p>\n<h4>Imagens adicionais<\/h4>\n<p>&nbsp;<\/p>\n<p>&nbsp;<\/p>\n","protected":false},"excerpt":{"rendered":"<p>O Martelo perfurador rompedor 1200W 10,5 joules encaixe D25614K da Dewalt \u00e9 ideal para perfura\u00e7\u00f5es pesadas em concreto usinado e alvenaria. Opera\u00e7\u00f5es de rompimentos em concreto, alvenaria e remo\u00e7\u00f5es de revestimentos em paredes.<br \/>\nO D25614K possui fun\u00e7\u00e3o: Perfurador com Impacto e Rompedor.<br \/>\nEnergia de impacto de 10,5 Joules, rota\u00e7\u00e3o de 190 a 380 rpm para perfura\u00e7\u00f5es r\u00e1pidas e eficientes mesmo nos concretos mais duros.<br \/>\nEncaixe SDS MAX &#8211; Capacidade m\u00e1xima de at\u00e9 45 mm em perfura\u00e7\u00e3o.<br \/>\nSistema anti-vibra\u00e7\u00e3o: reduz a vibra\u00e7\u00e3o transmitida ao usu\u00e1rio em compara\u00e7\u00e3o as ferramentas sem esse sistema.<br \/>\nControle de velocidade constante &#8211; Permite manter o RPM independente da broca ou profundidade da perfura\u00e7\u00e3o.<br \/>\nSeletor de velocidade vari\u00e1vel &#8211; Para maior controle em perfura\u00e7\u00f5es iniciais e aplica\u00e7\u00f5es de rompimento.<br \/>\nUso Profissional<\/p>\n<h4>Valores:<\/h4>\n<p><strong>Di\u00e1ria<\/strong>: R$ 75,00<br \/>\n<strong>7 dias<\/strong>: R$ 300,00<br \/>\n<strong>15 dias<\/strong>: R$ 500,00<br \/>\n<strong>30 dias<\/strong>: R$ 750,00<\/p>\n","protected":false},"featured_media":821,"template":"","meta":[],"product_cat":[20,30,17,19,24],"product_tag":[],"class_list":["post-800","product","type-product","status-publish","has-post-thumbnail","hentry","product_cat-alvenaria","product_cat-concreto","product_cat-equipamentos-eletricos","product_cat-marcenaria","product_cat-rompedores"],"_links":{"self":[{"href":"https:\/\/locacaoferramentas.com.br\/index.php\/wp-json\/wp\/v2\/product\/800","targetHints":{"allow":["GET"]}}],"collection":[{"href":"https:\/\/locacaoferramentas.com.br\/index.php\/wp-json\/wp\/v2\/product"}],"about":[{"href":"https:\/\/locacaoferramentas.com.br\/index.php\/wp-json\/wp\/v2\/types\/product"}],"version-history":[{"count":3,"href":"https:\/\/locacaoferramentas.com.br\/index.php\/wp-json\/wp\/v2\/product\/800\/revisions"}],"predecessor-version":[{"id":921,"href":"https:\/\/locacaoferramentas.com.br\/index.php\/wp-json\/wp\/v2\/product\/800\/revisions\/921"}],"wp:featuredmedia":[{"embeddable":true,"href":"https:\/\/locacaoferramentas.com.br\/index.php\/wp-json\/wp\/v2\/media\/821"}],"wp:attachment":[{"href":"https:\/\/locacaoferramentas.com.br\/index.php\/wp-json\/wp\/v2\/media?parent=800"}],"wp:term":[{"taxonomy":"product_cat","embeddable":true,"href":"https:\/\/locacaoferramentas.com.br\/index.php\/wp-json\/wp\/v2\/product_cat?post=800"},{"taxonomy":"product_tag","embeddable":true,"href":"https:\/\/locacaoferramentas.com.br\/index.php\/wp-json\/wp\/v2\/product_tag?post=800"}],"curies":[{"name":"wp","href":"https:\/\/api.w.org\/{rel}","templated":true}]}}