{"id":853,"date":"2023-05-02T12:51:22","date_gmt":"2023-05-02T12:51:22","guid":{"rendered":"https:\/\/locacaoferramentas.com.br\/?post_type=product&#038;p=853"},"modified":"2023-10-11T19:15:59","modified_gmt":"2023-10-11T19:15:59","slug":"cortador-de-parede-vonder","status":"publish","type":"product","link":"https:\/\/locacaoferramentas.com.br\/index.php\/product\/cortador-de-parede-vonder\/","title":{"rendered":"CORTADORA DE PAREDE 1500W COM  2 DISCOS -VONDER"},"content":{"rendered":"<h2 class=\"ui-pdp-title\">Cortador De Parede Vonder 1500w Com 2 Discos<\/h2>\n<p>ESPECIFICA\u00c7\u00d5ES:<\/p>\n<ul class=\"ui-pdp-list__wrapper\">\n<li class=\"ui-pdp-list__item\">\n<p class=\"ui-pdp-family--REGULAR ui-pdp-list__text\"><span class=\"ui-pdp-color--BLACK ui-pdp-size--XSMALL ui-pdp-family--BOLD\">Pot\u00eancia<\/span>: 1500 W<\/p>\n<\/li>\n<li class=\"ui-pdp-list__item\">\n<p class=\"ui-pdp-family--REGULAR ui-pdp-list__text\"><span class=\"ui-pdp-color--BLACK ui-pdp-size--XSMALL ui-pdp-family--BOLD\">Profundidade m\u00e1xima de corte<\/span>: 30 mm<\/p>\n<\/li>\n<\/ul>\n<ul class=\"ui-pdp-list__wrapper\">\n<li class=\"ui-pdp-list__item\">\n<p class=\"ui-pdp-family--REGULAR ui-pdp-list__text\"><span class=\"ui-pdp-color--BLACK ui-pdp-size--XSMALL ui-pdp-family--BOLD\">Peso<\/span>: 64 kg<\/p>\n<\/li>\n<li class=\"ui-pdp-list__item\">\n<p class=\"ui-pdp-family--REGULAR ui-pdp-list__text\"><span class=\"ui-pdp-color--BLACK ui-pdp-size--XSMALL ui-pdp-family--BOLD\">Tipo de produto<\/span>: Cortador de parede<\/p>\n<\/li>\n<\/ul>\n<ul class=\"ui-pdp-list__wrapper\">\n<li class=\"ui-pdp-list__item\">\n<p class=\"ui-pdp-family--REGULAR ui-pdp-list__text\"><span class=\"ui-pdp-color--BLACK ui-pdp-size--XSMALL ui-pdp-family--BOLD\">Materiais aptos<\/span>: Alvenaria<\/p>\n<\/li>\n<li class=\"ui-pdp-list__item\">\n<p class=\"ui-pdp-family--REGULAR ui-pdp-list__text\"><span class=\"ui-pdp-color--BLACK ui-pdp-size--XSMALL ui-pdp-family--BOLD\">Fonte de energia<\/span>: Eletricidade<\/p>\n<\/li>\n<\/ul>\n<ul class=\"ui-pdp-list__wrapper\">\n<li class=\"ui-pdp-list__item\">\n<p class=\"ui-pdp-family--REGULAR ui-pdp-list__text\"><span class=\"ui-pdp-color--BLACK ui-pdp-size--XSMALL ui-pdp-family--BOLD\">\u00c9 industrial<\/span>: N\u00e3o<\/p>\n<\/li>\n<\/ul>\n<ul class=\"ui-pdp-list__wrapper\">\n<li class=\"ui-pdp-list__item\">\n<p class=\"ui-pdp-family--REGULAR ui-pdp-list__text\"><span class=\"ui-pdp-color--BLACK ui-pdp-size--XSMALL ui-pdp-family--BOLD\">Velocidade de rota\u00e7\u00e3o<\/span>: 8500 rpm<\/p>\n<\/li>\n<li class=\"ui-pdp-list__item\">\n<p class=\"ui-pdp-family--REGULAR ui-pdp-list__text\">Di\u00e2metro disco de corte: 125 mm<\/p>\n<\/li>\n<\/ul>\n<h4>Imagens adicionais<\/h4>\n<p><iframe loading=\"lazy\" title=\"CPW 1500 - INSTRU\u00c7\u00d5ES DE MONTAGEM E USO\" width=\"1220\" height=\"686\" src=\"https:\/\/www.youtube.com\/embed\/rmr-fGbckV4?start=125&#038;feature=oembed\" frameborder=\"0\" allow=\"accelerometer; autoplay; clipboard-write; encrypted-media; gyroscope; picture-in-picture; web-share\" allowfullscreen><\/iframe><\/p>\n<p>&nbsp;<\/p>\n<p>&nbsp;<\/p>\n","protected":false},"excerpt":{"rendered":"<p>Indicado para cortar paredes e fazer aberturas e canais em alvenaria para coloca\u00e7\u00e3o de condu\u00edtes, tubula\u00e7\u00f5es, entre outras aplica\u00e7\u00f5es. Uso obrigat\u00f3rio de aspirador de p\u00f3.<br \/>\nTrabalha com 2 discos diamantados em paralelo, agilizando o trabalho na abertura de canaletas e proporcionando maior precis\u00e3o. Possui bocal para extra\u00e7\u00e3o do p\u00f3 para adapta\u00e7\u00e3o de aspirador (n\u00e3o acompanha aspirador), proporcionando menor incid\u00eancia de poeira no ambiente e maior durabilidade dos discos diamantados.<\/p>\n<h4>Valores:<\/h4>\n<p><strong>Di\u00e1ria<\/strong>: R$ 65,00<br \/>\n<strong>7 dias<\/strong>: R$ 260,00<br \/>\n<strong>15 dias<\/strong>: R$ 455,00<br \/>\n<strong>30 dias<\/strong>: R$ 650,00<\/p>\n","protected":false},"featured_media":856,"template":"","meta":[],"product_cat":[20,17],"product_tag":[],"class_list":["post-853","product","type-product","status-publish","has-post-thumbnail","hentry","product_cat-alvenaria","product_cat-equipamentos-eletricos"],"_links":{"self":[{"href":"https:\/\/locacaoferramentas.com.br\/index.php\/wp-json\/wp\/v2\/product\/853","targetHints":{"allow":["GET"]}}],"collection":[{"href":"https:\/\/locacaoferramentas.com.br\/index.php\/wp-json\/wp\/v2\/product"}],"about":[{"href":"https:\/\/locacaoferramentas.com.br\/index.php\/wp-json\/wp\/v2\/types\/product"}],"version-history":[{"count":2,"href":"https:\/\/locacaoferramentas.com.br\/index.php\/wp-json\/wp\/v2\/product\/853\/revisions"}],"predecessor-version":[{"id":900,"href":"https:\/\/locacaoferramentas.com.br\/index.php\/wp-json\/wp\/v2\/product\/853\/revisions\/900"}],"wp:featuredmedia":[{"embeddable":true,"href":"https:\/\/locacaoferramentas.com.br\/index.php\/wp-json\/wp\/v2\/media\/856"}],"wp:attachment":[{"href":"https:\/\/locacaoferramentas.com.br\/index.php\/wp-json\/wp\/v2\/media?parent=853"}],"wp:term":[{"taxonomy":"product_cat","embeddable":true,"href":"https:\/\/locacaoferramentas.com.br\/index.php\/wp-json\/wp\/v2\/product_cat?post=853"},{"taxonomy":"product_tag","embeddable":true,"href":"https:\/\/locacaoferramentas.com.br\/index.php\/wp-json\/wp\/v2\/product_tag?post=853"}],"curies":[{"name":"wp","href":"https:\/\/api.w.org\/{rel}","templated":true}]}}